{"id":719540,"date":"2025-08-27T18:23:18","date_gmt":"2025-08-27T15:23:18","guid":{"rendered":"https:\/\/roveyayinevi.com.tr\/index.php\/urun\/muhr-u-kalp\/"},"modified":"2026-04-16T02:27:36","modified_gmt":"2026-04-15T23:27:36","slug":"muhr-u-kalp","status":"publish","type":"product","link":"https:\/\/roveyayinevi.com.tr\/index.php\/urun\/muhr-u-kalp\/","title":{"rendered":"M\u00fchr-\u00fc Kalp"},"content":{"rendered":"<p>\u201cCenneti d\u0131\u015far\u0131da arama, o senin \u2018A\u015fk\u2019 ile yanan y\u00fcre\u011finde sakl\u0131!\u201dA\u015fk&#8230; Tarih&#8230; Polisiye&#8230; Yine hepsi bir arada!G\u00fcne\u015fini bekleyen bir a\u015fk\u0131n umudu, anla\u015f\u0131lan ger\u00e7eklerle yeniden filizleniyor&#8230;Hamza\u2019n\u0131n ya\u015fad\u0131\u011f\u0131n\u0131 \u00f6\u011frenen G\u00fclpare\u2019nin tekrar \u00e7arpmaya ba\u015flayan safderun y\u00fcre\u011fi, onlar\u0131 bir araya getirmemekte direnen fele\u011fin oyunlar\u0131, Osmanl\u0131\u2019y\u0131 ve bu a\u015fk\u0131 yakmaya \u00e7al\u0131\u015fan isyan\u0131n i\u00e7inden y\u00fckselen ba\u015fka bir isyan\u0131n k\u0131v\u0131lc\u0131mlar\u0131&#8230;\u0130hanet ate\u015fi kald\u0131\u011f\u0131 yerden, bu sefer daha g\u00fc\u00e7l\u00fc \u015fekilde y\u00fckselerek ba\u015f g\u00f6steriyor!Kad\u0131 Rauf Efendi, \u0130brahim Pa\u015fa, Kor Cevat, R\u0131fk\u0131, Hamza, G\u00fclpare, Semiha Han\u0131m ve hi\u00e7 beklenmeyen yeni isimler\u2026 Tuzaklarla dolu d\u00fc\u011f\u00fcn gecesinde silahlar isyanc\u0131lara de\u011fil, Kad\u0131 Rauf Efendi ve ailesine \u00e7evrildi\u011finde t\u00fcm ger\u00e7ekler su y\u00fcz\u00fcne \u00e7\u0131kacak m\u0131?Dahas\u0131 Hamza ve G\u00fclpare\u2019nin a\u015fk\u0131na uzat\u0131lan her ate\u015f, bu a\u015fk\u0131 yeniden alevlendirebilecek mi?Sezgin Irmak\u2019tan soluk solu\u011fa okudu\u011funuz Zehr-i Bal serisinin bu g\u00fc\u00e7l\u00fc ve heyecan verici ikinci kitab\u0131 M\u00fchr-\u00fc Kalp, y\u00fcre\u011finize dokunmay\u0131 vadediyor.<\/p>\n","protected":false},"excerpt":{"rendered":"<p>\u201cCenneti d\u0131\u015far\u0131da arama, o senin \u2018A\u015fk\u2019 ile yanan y\u00fcre\u011finde sakl\u0131!\u201dA\u015fk&#8230; Tarih&#8230; Polisiye&#8230; Yine hepsi bir arada!G\u00fcne\u015fini bekleyen bir a\u015fk\u0131n umudu, anla\u015f\u0131lan ger\u00e7eklerle yeniden filizleniyor&#8230;Hamza\u2019n\u0131n ya\u015fad\u0131\u011f\u0131n\u0131 \u00f6\u011frenen<span class=\"excerpt-hellip\"> [\u2026]<\/span><\/p>\n","protected":false},"featured_media":0,"template":"","meta":{"_monsterinsights_skip_tracking":false,"_monsterinsights_sitenote_active":false,"_monsterinsights_sitenote_note":"","_monsterinsights_sitenote_category":0},"product_brand":[],"product_cat":[12291,12711],"product_tag":[],"class_list":{"0":"post-719540","1":"product","2":"type-product","3":"status-publish","5":"product_cat-edebiyat","6":"product_cat-roman-oyku","7":"pa_cilt-ciltsiz","8":"pa_tur-kitap","9":"pa_yayinevi-portakal-kitap","10":"pa_yazar-sezgin-irmak","12":"first","13":"instock","14":"sale","15":"shipping-taxable","16":"purchasable","17":"product-type-simple"},"_links":{"self":[{"href":"https:\/\/roveyayinevi.com.tr\/index.php\/wp-json\/wp\/v2\/product\/719540","targetHints":{"allow":["GET"]}}],"collection":[{"href":"https:\/\/roveyayinevi.com.tr\/index.php\/wp-json\/wp\/v2\/product"}],"about":[{"href":"https:\/\/roveyayinevi.com.tr\/index.php\/wp-json\/wp\/v2\/types\/product"}],"wp:attachment":[{"href":"https:\/\/roveyayinevi.com.tr\/index.php\/wp-json\/wp\/v2\/media?parent=719540"}],"wp:term":[{"taxonomy":"product_brand","embeddable":true,"href":"https:\/\/roveyayinevi.com.tr\/index.php\/wp-json\/wp\/v2\/product_brand?post=719540"},{"taxonomy":"product_cat","embeddable":true,"href":"https:\/\/roveyayinevi.com.tr\/index.php\/wp-json\/wp\/v2\/product_cat?post=719540"},{"taxonomy":"product_tag","embeddable":true,"href":"https:\/\/roveyayinevi.com.tr\/index.php\/wp-json\/wp\/v2\/product_tag?post=719540"}],"curies":[{"name":"wp","href":"https:\/\/api.w.org\/{rel}","templated":true}]}}