{"id":719538,"date":"2025-08-27T18:23:17","date_gmt":"2025-08-27T15:23:17","guid":{"rendered":"https:\/\/roveyayinevi.com.tr\/index.php\/urun\/anna-karenina-2-cilt-takim\/"},"modified":"2026-04-16T02:27:36","modified_gmt":"2026-04-15T23:27:36","slug":"anna-karenina-2-cilt-takim","status":"publish","type":"product","link":"https:\/\/roveyayinevi.com.tr\/index.php\/urun\/anna-karenina-2-cilt-takim\/","title":{"rendered":"Anna Karenina (2 Cilt Tak\u0131m)"},"content":{"rendered":"<p>Anna Karenina 1. CiltTolstoy\u2019un \u201cm\u00fcrekkep hokkas\u0131n\u0131n i\u00e7ine v\u00fccudundan etler b\u0131rakarak\u201d yazd\u0131\u011f\u0131n\u0131 s\u00f6yledi\u011fi \u00f6l\u00fcms\u00fcz roman\u0131 Anna Karenina\u2026Roman sanat\u0131na dair ders niteli\u011findeki i\u015fleni\u015fi, i\u00e7erdi\u011fi zenginlik, estetik de\u011ferinin y\u00fcksekli\u011fi ile g\u00fczelli\u011fin simgesi Anna Karenina\u2026Okumu\u015f olmayla olmaman\u0131n ya\u015fama bak\u0131\u015f\u0131 do\u011frudan etkiledi\u011fi, okurun, \u201csayfalar\u0131n i\u00e7ine ruhumdan kabuklar b\u0131rakt\u0131m\u201d diyece\u011fi romanlardan Anna Karenina\u2026Do\u011fa, toplum, insan tasvirleriyle Tolstoy\u2019un dehas\u0131n\u0131n incelikli bir \u00f6rne\u011fi olan roman, g\u00fcc\u00fcn\u00fc, insan\u0131n temel sorular\u0131ndan al\u0131r: \u0130nsan ne i\u00e7in ya\u015far? \u0130yi, kitapta okunacak kadar y\u00fczeyde mi, hisle bulunacakkadar derinde midir? \u0130kiy\u00fczl\u00fc bir toplumda erdem nerededir? Sadakati belirleyen nedir? Mutlu olmak m\u00fcmk\u00fcn m\u00fcd\u00fcr? A\u015fk, ele ge\u00e7irdi\u011fi varl\u0131\u011fa g\u00f6re mi bi\u00e7im al\u0131r, yoksa a\u015fk\u0131n o varl\u0131\u011f\u0131 de\u011fi\u015ftiren bir g\u00fcc\u00fc m\u00fc vard\u0131r?Tolstoy\u2019un ana karakterleriyle birlikte d\u00fcnyan\u0131n her k\u00f6\u015fesinden milyonlarca okur, y\u00fcz k\u0131rk y\u0131ld\u0131r benzer sorular sorarak, benzer aray\u0131\u015flara kap\u0131ld\u0131. Siz de kap\u0131lacaks\u0131n\u0131z. Sormayaca\u011f\u0131n\u0131z tek soru, \u201ca\u015fk buna de\u011fer mi\u201d olacak. \u00c7\u00fcnk\u00fc Tolstoy\u2019un ruhunuzun derin sular\u0131na att\u0131\u011f\u0131 bu ta\u015fla y\u00fckselen kumlar, size cevab\u0131 \u00e7oktan f\u0131s\u0131ldam\u0131\u015f olacak. Onun, t\u00fcm karakterlerini anlamam\u0131z\u0131 sa\u011flayan o bilge \u0131\u015f\u0131\u011f\u0131yla; hakl\u0131 ve haks\u0131z\u2019\u0131, iyi ve k\u00f6t\u00fc\u2019y\u00fc, do\u011fru ve yanl\u0131\u015f\u2019\u0131 siz de tekrar d\u00fc\u015f\u00fcneceksiniz.Yordam Edebiyat bu b\u00fcy\u00fck eseri, Rus\u00e7a \u00e7evirinin duayeni Hasan Ali Ediz\u2019in T\u00fcrk\u00e7esiyle sunmaktan gurur duyuyor. Beklentisi y\u00fcksek okurlar i\u00e7in\u2026Anna Karenina 2. CiltTolstoy\u2019un \u201cm\u00fcrekkep hokkas\u0131n\u0131n i\u00e7ine v\u00fccudundan etler b\u0131rakarak\u201d yazd\u0131\u011f\u0131n\u0131 s\u00f6yledi\u011fi \u00f6l\u00fcms\u00fcz roman\u0131 Anna Karenina\u2026Roman sanat\u0131na dair ders niteli\u011findeki i\u015fleni\u015fi, i\u00e7erdi\u011fi zenginlik, estetik de\u011ferinin y\u00fcksekli\u011fi ile g\u00fczelli\u011fin simgesi Anna Karenina\u2026Okumu\u015f olmayla olmaman\u0131n ya\u015fama bak\u0131\u015f\u0131 do\u011frudan etkiledi\u011fi, okurun, \u201csayfalar\u0131n i\u00e7ine ruhumdan kabuklar b\u0131rakt\u0131m\u201d diyece\u011fi romanlardan Anna Karenina\u2026Do\u011fa, toplum, insan tasvirleriyle Tolstoy\u2019un dehas\u0131n\u0131n incelikli bir \u00f6rne\u011fi olan roman, g\u00fcc\u00fcn\u00fc, insan\u0131n temel sorular\u0131ndan al\u0131r: \u0130nsan ne i\u00e7in ya\u015far? \u0130yi, kitapta okunacak kadar y\u00fczeyde mi, hisle bulunacakkadar derinde midir? \u0130kiy\u00fczl\u00fc bir toplumda erdem nerededir? Sadakati belirleyen nedir? Mutlu olmak m\u00fcmk\u00fcn m\u00fcd\u00fcr? A\u015fk, ele ge\u00e7irdi\u011fi varl\u0131\u011fa g\u00f6re mi bi\u00e7im al\u0131r, yoksa a\u015fk\u0131n o varl\u0131\u011f\u0131 de\u011fi\u015ftiren bir g\u00fcc\u00fc m\u00fc vard\u0131r?Tolstoy\u2019un ana karakterleriyle birlikte d\u00fcnyan\u0131n her k\u00f6\u015fesinden milyonlarca okur, y\u00fcz k\u0131rk y\u0131ld\u0131r benzer sorular sorarak, benzer aray\u0131\u015flara kap\u0131ld\u0131. Siz de kap\u0131lacaks\u0131n\u0131z. Sormayaca\u011f\u0131n\u0131z tek soru, \u201ca\u015fk buna de\u011fer mi\u201d olacak. \u00c7\u00fcnk\u00fc Tolstoy\u2019un ruhunuzun derin sular\u0131na att\u0131\u011f\u0131 bu ta\u015fla y\u00fckselen kumlar, size cevab\u0131 \u00e7oktan f\u0131s\u0131ldam\u0131\u015f olacak. Onun, t\u00fcm karakterlerini anlamam\u0131z\u0131 sa\u011flayan o bilge \u0131\u015f\u0131\u011f\u0131yla; hakl\u0131 ve haks\u0131z\u2019\u0131, iyi ve k\u00f6t\u00fc\u2019y\u00fc, do\u011fru ve yanl\u0131\u015f\u2019\u0131 siz de tekrar d\u00fc\u015f\u00fcneceksiniz.Yordam Edebiyat bu b\u00fcy\u00fck eseri, Rus\u00e7a \u00e7evirinin duayeni Hasan Ali Ediz\u2019in T\u00fcrk\u00e7esiyle sunmaktan gurur duyuyor. Beklentisi y\u00fcksek okurlar i\u00e7in\u2026<\/p>\n","protected":false},"excerpt":{"rendered":"<p>Anna Karenina 1. CiltTolstoy\u2019un \u201cm\u00fcrekkep hokkas\u0131n\u0131n i\u00e7ine v\u00fccudundan etler b\u0131rakarak\u201d yazd\u0131\u011f\u0131n\u0131 s\u00f6yledi\u011fi \u00f6l\u00fcms\u00fcz roman\u0131 Anna Karenina\u2026Roman sanat\u0131na dair ders niteli\u011findeki i\u015fleni\u015fi, i\u00e7erdi\u011fi zenginlik, estetik de\u011ferinin y\u00fcksekli\u011fi<span class=\"excerpt-hellip\"> [\u2026]<\/span><\/p>\n","protected":false},"featured_media":0,"template":"","meta":{"_monsterinsights_skip_tracking":false,"_monsterinsights_sitenote_active":false,"_monsterinsights_sitenote_note":"","_monsterinsights_sitenote_category":0},"product_brand":[],"product_cat":[12291,13570],"product_tag":[],"class_list":{"0":"post-719538","1":"product","2":"type-product","3":"status-publish","5":"product_cat-edebiyat","6":"product_cat-rus-edebiyati","7":"pa_cilt-ciltsiz","8":"pa_tur-kitap","9":"pa_yayinevi-yordam-kitap","10":"pa_yazar-lev-nikolayevic-tolstoy","12":"first","13":"instock","14":"sale","15":"shipping-taxable","16":"purchasable","17":"product-type-simple"},"_links":{"self":[{"href":"https:\/\/roveyayinevi.com.tr\/index.php\/wp-json\/wp\/v2\/product\/719538","targetHints":{"allow":["GET"]}}],"collection":[{"href":"https:\/\/roveyayinevi.com.tr\/index.php\/wp-json\/wp\/v2\/product"}],"about":[{"href":"https:\/\/roveyayinevi.com.tr\/index.php\/wp-json\/wp\/v2\/types\/product"}],"wp:attachment":[{"href":"https:\/\/roveyayinevi.com.tr\/index.php\/wp-json\/wp\/v2\/media?parent=719538"}],"wp:term":[{"taxonomy":"product_brand","embeddable":true,"href":"https:\/\/roveyayinevi.com.tr\/index.php\/wp-json\/wp\/v2\/product_brand?post=719538"},{"taxonomy":"product_cat","embeddable":true,"href":"https:\/\/roveyayinevi.com.tr\/index.php\/wp-json\/wp\/v2\/product_cat?post=719538"},{"taxonomy":"product_tag","embeddable":true,"href":"https:\/\/roveyayinevi.com.tr\/index.php\/wp-json\/wp\/v2\/product_tag?post=719538"}],"curies":[{"name":"wp","href":"https:\/\/api.w.org\/{rel}","templated":true}]}}