{"id":719534,"date":"2025-08-27T18:23:14","date_gmt":"2025-08-27T15:23:14","guid":{"rendered":"https:\/\/roveyayinevi.com.tr\/index.php\/urun\/cesme-ve-ruzgar\/"},"modified":"2026-04-16T02:27:36","modified_gmt":"2026-04-15T23:27:36","slug":"cesme-ve-ruzgar","status":"publish","type":"product","link":"https:\/\/roveyayinevi.com.tr\/index.php\/urun\/cesme-ve-ruzgar\/","title":{"rendered":"\u00c7e\u015fme ve R\u00fczgar"},"content":{"rendered":"<p>\u00c7engelk\u00f6y Lahana \u00c7e\u015fmesi ile ya\u015fad\u0131\u011f\u0131 \u00e7evreyi ve tarihi merak eden bir \u00e7ocu\u011fun s\u0131cac\u0131k hik\u00e2yesi&#8230;Soka\u011fa her ad\u0131m att\u0131\u011f\u0131nda R\u00fczg\u00e2r\u2019\u0131n kar\u015f\u0131s\u0131na \u00e7\u0131kan \u015fu tuhaf ta\u015f da ne? Heykel desen de\u011fil, an\u0131t desen de\u011fil&#8230; Direk dayama ta\u015f\u0131 m\u0131 acaba? Belki de \u00e7\u00f6p atma ta\u015f\u0131d\u0131r. Yoksa bu unutulmu\u015f bir \u00e7e\u015fme mi?Resim \u00f6\u011fretmenleri bir g\u00fcn okul gezisi d\u00fczenler ve R\u00fczg\u00e2r ile s\u0131n\u0131f arkada\u015flar\u0131n\u0131 \u00c7engelk\u00f6y\u2019deki Lahana \u00c7e\u015fmesi\u2019ne g\u00f6t\u00fcr\u00fcr. Osmanl\u0131 d\u00f6neminde yap\u0131lan bu \u00e7e\u015fmenin tarihini \u00f6\u011frenen R\u00fczg\u00e2r, o g\u00fcnden sonra unutulmu\u015f ve unutulduk\u00e7a kald\u0131r\u0131m\u0131n i\u00e7ine g\u00f6m\u00fclm\u00fc\u015f bu \u00e7e\u015fmeyi fark eder. Me\u011fer \u00e7e\u015fme herkes i\u00e7in farkl\u0131 bir anlam ifade etmektedir: R\u00fczgar\u2019\u0131n dedesi i\u00e7in dinlenme ta\u015f\u0131yken, yoldan ge\u00e7enler i\u00e7in poz verme ta\u015f\u0131d\u0131r. Mahallelilerin \u00e7ocukluk hat\u0131ralar\u0131nda iz b\u0131rakan bu \u00e7e\u015fme, R\u00fczg\u00e2r\u2019\u0131n an\u0131lar\u0131nda da apayr\u0131 bir yer edecektir.Deneyimli yazar Simla Sunay bu \u00f6yk\u00fcs\u00fcnde bizlere \u00c7engelk\u00f6y Lahana \u00c7e\u015fmesi\u2019ni, ya\u015fad\u0131\u011f\u0131 \u00e7evreyi fark eden bir \u00e7ocu\u011fun \u00f6yk\u00fcs\u00fc ile hat\u0131rlat\u0131yor. \u00c7e\u015fmenin tarihini de bizlere k\u0131saca anlatan bu \u00f6yk\u00fc, Reha Bar\u0131\u015f\u2019\u0131n detayl\u0131 suluboya \u00e7izimleriyle hayat buluyor.<\/p>\n","protected":false},"excerpt":{"rendered":"<p>\u00c7engelk\u00f6y Lahana \u00c7e\u015fmesi ile ya\u015fad\u0131\u011f\u0131 \u00e7evreyi ve tarihi merak eden bir \u00e7ocu\u011fun s\u0131cac\u0131k hik\u00e2yesi&#8230;Soka\u011fa her ad\u0131m att\u0131\u011f\u0131nda R\u00fczg\u00e2r\u2019\u0131n kar\u015f\u0131s\u0131na \u00e7\u0131kan \u015fu tuhaf ta\u015f da ne? Heykel<span class=\"excerpt-hellip\"> [\u2026]<\/span><\/p>\n","protected":false},"featured_media":0,"template":"","meta":{"_monsterinsights_skip_tracking":false,"_monsterinsights_sitenote_active":false,"_monsterinsights_sitenote_note":"","_monsterinsights_sitenote_category":0},"product_brand":[],"product_cat":[12274,12284],"product_tag":[],"class_list":{"0":"post-719534","1":"product","2":"type-product","3":"status-publish","5":"product_cat-cocuk-ve-genclik-kitaplari","6":"product_cat-hikayeler","7":"pa_cilt-ciltsiz","8":"pa_tur-kitap","9":"pa_yayinevi-redhouse-kidz-yayinlari","10":"pa_yazar-simla-sunay","12":"first","13":"instock","14":"sale","15":"shipping-taxable","16":"purchasable","17":"product-type-simple"},"_links":{"self":[{"href":"https:\/\/roveyayinevi.com.tr\/index.php\/wp-json\/wp\/v2\/product\/719534","targetHints":{"allow":["GET"]}}],"collection":[{"href":"https:\/\/roveyayinevi.com.tr\/index.php\/wp-json\/wp\/v2\/product"}],"about":[{"href":"https:\/\/roveyayinevi.com.tr\/index.php\/wp-json\/wp\/v2\/types\/product"}],"wp:attachment":[{"href":"https:\/\/roveyayinevi.com.tr\/index.php\/wp-json\/wp\/v2\/media?parent=719534"}],"wp:term":[{"taxonomy":"product_brand","embeddable":true,"href":"https:\/\/roveyayinevi.com.tr\/index.php\/wp-json\/wp\/v2\/product_brand?post=719534"},{"taxonomy":"product_cat","embeddable":true,"href":"https:\/\/roveyayinevi.com.tr\/index.php\/wp-json\/wp\/v2\/product_cat?post=719534"},{"taxonomy":"product_tag","embeddable":true,"href":"https:\/\/roveyayinevi.com.tr\/index.php\/wp-json\/wp\/v2\/product_tag?post=719534"}],"curies":[{"name":"wp","href":"https:\/\/api.w.org\/{rel}","templated":true}]}}