{"id":719521,"date":"2025-08-27T18:23:04","date_gmt":"2025-08-27T15:23:04","guid":{"rendered":"https:\/\/roveyayinevi.com.tr\/index.php\/urun\/bulutunu-arayan-su-damlasi\/"},"modified":"2026-04-16T02:27:36","modified_gmt":"2026-04-15T23:27:36","slug":"bulutunu-arayan-su-damlasi","status":"publish","type":"product","link":"https:\/\/roveyayinevi.com.tr\/index.php\/urun\/bulutunu-arayan-su-damlasi\/","title":{"rendered":"Bulutunu Arayan Su Damlas\u0131"},"content":{"rendered":"<p>Merakl\u0131 Gezginler Serisi, d\u00f6rd\u00fcnc\u00fc kitab\u0131yla tamamlan\u0131yor!Serinin son kitab\u0131 Bulutunu Arayan Su Damlas\u0131&#8217;nda bir su damlas\u0131n\u0131n maceras\u0131na e\u015flik ediyoruz. Hen\u00fcz bir t\u0131rt\u0131lken tan\u0131d\u0131\u011f\u0131m\u0131z kelebek art\u0131k bu kitapta g\u00f6zlerini kapatmak \u00fczeredir. Onu u\u011furlarken Ay\u015fe&#8217;nin g\u00f6z\u00fcnden akan bir damla ya\u015f, d\u00f6rd\u00fcnc\u00fc ve son kitab\u0131n ba\u015f kahraman\u0131 oluyor.Bu su damlas\u0131yla birlikte bulutlar\u0131n \u00fczerinde, d\u00f6rt farkl\u0131 mevsimi geziyoruz. Yana a\u00e7\u0131lan sayfalar sayesinde ilkbahar, yaz, sonbahar ve k\u0131\u015f mevsimlerini detayl\u0131 bir \u015fekilde inceleyebiliyoruz. Ayr\u0131ca \u00e7ocuklar bu b\u00f6l\u00fcmler sayesinde mevsim d\u00f6n\u00fc\u015f\u00fcmlerini \u00f6\u011frenerek, farkl\u0131 mevsimlerde do\u011fan\u0131n ve hayvanlar\u0131n nas\u0131l de\u011fi\u015fti\u011fini g\u00f6rebiliyorlar.T\u00fclin Koziko\u011flu&#8217;nun kafiyeli bir dille yazd\u0131\u011f\u0131, Burcu Musselwhite&#8217;\u0131n reng\u00e2renk resimleriyle betimledi\u011fi bu kitap bizlere ayn\u0131 zamanda ya\u015fam d\u00f6ng\u00fcs\u00fcn\u00fc de g\u00f6steriyor. Minik bir yumurtadan \u00e7\u0131kan t\u0131rt\u0131l ile ba\u015flanan seride yine ba\u015fka bir t\u0131rt\u0131l ile veda ederek, \u00f6l\u00fcm ve yeniden do\u011fu\u015f gibi nazik konular \u00e7ok ho\u015f bir \u015fekilde \u00e7ocuklara sunuluyor.Su damlas\u0131 ile bulutlar\u0131n \u00fczerinde gezinmeye ne dersiniz?<\/p>\n","protected":false},"excerpt":{"rendered":"<p>Merakl\u0131 Gezginler Serisi, d\u00f6rd\u00fcnc\u00fc kitab\u0131yla tamamlan\u0131yor!Serinin son kitab\u0131 Bulutunu Arayan Su Damlas\u0131&#8217;nda bir su damlas\u0131n\u0131n maceras\u0131na e\u015flik ediyoruz. Hen\u00fcz bir t\u0131rt\u0131lken tan\u0131d\u0131\u011f\u0131m\u0131z kelebek art\u0131k bu kitapta<span class=\"excerpt-hellip\"> [\u2026]<\/span><\/p>\n","protected":false},"featured_media":0,"template":"","meta":{"_monsterinsights_skip_tracking":false,"_monsterinsights_sitenote_active":false,"_monsterinsights_sitenote_note":"","_monsterinsights_sitenote_category":0},"product_brand":[],"product_cat":[12274,12523],"product_tag":[],"class_list":{"0":"post-719521","1":"product","2":"type-product","3":"status-publish","5":"product_cat-cocuk-ve-genclik-kitaplari","6":"product_cat-masallar","7":"pa_cilt-ciltsiz","8":"pa_tur-kitap","9":"pa_yayinevi-redhouse-kidz-yayinlari","10":"pa_yazar-tulin-kozikoglu","12":"first","13":"instock","14":"sale","15":"shipping-taxable","16":"purchasable","17":"product-type-simple"},"_links":{"self":[{"href":"https:\/\/roveyayinevi.com.tr\/index.php\/wp-json\/wp\/v2\/product\/719521","targetHints":{"allow":["GET"]}}],"collection":[{"href":"https:\/\/roveyayinevi.com.tr\/index.php\/wp-json\/wp\/v2\/product"}],"about":[{"href":"https:\/\/roveyayinevi.com.tr\/index.php\/wp-json\/wp\/v2\/types\/product"}],"wp:attachment":[{"href":"https:\/\/roveyayinevi.com.tr\/index.php\/wp-json\/wp\/v2\/media?parent=719521"}],"wp:term":[{"taxonomy":"product_brand","embeddable":true,"href":"https:\/\/roveyayinevi.com.tr\/index.php\/wp-json\/wp\/v2\/product_brand?post=719521"},{"taxonomy":"product_cat","embeddable":true,"href":"https:\/\/roveyayinevi.com.tr\/index.php\/wp-json\/wp\/v2\/product_cat?post=719521"},{"taxonomy":"product_tag","embeddable":true,"href":"https:\/\/roveyayinevi.com.tr\/index.php\/wp-json\/wp\/v2\/product_tag?post=719521"}],"curies":[{"name":"wp","href":"https:\/\/api.w.org\/{rel}","templated":true}]}}