{"id":719515,"date":"2025-08-27T18:23:00","date_gmt":"2025-08-27T15:23:00","guid":{"rendered":"https:\/\/roveyayinevi.com.tr\/index.php\/urun\/don-kisot-gokkusagi-yildizli-seri\/"},"modified":"2025-09-19T10:51:42","modified_gmt":"2025-09-19T07:51:42","slug":"don-kisot-gokkusagi-yildizli-seri","status":"publish","type":"product","link":"https:\/\/roveyayinevi.com.tr\/index.php\/urun\/don-kisot-gokkusagi-yildizli-seri\/","title":{"rendered":"Don Ki\u015fot (G\u00f6kku\u015fa\u011f\u0131 Y\u0131ld\u0131zl\u0131 Seri)"},"content":{"rendered":"<p>\u00dcnl\u00fc \u0130spanyol romanc\u0131, \u015fair ve oyun yazar\u0131 Cervantes; edebiyat hayat\u0131na gen\u00e7 bir ya\u015fta ba\u015flam\u0131\u015f ve k\u0131sa zamanda tan\u0131nm\u0131\u015ft\u0131r. T\u00fcrl\u00fc zorluklar i\u00e7erisinde ge\u00e7en bir hayat\u0131n ard\u0131ndan, yazd\u0131\u011f\u0131 eserler Cervantes\u2019i d\u00fcnyan\u0131n en \u00e7ok bilinen ve eserleri en \u00e7ok okunan yazarlardan biri h\u00e2line getirmi\u015ftir. Don Ki\u015fot ise modern Avrupa edebiyat\u0131n\u0131n ilk roman\u0131 kabul edilir. Kendisini cesur bir \u015f\u00f6valye olarak g\u00f6ren Don Ki\u015fot ve sad\u0131k seyisi San\u00e7o Panza, hem ger\u00e7ek hem de d\u00fc\u015fsel d\u00fc\u015fmanlarla sava\u015f\u0131rken ger\u00e7e\u011fi ortaya \u00e7\u0131kar\u0131yorlar. Don Ki\u015fot ve San\u00e7o Panza yenilgiye de u\u011frasalar, her seferinde aya\u011fa kalk\u0131p \u00fcnl\u00fc bir \u015f\u00f6valyeye ve onun vefal\u0131 seyisine yak\u0131\u015fan yeni maceralar aramaya devam ediyorlar. <\/p>\n","protected":false},"excerpt":{"rendered":"<p>\u00dcnl\u00fc \u0130spanyol romanc\u0131, \u015fair ve oyun yazar\u0131 Cervantes; edebiyat hayat\u0131na gen\u00e7 bir ya\u015fta ba\u015flam\u0131\u015f ve k\u0131sa zamanda tan\u0131nm\u0131\u015ft\u0131r. T\u00fcrl\u00fc zorluklar i\u00e7erisinde ge\u00e7en bir hayat\u0131n ard\u0131ndan, yazd\u0131\u011f\u0131<span class=\"excerpt-hellip\"> [\u2026]<\/span><\/p>\n","protected":false},"featured_media":0,"template":"","meta":{"_monsterinsights_skip_tracking":false,"_monsterinsights_sitenote_active":false,"_monsterinsights_sitenote_note":"","_monsterinsights_sitenote_category":0},"product_brand":[],"product_cat":[12274,12284],"product_tag":[],"class_list":{"0":"post-719515","1":"product","2":"type-product","3":"status-publish","5":"product_cat-cocuk-ve-genclik-kitaplari","6":"product_cat-hikayeler","7":"pa_cilt-ciltsiz","8":"pa_tur-kitap","9":"pa_yayinevi-arkadas-yayinlari","10":"pa_yazar-miguel-de-cervantes","12":"first","13":"instock","14":"sale","15":"shipping-taxable","16":"purchasable","17":"product-type-simple"},"_links":{"self":[{"href":"https:\/\/roveyayinevi.com.tr\/index.php\/wp-json\/wp\/v2\/product\/719515","targetHints":{"allow":["GET"]}}],"collection":[{"href":"https:\/\/roveyayinevi.com.tr\/index.php\/wp-json\/wp\/v2\/product"}],"about":[{"href":"https:\/\/roveyayinevi.com.tr\/index.php\/wp-json\/wp\/v2\/types\/product"}],"wp:attachment":[{"href":"https:\/\/roveyayinevi.com.tr\/index.php\/wp-json\/wp\/v2\/media?parent=719515"}],"wp:term":[{"taxonomy":"product_brand","embeddable":true,"href":"https:\/\/roveyayinevi.com.tr\/index.php\/wp-json\/wp\/v2\/product_brand?post=719515"},{"taxonomy":"product_cat","embeddable":true,"href":"https:\/\/roveyayinevi.com.tr\/index.php\/wp-json\/wp\/v2\/product_cat?post=719515"},{"taxonomy":"product_tag","embeddable":true,"href":"https:\/\/roveyayinevi.com.tr\/index.php\/wp-json\/wp\/v2\/product_tag?post=719515"}],"curies":[{"name":"wp","href":"https:\/\/api.w.org\/{rel}","templated":true}]}}