{"id":719512,"date":"2025-08-27T18:22:58","date_gmt":"2025-08-27T15:22:58","guid":{"rendered":"https:\/\/roveyayinevi.com.tr\/index.php\/urun\/biblische-staetten-in-der-turkei\/"},"modified":"2026-04-16T02:27:36","modified_gmt":"2026-04-15T23:27:36","slug":"biblische-staetten-in-der-turkei","status":"publish","type":"product","link":"https:\/\/roveyayinevi.com.tr\/index.php\/urun\/biblische-staetten-in-der-turkei\/","title":{"rendered":"Biblische Staetten in der T\u00fcrkei"},"content":{"rendered":"<p>Die T\u00fcrkei als Land des Nahen Ostens ist ein wichtiger Teil der B\u00fchne, auf der sich die Geschte der westlichen Welt abgespielt hat. In diesem Handbuch finden Sie \u00fcber sichtlich und kurzgefaBt Informationen \u00fcber die Orte, Menschen und Ereignisse dieses Heiligen Landes, die in der Bibel erwahnt werden.<\/p>\n","protected":false},"excerpt":{"rendered":"<p>Die T\u00fcrkei als Land des Nahen Ostens ist ein wichtiger Teil der B\u00fchne, auf der sich die Geschte der westlichen Welt abgespielt hat. In diesem Handbuch<span class=\"excerpt-hellip\"> [\u2026]<\/span><\/p>\n","protected":false},"featured_media":0,"template":"","meta":{"_monsterinsights_skip_tracking":false,"_monsterinsights_sitenote_active":false,"_monsterinsights_sitenote_note":"","_monsterinsights_sitenote_category":0},"product_brand":[],"product_cat":[12472],"product_tag":[],"class_list":{"0":"post-719512","1":"product","2":"type-product","3":"status-publish","5":"product_cat-yabanci-dilde-kitaplar","6":"pa_cilt-ciltsiz","7":"pa_tur-kitap","8":"pa_yayinevi-redhouse-yayinlari","9":"pa_yazar-everett-c-blake","11":"first","12":"instock","13":"sale","14":"shipping-taxable","15":"purchasable","16":"product-type-simple"},"_links":{"self":[{"href":"https:\/\/roveyayinevi.com.tr\/index.php\/wp-json\/wp\/v2\/product\/719512","targetHints":{"allow":["GET"]}}],"collection":[{"href":"https:\/\/roveyayinevi.com.tr\/index.php\/wp-json\/wp\/v2\/product"}],"about":[{"href":"https:\/\/roveyayinevi.com.tr\/index.php\/wp-json\/wp\/v2\/types\/product"}],"wp:attachment":[{"href":"https:\/\/roveyayinevi.com.tr\/index.php\/wp-json\/wp\/v2\/media?parent=719512"}],"wp:term":[{"taxonomy":"product_brand","embeddable":true,"href":"https:\/\/roveyayinevi.com.tr\/index.php\/wp-json\/wp\/v2\/product_brand?post=719512"},{"taxonomy":"product_cat","embeddable":true,"href":"https:\/\/roveyayinevi.com.tr\/index.php\/wp-json\/wp\/v2\/product_cat?post=719512"},{"taxonomy":"product_tag","embeddable":true,"href":"https:\/\/roveyayinevi.com.tr\/index.php\/wp-json\/wp\/v2\/product_tag?post=719512"}],"curies":[{"name":"wp","href":"https:\/\/api.w.org\/{rel}","templated":true}]}}