{"id":719508,"date":"2025-08-27T18:22:55","date_gmt":"2025-08-27T15:22:55","guid":{"rendered":"https:\/\/roveyayinevi.com.tr\/index.php\/urun\/istanbul-hatirati-1922\/"},"modified":"2026-04-16T02:27:36","modified_gmt":"2026-04-15T23:27:36","slug":"istanbul-hatirati-1922","status":"publish","type":"product","link":"https:\/\/roveyayinevi.com.tr\/index.php\/urun\/istanbul-hatirati-1922\/","title":{"rendered":"\u0130stanbul Hat\u0131rat\u0131 1922"},"content":{"rendered":"<p>1922 yaz\u0131nda Sovyet Rusya\u2019n\u0131n \u0130dil-Ural b\u00f6lgesindeki a\u00e7lara yard\u0131m toplamak i\u00e7in g\u00f6revlendirilen iki ki\u015fi \u0130stanbul\u2019a gelir. Bu g\u00f6revlilerden Tahir \u0130ly\u00e2s\u00ee \u00fc\u00e7 ayl\u0131k \u0130stanbul g\u00f6revi\/yolculu\u011fu s\u0131ras\u0131nda \u0130stanbul\u2019da g\u00f6r\u00fcp ya\u015fad\u0131klar\u0131n\u0131n hat\u0131rat\u0131n\u0131 tutar.10 Haziran 1922 Cumartesi g\u00fcn\u00fc Moskova\u2019da bir tren gar\u0131nda ba\u015flayan bu yolculuk, \u201ca\u00e7l\u0131k ve k\u0131tl\u0131k\u201d belas\u0131na kar\u015f\u0131 verilen insani ve b\u00fcy\u00fck bir m\u00fccadelenin de ba\u015flang\u0131c\u0131 olmu\u015ftur. \u0130ki ay sonra, 26 A\u011fustos 1922\u2019de Mustafa Kemal B\u00fcy\u00fck Taarruz\u2019u ba\u015flatacak ve \u201cemperyalizm\u201d belas\u0131na kar\u015f\u0131 bir ba\u015fka b\u00fcy\u00fck m\u00fccadeleye imza atacakt\u0131r.\u0130stanbul Hat\u0131rat\u0131 &#8211; 1922 adl\u0131 bu kitap i\u015fgal alt\u0131ndaki \u0130stanbul\u2019a dair \u00f6nemli ve yepyeni bir kaynak. Tahir \u0130ly\u00e2s\u00ee \u0130stanbul yolculu\u011fu s\u0131ras\u0131nda tutmu\u015f oldu\u011fu g\u00fcnl\u00fcklerde i\u015fgal \u0130stanbul\u2019unun g\u00fcndelik ya\u015fam\u0131na, Anadolu\u2019da ya\u015fanan m\u00fccadelenin \u0130stanbul\u2019a olan yans\u0131mas\u0131na, daha \u00f6nce buraya g\u00f6\u00e7 etmi\u015f Kazan ve K\u0131r\u0131m Tatarlar\u0131n\u0131n ya\u015fay\u0131\u015f ve hislerine \u0131\u015f\u0131k tutuyor. Akademisyen Arzu K\u0131l\u0131n\u00e7\u2019\u0131n bulup \u00e7evirdi\u011fi ve d\u00f6nemin gazetelerinden ilgili haberlerle zenginle\u015ftirerek haz\u0131rlad\u0131\u011f\u0131 bu hat\u0131rat, o y\u0131llarda T\u00fcrkiye ve Rusya\u2019n\u0131n i\u00e7inde bulundu\u011fu siyasi ve ekonomik tabloyu da g\u00f6zler \u00f6n\u00fcne seriyor.<\/p>\n","protected":false},"excerpt":{"rendered":"<p>1922 yaz\u0131nda Sovyet Rusya\u2019n\u0131n \u0130dil-Ural b\u00f6lgesindeki a\u00e7lara yard\u0131m toplamak i\u00e7in g\u00f6revlendirilen iki ki\u015fi \u0130stanbul\u2019a gelir. Bu g\u00f6revlilerden Tahir \u0130ly\u00e2s\u00ee \u00fc\u00e7 ayl\u0131k \u0130stanbul g\u00f6revi\/yolculu\u011fu s\u0131ras\u0131nda \u0130stanbul\u2019da g\u00f6r\u00fcp<span class=\"excerpt-hellip\"> [\u2026]<\/span><\/p>\n","protected":false},"featured_media":0,"template":"","meta":{"_monsterinsights_skip_tracking":false,"_monsterinsights_sitenote_active":false,"_monsterinsights_sitenote_note":"","_monsterinsights_sitenote_category":0},"product_brand":[],"product_cat":[12370,12304],"product_tag":[],"class_list":{"0":"post-719508","1":"product","2":"type-product","3":"status-publish","5":"product_cat-arastirma-inceleme","6":"product_cat-tarih","7":"pa_cilt-ciltsiz","8":"pa_tur-kitap","9":"pa_yayinevi-kirmizi-kedi-yayinevi","10":"pa_yazar-tahir-ilyasi","12":"first","13":"instock","14":"sale","15":"shipping-taxable","16":"purchasable","17":"product-type-simple"},"_links":{"self":[{"href":"https:\/\/roveyayinevi.com.tr\/index.php\/wp-json\/wp\/v2\/product\/719508","targetHints":{"allow":["GET"]}}],"collection":[{"href":"https:\/\/roveyayinevi.com.tr\/index.php\/wp-json\/wp\/v2\/product"}],"about":[{"href":"https:\/\/roveyayinevi.com.tr\/index.php\/wp-json\/wp\/v2\/types\/product"}],"wp:attachment":[{"href":"https:\/\/roveyayinevi.com.tr\/index.php\/wp-json\/wp\/v2\/media?parent=719508"}],"wp:term":[{"taxonomy":"product_brand","embeddable":true,"href":"https:\/\/roveyayinevi.com.tr\/index.php\/wp-json\/wp\/v2\/product_brand?post=719508"},{"taxonomy":"product_cat","embeddable":true,"href":"https:\/\/roveyayinevi.com.tr\/index.php\/wp-json\/wp\/v2\/product_cat?post=719508"},{"taxonomy":"product_tag","embeddable":true,"href":"https:\/\/roveyayinevi.com.tr\/index.php\/wp-json\/wp\/v2\/product_tag?post=719508"}],"curies":[{"name":"wp","href":"https:\/\/api.w.org\/{rel}","templated":true}]}}