{"id":719507,"date":"2025-08-27T18:22:55","date_gmt":"2025-08-27T15:22:55","guid":{"rendered":"https:\/\/roveyayinevi.com.tr\/index.php\/urun\/darbe-icinde-darbe\/"},"modified":"2026-04-16T02:27:36","modified_gmt":"2026-04-15T23:27:36","slug":"darbe-icinde-darbe","status":"publish","type":"product","link":"https:\/\/roveyayinevi.com.tr\/index.php\/urun\/darbe-icinde-darbe\/","title":{"rendered":"Darbe \u0130\u00e7inde Darbe"},"content":{"rendered":"<p>Gazeteci Merdan Yanarda\u011f binlerce belgeyi inceleyerek, tan\u0131klarla konu\u015farak ve do\u011frudan izledi\u011fi olaylar\u0131 s\u00fczerek, T\u00fcrkiye\u2019nin 15 Temmuz 2016 Fethullah\u00e7\u0131 darbesine nas\u0131l s\u00fcr\u00fcklendi\u011fini, b\u00fct\u00fcn y\u00f6nleriyle inceliyor. T\u00fcrkiye tarihinin, 31 Mart 1909\u2019dan sonraki ikinci dinci\/\u0130slamc\u0131 darbesinin nas\u0131l bast\u0131r\u0131ld\u0131\u011f\u0131n\u0131, hi\u00e7 bilinmeyen y\u00f6nleriyle okurlar\u0131n\u0131n bilgisine sunuyor.Fethullah\u00e7\u0131 \u00c7ete\u2019nin y\u00f6netti\u011fi askeri kalk\u0131\u015fmay\u0131 f\u0131rsata \u00e7eviren Erdo\u011fan-AKP iktidar\u0131n\u0131n, 15 Temmuz\u2019un bast\u0131r\u0131lmas\u0131n\u0131n ard\u0131ndan 20 Temmuz darbesini nas\u0131l ger\u00e7ekle\u015ftirdi\u011fini ortaya koyan Merdan Yanarda\u011f, olu\u015fturulmak istenen gerici tarih perspektifini de imha ediyor. Darbe i\u00e7indeki darbeyi de\u015fifre eden Yanarda\u011f, Cumhuriyetin kader anlar\u0131n\u0131n ya\u015fand\u0131\u011f\u0131 bir tarihsel d\u00f6nemeci, diyalektik y\u00f6ntemle analiz ediyor.Yanarda\u011f, darbeyi as\u0131l bast\u0131ran g\u00fcc\u00fcn, yurtsever subaylar ve cumhuriyet\u00e7i askerler oldu\u011funu kan\u0131tlar\u0131yla ortaya \u00e7\u0131kar\u0131yor.<\/p>\n","protected":false},"excerpt":{"rendered":"<p>Gazeteci Merdan Yanarda\u011f binlerce belgeyi inceleyerek, tan\u0131klarla konu\u015farak ve do\u011frudan izledi\u011fi olaylar\u0131 s\u00fczerek, T\u00fcrkiye\u2019nin 15 Temmuz 2016 Fethullah\u00e7\u0131 darbesine nas\u0131l s\u00fcr\u00fcklendi\u011fini, b\u00fct\u00fcn y\u00f6nleriyle inceliyor. T\u00fcrkiye tarihinin,<span class=\"excerpt-hellip\"> [\u2026]<\/span><\/p>\n","protected":false},"featured_media":0,"template":"","meta":{"_monsterinsights_skip_tracking":false,"_monsterinsights_sitenote_active":false,"_monsterinsights_sitenote_note":"","_monsterinsights_sitenote_category":0},"product_brand":[],"product_cat":[12337,14543],"product_tag":[],"class_list":{"0":"post-719507","1":"product","2":"type-product","3":"status-publish","5":"product_cat-politika-siyaset","6":"product_cat-turkiye-siyaseti-ve-politikasi","7":"pa_cilt-ciltsiz","8":"pa_tur-kitap","9":"pa_yayinevi-kirmizi-kedi-yayinevi","10":"pa_yazar-merdan-yanardag","12":"first","13":"instock","14":"sale","15":"shipping-taxable","16":"purchasable","17":"product-type-simple"},"_links":{"self":[{"href":"https:\/\/roveyayinevi.com.tr\/index.php\/wp-json\/wp\/v2\/product\/719507","targetHints":{"allow":["GET"]}}],"collection":[{"href":"https:\/\/roveyayinevi.com.tr\/index.php\/wp-json\/wp\/v2\/product"}],"about":[{"href":"https:\/\/roveyayinevi.com.tr\/index.php\/wp-json\/wp\/v2\/types\/product"}],"wp:attachment":[{"href":"https:\/\/roveyayinevi.com.tr\/index.php\/wp-json\/wp\/v2\/media?parent=719507"}],"wp:term":[{"taxonomy":"product_brand","embeddable":true,"href":"https:\/\/roveyayinevi.com.tr\/index.php\/wp-json\/wp\/v2\/product_brand?post=719507"},{"taxonomy":"product_cat","embeddable":true,"href":"https:\/\/roveyayinevi.com.tr\/index.php\/wp-json\/wp\/v2\/product_cat?post=719507"},{"taxonomy":"product_tag","embeddable":true,"href":"https:\/\/roveyayinevi.com.tr\/index.php\/wp-json\/wp\/v2\/product_tag?post=719507"}],"curies":[{"name":"wp","href":"https:\/\/api.w.org\/{rel}","templated":true}]}}