{"id":719506,"date":"2025-08-27T18:22:54","date_gmt":"2025-08-27T15:22:54","guid":{"rendered":"https:\/\/roveyayinevi.com.tr\/index.php\/urun\/istanbul-yazilari\/"},"modified":"2026-04-16T02:27:36","modified_gmt":"2026-04-15T23:27:36","slug":"istanbul-yazilari","status":"publish","type":"product","link":"https:\/\/roveyayinevi.com.tr\/index.php\/urun\/istanbul-yazilari\/","title":{"rendered":"\u0130stanbul Yaz\u0131lar\u0131"},"content":{"rendered":"<p>Birka\u00e7 imparatorlu\u011fa ba\u015fkentlik yapm\u0131\u015f, kendine has bir ya\u015fam bi\u00e7imi olan ve sakinlerine bunu hissettirmeden dayatan, mimarisi, k\u00fclt\u00fcr\u00fc, tarihsel ge\u00e7mi\u015fi, co\u011frafi \u00f6zellikleri, kozmopolitli\u011fi, g\u00fczelli\u011fi ve t\u00fcm sorunlar\u0131yla biricik bir \u015fehir \u0130stanbul. Son \u00e7eyrek as\u0131rda \u00e7o\u011funlukla trafik, su, hava kirlili\u011fi, g\u00f6\u00e7, kalabal\u0131k, d\u00fczensiz yap\u0131la\u015fma gibi sorunlarla birlikte ad\u0131n\u0131 and\u0131\u011f\u0131m\u0131z bu \u015fehri her anlam\u0131yla daha yak\u0131ndan tan\u0131mal\u0131y\u0131z ki sorunlar\u0131na \u00e7\u00f6z\u00fcm bulunabilsin.75 y\u0131ll\u0131k ya\u015fam\u0131nda ve yakla\u015f\u0131k 50 y\u0131ll\u0131k meslek hayat\u0131nda kimi tart\u0131\u015fmalar\u0131n \u201c\u00f6zne\u201dlerinden, yer ald\u0131\u011f\u0131 kurul, g\u00f6rev ald\u0131\u011f\u0131 kurum ve imza att\u0131\u011f\u0131 i\u015flerle \u0130stanbul\u2019da irili ufakl\u0131 izi olan M. Sinan Genim kitab\u0131nda do\u011fup b\u00fcy\u00fcd\u00fc\u011f\u00fc kente mimar g\u00f6z\u00fcyle bak\u0131yor. \u0130stanbul Yaz\u0131lar\u0131 \u2013 Kent ve Mimari \u00dczerine D\u00fc\u015f\u00fcnceler kitab\u0131nda Genim, ge\u00e7mi\u015finden bug\u00fcne, tarihinden k\u00fclt\u00fcr\u00fcne, gizli kalm\u0131\u015f k\u00f6\u015felerinden herkesi etkisi alt\u0131na alan ve \u00e7\u00f6z\u00fcms\u00fcz gibi g\u00f6r\u00fcnen sorunlar\u0131na kadar geni\u015f bir yelpazede \u0130stanbul\u2019u masaya yat\u0131r\u0131yor. Herkesi \u201c\u0130stanbullu olmaya\u201d davet ediyor.<\/p>\n","protected":false},"excerpt":{"rendered":"<p>Birka\u00e7 imparatorlu\u011fa ba\u015fkentlik yapm\u0131\u015f, kendine has bir ya\u015fam bi\u00e7imi olan ve sakinlerine bunu hissettirmeden dayatan, mimarisi, k\u00fclt\u00fcr\u00fc, tarihsel ge\u00e7mi\u015fi, co\u011frafi \u00f6zellikleri, kozmopolitli\u011fi, g\u00fczelli\u011fi ve t\u00fcm sorunlar\u0131yla<span class=\"excerpt-hellip\"> [\u2026]<\/span><\/p>\n","protected":false},"featured_media":0,"template":"","meta":{"_monsterinsights_skip_tracking":false,"_monsterinsights_sitenote_active":false,"_monsterinsights_sitenote_note":"","_monsterinsights_sitenote_category":0},"product_brand":[],"product_cat":[13054,20153],"product_tag":[],"class_list":{"0":"post-719506","1":"product","2":"type-product","3":"status-publish","5":"product_cat-gezi-ve-rehber-kitaplari","6":"product_cat-istanbul-rehberi","7":"pa_cilt-ciltsiz","8":"pa_tur-kitap","9":"pa_yayinevi-kirmizi-kedi-yayinevi","10":"pa_yazar-m-sinan-genim","12":"first","13":"instock","14":"sale","15":"shipping-taxable","16":"purchasable","17":"product-type-simple"},"_links":{"self":[{"href":"https:\/\/roveyayinevi.com.tr\/index.php\/wp-json\/wp\/v2\/product\/719506","targetHints":{"allow":["GET"]}}],"collection":[{"href":"https:\/\/roveyayinevi.com.tr\/index.php\/wp-json\/wp\/v2\/product"}],"about":[{"href":"https:\/\/roveyayinevi.com.tr\/index.php\/wp-json\/wp\/v2\/types\/product"}],"wp:attachment":[{"href":"https:\/\/roveyayinevi.com.tr\/index.php\/wp-json\/wp\/v2\/media?parent=719506"}],"wp:term":[{"taxonomy":"product_brand","embeddable":true,"href":"https:\/\/roveyayinevi.com.tr\/index.php\/wp-json\/wp\/v2\/product_brand?post=719506"},{"taxonomy":"product_cat","embeddable":true,"href":"https:\/\/roveyayinevi.com.tr\/index.php\/wp-json\/wp\/v2\/product_cat?post=719506"},{"taxonomy":"product_tag","embeddable":true,"href":"https:\/\/roveyayinevi.com.tr\/index.php\/wp-json\/wp\/v2\/product_tag?post=719506"}],"curies":[{"name":"wp","href":"https:\/\/api.w.org\/{rel}","templated":true}]}}