{"id":719504,"date":"2025-08-27T18:22:52","date_gmt":"2025-08-27T15:22:52","guid":{"rendered":"https:\/\/roveyayinevi.com.tr\/index.php\/urun\/mehmet-fuad-koprulu-kulliyati-11\/"},"modified":"2026-04-16T02:27:36","modified_gmt":"2026-04-15T23:27:36","slug":"mehmet-fuad-koprulu-kulliyati-11","status":"publish","type":"product","link":"https:\/\/roveyayinevi.com.tr\/index.php\/urun\/mehmet-fuad-koprulu-kulliyati-11\/","title":{"rendered":"Mehmet Fuad K\u00f6pr\u00fcl\u00fc K\u00fclliyat\u0131 11"},"content":{"rendered":"<p>T\u00fcrkiye\u2019de edebiyat tarih\u00e7ili\u011finin, hatta modern tarih\u00e7ili\u011fin kurucular\u0131ndan say\u0131lan Fuad K\u00f6pr\u00fcl\u00fc\u2019n\u00fcn en \u00e7ok \u00f6ne \u00e7\u0131kan \u00f6zelliklerinden biri de kaleminin verimli olu\u015fudur. Yetmi\u015f alt\u0131 y\u0131ll\u0131k \u00f6mr\u00fcn\u00fcn neredeyse altm\u0131\u015f seneye yak\u0131n k\u0131sm\u0131n\u0131 yazmakla ge\u00e7iren K\u00f6pr\u00fcl\u00fc, arkas\u0131nda bin be\u015f y\u00fcz\u00fcn \u00fczerinde kitap ve makale b\u0131rakm\u0131\u015ft\u0131r. K\u00f6pr\u00fcl\u00fc\u2019n\u00fcn \u0130slam Ansiklopedisi\u2019nde yer alan yaz\u0131lar\u0131n\u0131n bir k\u0131sm\u0131 K\u00f6pr\u00fcl\u00fc K\u00fclliyat\u0131n\u0131n ilk on cildinde kitapla\u015fm\u0131\u015ft\u0131. Elinizdeki bu derlemeyle birlikte Altayl\u0131lardan Harizm\u015fahlara, Av\u015farlardan Hala\u00e7lara ve Artuko\u011fullar\u0131na, \u00c2\u015f\u0131kpa\u015fazade\u2019den Firuz\u015fah Tu\u011fluk\u2019a, Cengiz Han\u2019dan Baybars\u2019a ve Beyhak\u00ee\u2019ye, Babur\u2019dan Al\u0131ncak Kalesine kadar yaz\u0131lar\u0131 da b\u00f6ylece yeniden g\u00fcn y\u00fcz\u00fcne \u00e7\u0131kar\u0131l\u0131yor.  \u201cOnun, \u0130slam Ansiklopedisi\u2019ne yazd\u0131\u011f\u0131 \u00e7e\u015fitli maddeleri dikkatle g\u00f6zden ge\u00e7irenler, kendisinin ne kadar de\u011fi\u015fik sahalarda ve ne kadar selahiyetle kalem kulland\u0131\u011f\u0131n\u0131 g\u00f6rerek hayrete d\u00fc\u015fecekler, K\u00f6pr\u00fcl\u00fc\u2019n\u00fcn b\u00fct\u00fcn bu yaz\u0131lar\u0131nda ayr\u0131nt\u0131lara fazla iltifat etmeksizin, hep esas noktalara temas etmeye \u00e7al\u0131\u015ft\u0131\u011f\u0131n\u0131 fark edeceklerdir.\u201d  Orhan F. K\u00f6pr\u00fcl\u00fc <\/p>\n","protected":false},"excerpt":{"rendered":"<p>T\u00fcrkiye\u2019de edebiyat tarih\u00e7ili\u011finin, hatta modern tarih\u00e7ili\u011fin kurucular\u0131ndan say\u0131lan Fuad K\u00f6pr\u00fcl\u00fc\u2019n\u00fcn en \u00e7ok \u00f6ne \u00e7\u0131kan \u00f6zelliklerinden biri de kaleminin verimli olu\u015fudur. Yetmi\u015f alt\u0131 y\u0131ll\u0131k \u00f6mr\u00fcn\u00fcn neredeyse altm\u0131\u015f<span class=\"excerpt-hellip\"> [\u2026]<\/span><\/p>\n","protected":false},"featured_media":0,"template":"","meta":{"_monsterinsights_skip_tracking":false,"_monsterinsights_sitenote_active":false,"_monsterinsights_sitenote_note":"","_monsterinsights_sitenote_category":0},"product_brand":[],"product_cat":[12291,12745],"product_tag":[],"class_list":{"0":"post-719504","1":"product","2":"type-product","3":"status-publish","5":"product_cat-edebiyat","6":"product_cat-tarihi-roman","7":"pa_cilt-ciltsiz","8":"pa_tur-kitap","9":"pa_yayinevi-alfa-yayinlari","10":"pa_yazar-kolektif","12":"first","13":"instock","14":"sale","15":"shipping-taxable","16":"purchasable","17":"product-type-simple"},"_links":{"self":[{"href":"https:\/\/roveyayinevi.com.tr\/index.php\/wp-json\/wp\/v2\/product\/719504","targetHints":{"allow":["GET"]}}],"collection":[{"href":"https:\/\/roveyayinevi.com.tr\/index.php\/wp-json\/wp\/v2\/product"}],"about":[{"href":"https:\/\/roveyayinevi.com.tr\/index.php\/wp-json\/wp\/v2\/types\/product"}],"wp:attachment":[{"href":"https:\/\/roveyayinevi.com.tr\/index.php\/wp-json\/wp\/v2\/media?parent=719504"}],"wp:term":[{"taxonomy":"product_brand","embeddable":true,"href":"https:\/\/roveyayinevi.com.tr\/index.php\/wp-json\/wp\/v2\/product_brand?post=719504"},{"taxonomy":"product_cat","embeddable":true,"href":"https:\/\/roveyayinevi.com.tr\/index.php\/wp-json\/wp\/v2\/product_cat?post=719504"},{"taxonomy":"product_tag","embeddable":true,"href":"https:\/\/roveyayinevi.com.tr\/index.php\/wp-json\/wp\/v2\/product_tag?post=719504"}],"curies":[{"name":"wp","href":"https:\/\/api.w.org\/{rel}","templated":true}]}}