{"id":719503,"date":"2025-08-27T18:22:51","date_gmt":"2025-08-27T15:22:51","guid":{"rendered":"https:\/\/roveyayinevi.com.tr\/index.php\/urun\/kimsesiz-kaybedilmis\/"},"modified":"2026-04-16T02:27:36","modified_gmt":"2026-04-15T23:27:36","slug":"kimsesiz-kaybedilmis","status":"publish","type":"product","link":"https:\/\/roveyayinevi.com.tr\/index.php\/urun\/kimsesiz-kaybedilmis\/","title":{"rendered":"Kimsesiz, Kaybedilmi\u015f"},"content":{"rendered":"<p>Kum taneleri gibi hayat, parmaklar\u0131m\u0131z\u0131n aras\u0131ndan d\u00f6k\u00fcl\u00fcp giderken, baz\u0131lar\u0131 ac\u0131 verir, baz\u0131lar\u0131 haz ve mutluluk. Bir aile, ge\u00e7mi\u015fi ile y\u00fczle\u015fip yaralar\u0131n\u0131 sarmaya \u00e7al\u0131\u015f\u0131r. Gelecek belirsizli\u011fini korur. K\u0131y\u0131larda ba\u015flayan macera, kimli\u011fi me\u00e7hule var\u0131r. Ki\u015fili\u011fini sorgular ve kaybedilir. Necdet \u00d6zkaya, iz b\u0131rakm\u0131\u015f bir ailenin b\u00fcy\u00fcn ya\u015fant\u0131s\u0131n\u0131 mercek alt\u0131na al\u0131yor. Pek tan\u0131d\u0131k, i\u00e7erisinde herkesin kendinden par\u00e7alar bulaca\u011f\u0131 ve ba\u015ftan sona s\u00fcr\u00fcklenece\u011fi bir hikaye bu. \u0130\u00e7inden \u00e7\u0131kamad\u0131\u011f\u0131m\u0131z, zaman zaman bunald\u0131\u011f\u0131m\u0131z. A\u015fkla \u00f6r\u00fcl\u00fc, yo\u011funlu\u011funu ve i\u00e7tenli\u011fini asla kirlenmeyen bu g\u00fc\u00e7l\u00fc duyguya bor\u00e7lu bir roman: Kimsesiz, Kaybedilmi\u015f. <\/p>\n","protected":false},"excerpt":{"rendered":"<p>Kum taneleri gibi hayat, parmaklar\u0131m\u0131z\u0131n aras\u0131ndan d\u00f6k\u00fcl\u00fcp giderken, baz\u0131lar\u0131 ac\u0131 verir, baz\u0131lar\u0131 haz ve mutluluk. Bir aile, ge\u00e7mi\u015fi ile y\u00fczle\u015fip yaralar\u0131n\u0131 sarmaya \u00e7al\u0131\u015f\u0131r. Gelecek belirsizli\u011fini korur.<span class=\"excerpt-hellip\"> [\u2026]<\/span><\/p>\n","protected":false},"featured_media":0,"template":"","meta":{"_monsterinsights_skip_tracking":false,"_monsterinsights_sitenote_active":false,"_monsterinsights_sitenote_note":"","_monsterinsights_sitenote_category":0},"product_brand":[],"product_cat":[12291,12711],"product_tag":[],"class_list":{"0":"post-719503","1":"product","2":"type-product","3":"status-publish","5":"product_cat-edebiyat","6":"product_cat-roman-oyku","7":"pa_cilt-ciltsiz","8":"pa_tur-kitap","9":"pa_yayinevi-yeni-insan-yayinlari","10":"pa_yazar-necdet-ozkaya","12":"first","13":"instock","14":"sale","15":"shipping-taxable","16":"purchasable","17":"product-type-simple"},"_links":{"self":[{"href":"https:\/\/roveyayinevi.com.tr\/index.php\/wp-json\/wp\/v2\/product\/719503","targetHints":{"allow":["GET"]}}],"collection":[{"href":"https:\/\/roveyayinevi.com.tr\/index.php\/wp-json\/wp\/v2\/product"}],"about":[{"href":"https:\/\/roveyayinevi.com.tr\/index.php\/wp-json\/wp\/v2\/types\/product"}],"wp:attachment":[{"href":"https:\/\/roveyayinevi.com.tr\/index.php\/wp-json\/wp\/v2\/media?parent=719503"}],"wp:term":[{"taxonomy":"product_brand","embeddable":true,"href":"https:\/\/roveyayinevi.com.tr\/index.php\/wp-json\/wp\/v2\/product_brand?post=719503"},{"taxonomy":"product_cat","embeddable":true,"href":"https:\/\/roveyayinevi.com.tr\/index.php\/wp-json\/wp\/v2\/product_cat?post=719503"},{"taxonomy":"product_tag","embeddable":true,"href":"https:\/\/roveyayinevi.com.tr\/index.php\/wp-json\/wp\/v2\/product_tag?post=719503"}],"curies":[{"name":"wp","href":"https:\/\/api.w.org\/{rel}","templated":true}]}}