{"id":719496,"date":"2025-08-27T18:22:46","date_gmt":"2025-08-27T15:22:46","guid":{"rendered":"https:\/\/roveyayinevi.com.tr\/index.php\/urun\/smartys-book-of-words-smartynin-sozcukler-kitabi\/"},"modified":"2026-04-16T02:27:35","modified_gmt":"2026-04-15T23:27:35","slug":"smartys-book-of-words-smartynin-sozcukler-kitabi","status":"publish","type":"product","link":"https:\/\/roveyayinevi.com.tr\/index.php\/urun\/smartys-book-of-words-smartynin-sozcukler-kitabi\/","title":{"rendered":"Smarty\u2019s Book of Words (Smarty\u2019nin S\u00f6zc\u00fckler Kitab\u0131)"},"content":{"rendered":"<p>\u00c7ocuklar, her sayfada gizlenmi\u015f olan Smarty\u2019nin izlerini s\u00fcrerek, g\u00fcnl\u00fck hayat\u0131m\u0131z\u0131 sergileyen 16 sayfada gezinecek ve bu gezinti s\u0131ras\u0131nda \u0130ngilizcedeki baz\u0131 temel s\u00f6zc\u00fckleri kolayl\u0131kla \u00f6\u011frenebilecekler. Bir kere Smarty\u2019nin s\u00f6zc\u00fckleri ile tan\u0131\u015f\u0131nca, bu s\u00f6zc\u00fcklere uygun \u00e7\u0131kartmalar\u0131 bularak her s\u00f6zc\u00fc\u011f\u00fcn \u00fczerine yap\u0131\u015ft\u0131racak ve s\u00f6zc\u00fck bilgilerini peki\u015ftirebilecekler. Redhouse, 115 e\u011flenceli \u00e7\u0131kartman\u0131n yan\u0131nda, internet \u00fczerinden ula\u015fabilece\u011finiz s\u00f6zc\u00fck kartlar\u0131 ve aktiviteler de haz\u0131rlad\u0131! Kitab\u0131n i\u00e7inde yer alan bir\u00e7ok sayfan\u0131n konusu ile ili\u015fkilendirilen bu kartlar ve aktiviteler sayesinde \u00e7ocuklar arkada\u015flar\u0131 ya da ebeveynleri ile oyunlar oynayabilecek, bir yandan \u0130ngilizce s\u00f6zc\u00fck bilgilerini geli\u015ftirirken bir yandan da e\u011flenceli vakit ge\u00e7irebilecekler. T\u00fcm \u00e7ocuklar\u0131 Redhouse\u2019un sevimli faresi Smarty\u2019nin e\u011flenceli d\u00fcnyas\u0131na bekliyoruz!  <\/p>\n","protected":false},"excerpt":{"rendered":"<p>\u00c7ocuklar, her sayfada gizlenmi\u015f olan Smarty\u2019nin izlerini s\u00fcrerek, g\u00fcnl\u00fck hayat\u0131m\u0131z\u0131 sergileyen 16 sayfada gezinecek ve bu gezinti s\u0131ras\u0131nda \u0130ngilizcedeki baz\u0131 temel s\u00f6zc\u00fckleri kolayl\u0131kla \u00f6\u011frenebilecekler. Bir kere<span class=\"excerpt-hellip\"> [\u2026]<\/span><\/p>\n","protected":false},"featured_media":0,"template":"","meta":{"_monsterinsights_skip_tracking":false,"_monsterinsights_sitenote_active":false,"_monsterinsights_sitenote_note":"","_monsterinsights_sitenote_category":0},"product_brand":[],"product_cat":[12492,12274],"product_tag":[],"class_list":{"0":"post-719496","1":"product","2":"type-product","3":"status-publish","5":"product_cat-bilmece-bulmaca","6":"product_cat-cocuk-ve-genclik-kitaplari","7":"pa_cilt-ciltsiz","8":"pa_tur-kitap","9":"pa_yayinevi-redhouse-kidz-yayinlari","10":"pa_yazar-hulya-ceylan","12":"first","13":"instock","14":"sale","15":"shipping-taxable","16":"purchasable","17":"product-type-simple"},"_links":{"self":[{"href":"https:\/\/roveyayinevi.com.tr\/index.php\/wp-json\/wp\/v2\/product\/719496","targetHints":{"allow":["GET"]}}],"collection":[{"href":"https:\/\/roveyayinevi.com.tr\/index.php\/wp-json\/wp\/v2\/product"}],"about":[{"href":"https:\/\/roveyayinevi.com.tr\/index.php\/wp-json\/wp\/v2\/types\/product"}],"wp:attachment":[{"href":"https:\/\/roveyayinevi.com.tr\/index.php\/wp-json\/wp\/v2\/media?parent=719496"}],"wp:term":[{"taxonomy":"product_brand","embeddable":true,"href":"https:\/\/roveyayinevi.com.tr\/index.php\/wp-json\/wp\/v2\/product_brand?post=719496"},{"taxonomy":"product_cat","embeddable":true,"href":"https:\/\/roveyayinevi.com.tr\/index.php\/wp-json\/wp\/v2\/product_cat?post=719496"},{"taxonomy":"product_tag","embeddable":true,"href":"https:\/\/roveyayinevi.com.tr\/index.php\/wp-json\/wp\/v2\/product_tag?post=719496"}],"curies":[{"name":"wp","href":"https:\/\/api.w.org\/{rel}","templated":true}]}}