{"id":719494,"date":"2025-08-27T18:22:45","date_gmt":"2025-08-27T15:22:45","guid":{"rendered":"https:\/\/roveyayinevi.com.tr\/index.php\/urun\/avucundaki-opucuk\/"},"modified":"2026-04-16T02:27:35","modified_gmt":"2026-04-15T23:27:35","slug":"avucundaki-opucuk","status":"publish","type":"product","link":"https:\/\/roveyayinevi.com.tr\/index.php\/urun\/avucundaki-opucuk\/","title":{"rendered":"Avucundaki \u00d6p\u00fcc\u00fck"},"content":{"rendered":"<p>\u00d6nce insan olmas\u0131n\u0131 istedi\u011fimiz \u00e7ocuklar\u0131m\u0131za&#8230;D\u00fcnyan\u0131n en \u00fcnl\u00fc ki\u015fisel geli\u015fim yazarlar\u0131n\u0131n \u00e7ocuk kitaplar\u0131 T\u00fcrkiye&#8217;de!Avucundaki \u00d6p\u00fcc\u00fckOrmanda okul ba\u015fl\u0131yordu ama Minik Rakun okula gitmek istemiyordu. Onun korkular\u0131n\u0131 yat\u0131\u015ft\u0131rmak isteyen Anne Rakun, Avucundaki \u00d6p\u00fcc\u00fck ad\u0131n\u0131 verdi\u011fi aile s\u0131rr\u0131n\u0131 yavrusuyla payla\u015ft\u0131. Amac\u0131 d\u00fcnyas\u0131 ne zaman birazc\u0131k korkutucu hale gelse, onu \u00e7ok sevdi\u011fini hat\u0131rlamas\u0131n\u0131 sa\u011flamakt\u0131.1993 y\u0131l\u0131ndaki ilk bas\u0131m\u0131ndan beri insan\u0131n i\u00e7ini \u0131s\u0131tan bu kitap, \u00e7ocuk klasikleri aras\u0131ndaki yerini alarak, \u00f6zellikle de okula, yuvaya ba\u015flamak ya da bir kampa gitmek gibi ayr\u0131l\u0131k anlar\u0131nda, milyonlarca \u00e7ocu\u011fun ve velinin ya\u015fam\u0131na dokunmu\u015ftur.\u00c7ok say\u0131da yuva \u00f6\u011fretmeni bu \u00f6yk\u00fcy\u00fc ilk g\u00fcnde okumay\u0131 sever.<\/p>\n","protected":false},"excerpt":{"rendered":"<p>\u00d6nce insan olmas\u0131n\u0131 istedi\u011fimiz \u00e7ocuklar\u0131m\u0131za&#8230;D\u00fcnyan\u0131n en \u00fcnl\u00fc ki\u015fisel geli\u015fim yazarlar\u0131n\u0131n \u00e7ocuk kitaplar\u0131 T\u00fcrkiye&#8217;de!Avucundaki \u00d6p\u00fcc\u00fckOrmanda okul ba\u015fl\u0131yordu ama Minik Rakun okula gitmek istemiyordu. Onun korkular\u0131n\u0131 yat\u0131\u015ft\u0131rmak isteyen<span class=\"excerpt-hellip\"> [\u2026]<\/span><\/p>\n","protected":false},"featured_media":0,"template":"","meta":{"_monsterinsights_skip_tracking":false,"_monsterinsights_sitenote_active":false,"_monsterinsights_sitenote_note":"","_monsterinsights_sitenote_category":0},"product_brand":[],"product_cat":[12274,12284],"product_tag":[],"class_list":{"0":"post-719494","1":"product","2":"type-product","3":"status-publish","5":"product_cat-cocuk-ve-genclik-kitaplari","6":"product_cat-hikayeler","7":"pa_cilt-ciltsiz","8":"pa_tur-kitap","9":"pa_yayinevi-butik-yayinlari","10":"pa_yazar-audrey-penn","12":"first","13":"instock","14":"sale","15":"shipping-taxable","16":"purchasable","17":"product-type-simple"},"_links":{"self":[{"href":"https:\/\/roveyayinevi.com.tr\/index.php\/wp-json\/wp\/v2\/product\/719494","targetHints":{"allow":["GET"]}}],"collection":[{"href":"https:\/\/roveyayinevi.com.tr\/index.php\/wp-json\/wp\/v2\/product"}],"about":[{"href":"https:\/\/roveyayinevi.com.tr\/index.php\/wp-json\/wp\/v2\/types\/product"}],"wp:attachment":[{"href":"https:\/\/roveyayinevi.com.tr\/index.php\/wp-json\/wp\/v2\/media?parent=719494"}],"wp:term":[{"taxonomy":"product_brand","embeddable":true,"href":"https:\/\/roveyayinevi.com.tr\/index.php\/wp-json\/wp\/v2\/product_brand?post=719494"},{"taxonomy":"product_cat","embeddable":true,"href":"https:\/\/roveyayinevi.com.tr\/index.php\/wp-json\/wp\/v2\/product_cat?post=719494"},{"taxonomy":"product_tag","embeddable":true,"href":"https:\/\/roveyayinevi.com.tr\/index.php\/wp-json\/wp\/v2\/product_tag?post=719494"}],"curies":[{"name":"wp","href":"https:\/\/api.w.org\/{rel}","templated":true}]}}