{"id":719493,"date":"2025-08-27T18:22:44","date_gmt":"2025-08-27T15:22:44","guid":{"rendered":"https:\/\/roveyayinevi.com.tr\/index.php\/urun\/yaz-sevenler-kis-sevenler\/"},"modified":"2026-04-16T02:27:35","modified_gmt":"2026-04-15T23:27:35","slug":"yaz-sevenler-kis-sevenler","status":"publish","type":"product","link":"https:\/\/roveyayinevi.com.tr\/index.php\/urun\/yaz-sevenler-kis-sevenler\/","title":{"rendered":"Yaz Sevenler K\u0131\u015f Sevenler"},"content":{"rendered":"<p>\u00c7a\u011fda\u015f edebiyat\u0131m\u0131z\u0131 zenginle\u015ftiren eserleriyle sevilen, k\u0131sa \u00f6yk\u00fcn\u00fcn b\u00fcy\u00fck ustas\u0131 Necati Tosuner, yeni kitab\u0131nda \u00e7ocuklar\u0131n b\u00fcy\u00fcme yolculu\u011funda kar\u015f\u0131la\u015ft\u0131\u011f\u0131 duygular\u0131 \u00f6yk\u00fcle\u015ftiriyor. E\u015fsiz bir dil ve anlam i\u015f\u00e7ili\u011fiyle kaleme ald\u0131\u011f\u0131 \u00f6yk\u00fclerde, bazen Marmara Denizi&#8217;nin iki ucunda durarak, bazen de en iyi arkada\u015fla ge\u00e7irilen mevsimlerin unutulmaz anlar\u0131n\u0131n adeta foto\u011fraf\u0131n\u0131 \u00e7ekerek, ya\u015fam \u00fczerine d\u00fc\u015f\u00fcnd\u00fcr\u00fcyor. Kusursuz ve duru Tu\u0308rkc\u0327e&#8217;siyle edebiyat\u0131m\u0131za say\u0131s\u0131z eser kazand\u0131ran Tosuner&#8217;in \u00f6yk\u00fcleri umut, o\u0308zlem, aile, sevgi ve oyun gibi, c\u0327ocuklug\u0306un iz b\u0131rakan duygu duraklar\u0131na ug\u0306ruyor. Yal\u0131n ve etkileyici kitaplar\u0131yla \u00e7ocuk ve gen\u00e7lik edebiyat\u0131na derinlik katan usta yazar, dantel gibi dokudu\u011fu yeni \u00f6yk\u00fclerini her ya\u015ftan okura sunuyor.\u00c7ocuklu\u011fun i\u00e7inden ge\u00e7en duygular\u0131, hayalleri ve anlar\u0131 \u00e7ocuklar\u0131n g\u00f6z\u00fcnden aktaran, birbirine ba\u011fl\u0131 9 \u00f6yk\u00fc: Kaymak, Ad\u0131 Bar\u0131\u015f, Ne \u0130stiyor Bu Ceren?, Ge\u00e7mi\u015f Yazdan Kalma Bir \u015eirinlik, Bu \u015eaban Ba\u015fka \u015eaban, Paray\u0131 Sever misin?, \u0130pek G\u00f6k\u015fen Diye K\u00e2k\u00fcll\u00fc Bir K\u0131z, Yazar\u0131n Arma\u011fan\u0131, Marmara Denizi Arada. <\/p>\n","protected":false},"excerpt":{"rendered":"<p>\u00c7a\u011fda\u015f edebiyat\u0131m\u0131z\u0131 zenginle\u015ftiren eserleriyle sevilen, k\u0131sa \u00f6yk\u00fcn\u00fcn b\u00fcy\u00fck ustas\u0131 Necati Tosuner, yeni kitab\u0131nda \u00e7ocuklar\u0131n b\u00fcy\u00fcme yolculu\u011funda kar\u015f\u0131la\u015ft\u0131\u011f\u0131 duygular\u0131 \u00f6yk\u00fcle\u015ftiriyor. E\u015fsiz bir dil ve anlam i\u015f\u00e7ili\u011fiyle kaleme<span class=\"excerpt-hellip\"> [\u2026]<\/span><\/p>\n","protected":false},"featured_media":0,"template":"","meta":{"_monsterinsights_skip_tracking":false,"_monsterinsights_sitenote_active":false,"_monsterinsights_sitenote_note":"","_monsterinsights_sitenote_category":0},"product_brand":[],"product_cat":[12275,12274],"product_tag":[],"class_list":{"0":"post-719493","1":"product","2":"type-product","3":"status-publish","5":"product_cat-6-12-yas-kitaplari","6":"product_cat-cocuk-ve-genclik-kitaplari","7":"pa_cilt-ciltsiz","8":"pa_tur-kitap","9":"pa_yayinevi-gunisigi-kitapligi","10":"pa_yazar-necati-tosuner","12":"first","13":"instock","14":"sale","15":"shipping-taxable","16":"purchasable","17":"product-type-simple"},"_links":{"self":[{"href":"https:\/\/roveyayinevi.com.tr\/index.php\/wp-json\/wp\/v2\/product\/719493","targetHints":{"allow":["GET"]}}],"collection":[{"href":"https:\/\/roveyayinevi.com.tr\/index.php\/wp-json\/wp\/v2\/product"}],"about":[{"href":"https:\/\/roveyayinevi.com.tr\/index.php\/wp-json\/wp\/v2\/types\/product"}],"wp:attachment":[{"href":"https:\/\/roveyayinevi.com.tr\/index.php\/wp-json\/wp\/v2\/media?parent=719493"}],"wp:term":[{"taxonomy":"product_brand","embeddable":true,"href":"https:\/\/roveyayinevi.com.tr\/index.php\/wp-json\/wp\/v2\/product_brand?post=719493"},{"taxonomy":"product_cat","embeddable":true,"href":"https:\/\/roveyayinevi.com.tr\/index.php\/wp-json\/wp\/v2\/product_cat?post=719493"},{"taxonomy":"product_tag","embeddable":true,"href":"https:\/\/roveyayinevi.com.tr\/index.php\/wp-json\/wp\/v2\/product_tag?post=719493"}],"curies":[{"name":"wp","href":"https:\/\/api.w.org\/{rel}","templated":true}]}}