{"id":719489,"date":"2025-08-27T18:22:41","date_gmt":"2025-08-27T15:22:41","guid":{"rendered":"https:\/\/roveyayinevi.com.tr\/index.php\/urun\/haclilar-turkler-karsisinda\/"},"modified":"2026-04-16T02:27:35","modified_gmt":"2026-04-15T23:27:35","slug":"haclilar-turkler-karsisinda","status":"publish","type":"product","link":"https:\/\/roveyayinevi.com.tr\/index.php\/urun\/haclilar-turkler-karsisinda\/","title":{"rendered":"Ha\u00e7l\u0131lar T\u00fcrkler Kar\u015f\u0131s\u0131nda"},"content":{"rendered":"<p>Ha\u00e7l\u0131lar\u0131n 1143-1163 y\u0131llar\u0131 aras\u0131nda T\u00fcrklerle, \u00f6zellikle Musul Atabegi \u0130m\u00e2dedd\u00een Zeng\u00ee, o\u011flu Nureddin Mahm\u00fbd Zeng\u00ee, T\u00fcrkiye Sel\u00e7uklu Sultan\u0131 Mes\u00fbd ve II. K\u0131l\u0131\u00e7arslan ile olan ili\u015fkileri nas\u0131ld\u0131? Kud\u00fcs Kral\u0131 III. Balduin ile Nureddin Mahm\u00fbd Zeng\u00ee\u2019nin h\u00fck\u00fcmd\u00e2rl\u0131k d\u00f6nemlerindeki en \u00f6nemli olaylar nelerdi? Ha\u00e7l\u0131lar\u0131n M\u00fcsl\u00fcmanlarla olan siyasi ili\u015fkileri nas\u0131l geli\u015fti? Ha\u00e7l\u0131lar\u0131n Ortado\u011fu\u2019da ad\u0131m ad\u0131m \u00e7\u00f6kmesine sebep olan geli\u015fmeler neydi?Kud\u00fcs Kral\u0131 Amalrich\u2019in 1167\u2019den 1174\u2019teki \u00f6l\u00fcm\u00fcne kadar s\u00e2d\u0131k bir hizmetk\u00e2r\u0131 olan Willermus Tyrensis, 1168 y\u0131l\u0131 dolaylar\u0131nda Bizans \u0130mparatoru Manuel Komnenos ile ba\u015far\u0131l\u0131 bir g\u00f6r\u00fc\u015fme ger\u00e7ekle\u015ftirmi\u015f, 1170 y\u0131l\u0131nda Kral Amalrich onu o\u011flu Balduin\u2019in e\u011fitmenli\u011fine atam\u0131\u015f, 1174-1185 tarihleri aras\u0131nda hem kraliyet diplomasisinde hem de kilise \u00e7evrelerinde etkin bir rol oynam\u0131\u015ft\u0131r. Bu faaliyet d\u00f6nemleri, Ortado\u011fu\u2019daki en kritik zamanlara tan\u0131k olmas\u0131na imk\u00e2n sa\u011flam\u0131\u015ft\u0131r. Elinizdeki kronik, bu s\u00fcre\u00e7te olduk\u00e7a \u00f6nemli meseleleri aktarmas\u0131yla birinci derece kaynak niteli\u011findedir. Bu nedenle eserin 1143- 1184 tarihleri aras\u0131 hususi bir ehemmiyet arz etmektedir. Bu tarihler aras\u0131nda II. Ha\u00e7l\u0131 Seferi\u2019nin d\u00fczenlenmesi ve Selahaddin\u2019in y\u00fckseli\u015fi ile birlikte Eyy\u00fbb\u00ee Devleti\u2019nin kurulu\u015fu \u00e7ok \u00f6nemli tarihi geli\u015fmelerdir. Willermus\u2019un son b\u00f6l\u00fcmde yazd\u0131klar\u0131ndan Ha\u00e7l\u0131lar\u0131n, Ortado\u011fu\u2019da gittik\u00e7e \u00e7\u00f6kmekte olduklar\u0131n\u0131 fark etti\u011fi anla\u015f\u0131l\u0131yor. \u00c7\u00fcnk\u00fc bu d\u00f6nemdeki Kud\u00fcs Kral\u0131 IV. Balduin, krall\u0131\u011f\u0131 idare edemeyecek kadar hastal\u0131kl\u0131 ve zay\u0131ft\u0131. Willermus, Ortado\u011fu\u2019daki Ha\u00e7l\u0131 topraklar\u0131n\u0131n onlardan geri al\u0131naca\u011f\u0131n\u0131 \u00e2deta \u00f6nceden sezmi\u015fti.Ha\u00e7l\u0131lar T\u00fcrkler Kar\u015f\u0131s\u0131nda, Ortado\u011fu topraklar\u0131nda h\u00e2kimiyetin el de\u011fi\u015ftirdi\u011fi en kritik d\u00f6neme \u0131\u015f\u0131k tutan bir k\u0131lavuz\u2026 <\/p>\n","protected":false},"excerpt":{"rendered":"<p>Ha\u00e7l\u0131lar\u0131n 1143-1163 y\u0131llar\u0131 aras\u0131nda T\u00fcrklerle, \u00f6zellikle Musul Atabegi \u0130m\u00e2dedd\u00een Zeng\u00ee, o\u011flu Nureddin Mahm\u00fbd Zeng\u00ee, T\u00fcrkiye Sel\u00e7uklu Sultan\u0131 Mes\u00fbd ve II. K\u0131l\u0131\u00e7arslan ile olan ili\u015fkileri nas\u0131ld\u0131? Kud\u00fcs<span class=\"excerpt-hellip\"> [\u2026]<\/span><\/p>\n","protected":false},"featured_media":0,"template":"","meta":{"_monsterinsights_skip_tracking":false,"_monsterinsights_sitenote_active":false,"_monsterinsights_sitenote_note":"","_monsterinsights_sitenote_category":0},"product_brand":[],"product_cat":[12370,12304],"product_tag":[],"class_list":{"0":"post-719489","1":"product","2":"type-product","3":"status-publish","5":"product_cat-arastirma-inceleme","6":"product_cat-tarih","7":"pa_cilt-ciltsiz","8":"pa_tur-kitap","9":"pa_yayinevi-kronik-kitap","10":"pa_yazar-willermus-tyrensis","12":"first","13":"instock","14":"sale","15":"shipping-taxable","16":"purchasable","17":"product-type-simple"},"_links":{"self":[{"href":"https:\/\/roveyayinevi.com.tr\/index.php\/wp-json\/wp\/v2\/product\/719489","targetHints":{"allow":["GET"]}}],"collection":[{"href":"https:\/\/roveyayinevi.com.tr\/index.php\/wp-json\/wp\/v2\/product"}],"about":[{"href":"https:\/\/roveyayinevi.com.tr\/index.php\/wp-json\/wp\/v2\/types\/product"}],"wp:attachment":[{"href":"https:\/\/roveyayinevi.com.tr\/index.php\/wp-json\/wp\/v2\/media?parent=719489"}],"wp:term":[{"taxonomy":"product_brand","embeddable":true,"href":"https:\/\/roveyayinevi.com.tr\/index.php\/wp-json\/wp\/v2\/product_brand?post=719489"},{"taxonomy":"product_cat","embeddable":true,"href":"https:\/\/roveyayinevi.com.tr\/index.php\/wp-json\/wp\/v2\/product_cat?post=719489"},{"taxonomy":"product_tag","embeddable":true,"href":"https:\/\/roveyayinevi.com.tr\/index.php\/wp-json\/wp\/v2\/product_tag?post=719489"}],"curies":[{"name":"wp","href":"https:\/\/api.w.org\/{rel}","templated":true}]}}