{"id":719488,"date":"2025-08-27T18:22:40","date_gmt":"2025-08-27T15:22:40","guid":{"rendered":"https:\/\/roveyayinevi.com.tr\/index.php\/urun\/mustesar\/"},"modified":"2026-04-16T02:27:35","modified_gmt":"2026-04-15T23:27:35","slug":"mustesar","status":"publish","type":"product","link":"https:\/\/roveyayinevi.com.tr\/index.php\/urun\/mustesar\/","title":{"rendered":"M\u00fcste\u015far"},"content":{"rendered":"<p>Cumhuriyet tarihinin en radikal ekonomik hamlesi olan 24 Ocak Kararlar\u0131\u2019n\u0131n al\u0131nd\u0131\u011f\u0131, 12 Eyl\u00fcl Darbesi\u2019nin ya\u015fand\u0131\u011f\u0131 ve T\u00fcrkiye ekonomisinin liberalle\u015fmeye do\u011fru d\u00fcmen k\u0131rd\u0131\u011f\u0131 f\u0131rt\u0131nal\u0131 s\u00fcre\u00e7te, yani 80\u2019lerde, alt\u0131 seneyi a\u015fk\u0131n bir s\u00fcre Maliye teknesinin kaptan k\u00f6\u015fk\u00fcnde bulunmu\u015f bir emekli m\u00fcste\u015far, b\u00fcy\u00fckel\u00e7i ve milletvekili: Ertu\u011frul Kumcuo\u011flu.G\u00fcn\u00fcm\u00fcz T\u00fcrkiye\u2019sinin \u015fekillenmesinde derin ve direkt etkileri olan 1980\u2019leri enine boyuna ya\u015fam\u0131\u015f; S\u00fcleyman Demirel, Kenan Evren ve Turgut \u00d6zal gibi T\u00fcrk siyasi tarihinin en \u00f6nemli isimleriyle yak\u0131ndan \u00e7al\u0131\u015fm\u0131\u015f ve dolay\u0131s\u0131yla \u2018memleket meseleleri\u2019ne birinci elden tan\u0131kl\u0131k etmi\u015f, k\u00fc\u00e7\u00fck bir Bat\u0131 Anadolu kasabas\u0131nda do\u011fmu\u015f b\u00fcy\u00fcm\u00fc\u015f, yeti\u015fme d\u00f6nemini izleyen y\u0131llar\u0131n\u0131 hemen hemen b\u00fct\u00fcn\u00fcyle kamu hizmetine adam\u0131\u015f Kumcuo\u011flu\u2019nun elli y\u0131ll\u0131k ya\u015fam \u00f6yk\u00fcs\u00fc asl\u0131nda bizim ya\u015fam \u00f6yk\u00fcm\u00fcz. Peki bu \u00f6yk\u00fcde ba\u015fka neler var? Birinci D\u00fcnya Sava\u015f\u0131 ve Kurtulu\u015f Sava\u015f\u0131 gazisi olan babas\u0131 Yusuf Ziya Bey\u2019den ve di\u011fer b\u00fcy\u00fcklerinden hat\u0131ralar, o d\u00f6nem Anadolu\u2019sunun ve \u00f6zellikle Ege\u2019nin vaziyetinin b\u00fct\u00fcn \u00e7\u0131plakl\u0131\u011f\u0131, M\u00fclkiye y\u0131llar\u0131, bizzat \u015fahitlik etti\u011fi 27 May\u0131s 1960 Darbesi\u2019yle sonu\u00e7lanan Menderes d\u00f6nemi, Amerika ve \u0130svi\u00e7re\u2019deki ya\u015fant\u0131s\u0131, 1970\u2019lere ili\u015fkin an\u0131lar\u0131 ve izlenimleri&#8230;M\u00fcste\u015far; ele ald\u0131\u011f\u0131 d\u00f6nemlerin siyasi, ekonomik ve k\u00fclt\u00fcr iklimini ayr\u0131 ayr\u0131 masaya yat\u0131ran, Cumhuriyet\u2019in kurulu\u015fundan 1980\u2019lerin sonuna do\u011fru ilerlerken ge\u00e7mi\u015fi ve bug\u00fcn\u00fc anlamak ad\u0131na ak\u0131llardan \u00e7\u0131kmamas\u0131 gereken ger\u00e7ekleri aktaran, olduk\u00e7a lezzetli \u00fcsluba sahip bir T\u00fcrkiye panoramas\u0131\u2026 <\/p>\n","protected":false},"excerpt":{"rendered":"<p>Cumhuriyet tarihinin en radikal ekonomik hamlesi olan 24 Ocak Kararlar\u0131\u2019n\u0131n al\u0131nd\u0131\u011f\u0131, 12 Eyl\u00fcl Darbesi\u2019nin ya\u015fand\u0131\u011f\u0131 ve T\u00fcrkiye ekonomisinin liberalle\u015fmeye do\u011fru d\u00fcmen k\u0131rd\u0131\u011f\u0131 f\u0131rt\u0131nal\u0131 s\u00fcre\u00e7te, yani 80\u2019lerde,<span class=\"excerpt-hellip\"> [\u2026]<\/span><\/p>\n","protected":false},"featured_media":0,"template":"","meta":{"_monsterinsights_skip_tracking":false,"_monsterinsights_sitenote_active":false,"_monsterinsights_sitenote_note":"","_monsterinsights_sitenote_category":0},"product_brand":[],"product_cat":[14009,12291],"product_tag":[],"class_list":{"0":"post-719488","1":"product","2":"type-product","3":"status-publish","5":"product_cat-biyografi-otobiyografi-edebiyat","6":"product_cat-edebiyat","7":"pa_cilt-ciltsiz","8":"pa_tur-kitap","9":"pa_yayinevi-kronik-kitap","10":"pa_yazar-ertugrul-kumcuoglu","12":"first","13":"instock","14":"sale","15":"shipping-taxable","16":"purchasable","17":"product-type-simple"},"_links":{"self":[{"href":"https:\/\/roveyayinevi.com.tr\/index.php\/wp-json\/wp\/v2\/product\/719488","targetHints":{"allow":["GET"]}}],"collection":[{"href":"https:\/\/roveyayinevi.com.tr\/index.php\/wp-json\/wp\/v2\/product"}],"about":[{"href":"https:\/\/roveyayinevi.com.tr\/index.php\/wp-json\/wp\/v2\/types\/product"}],"wp:attachment":[{"href":"https:\/\/roveyayinevi.com.tr\/index.php\/wp-json\/wp\/v2\/media?parent=719488"}],"wp:term":[{"taxonomy":"product_brand","embeddable":true,"href":"https:\/\/roveyayinevi.com.tr\/index.php\/wp-json\/wp\/v2\/product_brand?post=719488"},{"taxonomy":"product_cat","embeddable":true,"href":"https:\/\/roveyayinevi.com.tr\/index.php\/wp-json\/wp\/v2\/product_cat?post=719488"},{"taxonomy":"product_tag","embeddable":true,"href":"https:\/\/roveyayinevi.com.tr\/index.php\/wp-json\/wp\/v2\/product_tag?post=719488"}],"curies":[{"name":"wp","href":"https:\/\/api.w.org\/{rel}","templated":true}]}}