{"id":719482,"date":"2025-08-27T18:22:37","date_gmt":"2025-08-27T15:22:37","guid":{"rendered":"https:\/\/roveyayinevi.com.tr\/index.php\/urun\/the-schools-mystery\/"},"modified":"2026-04-16T02:27:35","modified_gmt":"2026-04-15T23:27:35","slug":"the-schools-mystery","status":"publish","type":"product","link":"https:\/\/roveyayinevi.com.tr\/index.php\/urun\/the-schools-mystery\/","title":{"rendered":"The School&#8217;s Mystery"},"content":{"rendered":"<p>Bu t\u00fcyler \u00fcrpertici \u0130ngilizce \u00f6yk\u00fcy\u00fc bir solukta okuyacaks\u0131n\u0131z&#8230;\u0130lkokulun yan\u0131nda bulunan tarihi mezarl\u0131k \u00f6\u011frencileri hep korkutmaktad\u0131r. Susan ve David y\u0131llar sonra okullar\u0131na geri d\u00f6nerler ve binan\u0131n alt\u0131na kaz\u0131lm\u0131\u015f gizli bir t\u00fcnel ke\u015ffederler. Bu karanl\u0131k t\u00fcneli takip ettiklerinde ise mezarl\u0131\u011fa \u00e7\u0131k\u0131verirler. Bu t\u00fcneli kim kazm\u0131\u015f ve bu mezarlar kime ait? Susan ve David bir anda kendilerini s\u00fcr\u00fckleyici bir maceran\u0131n i\u00e7erisinde bulurlar. Kasabalar\u0131ndaki en b\u00fcy\u00fck s\u0131rlardan birini ortaya \u00e7\u0131karacaklard\u0131r&#8230;&#8221;Upper-intermediate&#8221; seviyesindeki bu \u0130ngilizce \u00f6yk\u00fcy\u00fc okuduktan sonra kitab\u0131n arkas\u0131ndaki okudu\u011funu anlama, s\u00f6zc\u00fck ve dilbilgisi sorular\u0131n\u0131 yapabilirsiniz. 4. seviyedeki bu kitapta konu\u015fma ve yazma al\u0131\u015ft\u0131rmalar\u0131 da yer al\u0131yor. Kitab\u0131n arkas\u0131ndaki s\u00f6zl\u00fckten \u00f6yk\u00fcde ge\u00e7en s\u00f6zc\u00fcklerin tan\u0131mlar\u0131n\u0131 ve c\u00fcmle i\u00e7inde \u00f6rnek kullan\u0131mlar\u0131n\u0131 g\u00f6rebilirsiniz. Bu t\u00fcyler \u00fcrpertici \u0130ngilizce \u00f6yk\u00fcy\u00fc bir solukta okuyacaks\u0131n\u0131z&#8230;\u0130lkokulun yan\u0131nda bulunan tarihi mezarl\u0131k \u00f6\u011frencileri hep korkutmaktad\u0131r. Susan ve David y\u0131llar sonra okullar\u0131na geri d\u00f6nerler ve binan\u0131n alt\u0131na kaz\u0131lm\u0131\u015f gizli bir t\u00fcnel ke\u015ffederler. Bu karanl\u0131k t\u00fcneli takip ettiklerinde ise mezarl\u0131\u011fa \u00e7\u0131k\u0131verirler. Bu t\u00fcneli kim kazm\u0131\u015f ve bu mezarlar kime ait? Susan ve David bir anda kendilerini s\u00fcr\u00fckleyici bir maceran\u0131n i\u00e7erisinde bulurlar. Kasabalar\u0131ndaki en b\u00fcy\u00fck s\u0131rlardan birini ortaya \u00e7\u0131karacaklard\u0131r&#8230;&#8221;Upper-intermediate&#8221; seviyesindeki bu \u0130ngilizce \u00f6yk\u00fcy\u00fc okuduktan sonra kitab\u0131n arkas\u0131ndaki okudu\u011funu anlama, s\u00f6zc\u00fck ve dilbilgisi sorular\u0131n\u0131 yapabilirsiniz. 4. seviyedeki bu kitapta konu\u015fma ve yazma al\u0131\u015ft\u0131rmalar\u0131 da yer al\u0131yor. Kitab\u0131n arkas\u0131ndaki s\u00f6zl\u00fckten \u00f6yk\u00fcde ge\u00e7en s\u00f6zc\u00fcklerin tan\u0131mlar\u0131n\u0131 ve c\u00fcmle i\u00e7inde \u00f6rnek kullan\u0131mlar\u0131n\u0131 g\u00f6rebilirsiniz.<\/p>\n","protected":false},"excerpt":{"rendered":"<p>Bu t\u00fcyler \u00fcrpertici \u0130ngilizce \u00f6yk\u00fcy\u00fc bir solukta okuyacaks\u0131n\u0131z&#8230;\u0130lkokulun yan\u0131nda bulunan tarihi mezarl\u0131k \u00f6\u011frencileri hep korkutmaktad\u0131r. Susan ve David y\u0131llar sonra okullar\u0131na geri d\u00f6nerler ve binan\u0131n alt\u0131na<span class=\"excerpt-hellip\"> [\u2026]<\/span><\/p>\n","protected":false},"featured_media":0,"template":"","meta":{"_monsterinsights_skip_tracking":false,"_monsterinsights_sitenote_active":false,"_monsterinsights_sitenote_note":"","_monsterinsights_sitenote_category":0},"product_brand":[],"product_cat":[12472],"product_tag":[],"class_list":{"0":"post-719482","1":"product","2":"type-product","3":"status-publish","5":"product_cat-yabanci-dilde-kitaplar","6":"pa_cilt-ciltsiz","7":"pa_tur-kitap","8":"pa_yayinevi-redhouse-kidz-yayinlari","9":"pa_yazar-sarah-sweeney","11":"first","12":"instock","13":"sale","14":"shipping-taxable","15":"purchasable","16":"product-type-simple"},"_links":{"self":[{"href":"https:\/\/roveyayinevi.com.tr\/index.php\/wp-json\/wp\/v2\/product\/719482","targetHints":{"allow":["GET"]}}],"collection":[{"href":"https:\/\/roveyayinevi.com.tr\/index.php\/wp-json\/wp\/v2\/product"}],"about":[{"href":"https:\/\/roveyayinevi.com.tr\/index.php\/wp-json\/wp\/v2\/types\/product"}],"wp:attachment":[{"href":"https:\/\/roveyayinevi.com.tr\/index.php\/wp-json\/wp\/v2\/media?parent=719482"}],"wp:term":[{"taxonomy":"product_brand","embeddable":true,"href":"https:\/\/roveyayinevi.com.tr\/index.php\/wp-json\/wp\/v2\/product_brand?post=719482"},{"taxonomy":"product_cat","embeddable":true,"href":"https:\/\/roveyayinevi.com.tr\/index.php\/wp-json\/wp\/v2\/product_cat?post=719482"},{"taxonomy":"product_tag","embeddable":true,"href":"https:\/\/roveyayinevi.com.tr\/index.php\/wp-json\/wp\/v2\/product_tag?post=719482"}],"curies":[{"name":"wp","href":"https:\/\/api.w.org\/{rel}","templated":true}]}}