{"id":719480,"date":"2025-08-27T18:22:36","date_gmt":"2025-08-27T15:22:36","guid":{"rendered":"https:\/\/roveyayinevi.com.tr\/index.php\/urun\/peanut-butter-and-jelly\/"},"modified":"2026-04-16T02:27:35","modified_gmt":"2026-04-15T23:27:35","slug":"peanut-butter-and-jelly","status":"publish","type":"product","link":"https:\/\/roveyayinevi.com.tr\/index.php\/urun\/peanut-butter-and-jelly\/","title":{"rendered":"Peanut Butter and Jelly"},"content":{"rendered":"<p>Treasure Hunt, hazine av\u0131na \u00e7\u0131kan ve b\u00f6ylece yeni bir oyun ke\u015ffeden bir ailenin ormanda ge\u00e7en maceras\u0131n\u0131 anlat\u0131yor. \u201cPre-intermediate\u201d seviyesindeki bu \u00f6yk\u00fcy\u00fc okuduktan sonra kitab\u0131n arkas\u0131ndaki okudu\u011funu anlama, s\u00f6zc\u00fck ve dilbilgisi sorular\u0131n\u0131 yapabilirsiniz. Ayr\u0131ca ikinci seviyede \u00f6\u011frenciler art\u0131k konu\u015fma ve yazma al\u0131\u015ft\u0131rmalar\u0131 yapmaya da ba\u015flayabilecekler. \u0130kinci seviyede okurlar\u0131n 25 ila 35 yeni s\u00f6zc\u00fck \u00f6\u011frenmeleri hedefleniyor ve kitab\u0131n arkas\u0131ndaki resimli s\u00f6zl\u00fckten bu s\u00f6zc\u00fcklerin tan\u0131mlar\u0131n\u0131 ve c\u00fcmle i\u00e7inde \u00f6rnek kullan\u0131mlar\u0131n\u0131 g\u00f6rebilirsiniz.<\/p>\n","protected":false},"excerpt":{"rendered":"<p>Treasure Hunt, hazine av\u0131na \u00e7\u0131kan ve b\u00f6ylece yeni bir oyun ke\u015ffeden bir ailenin ormanda ge\u00e7en maceras\u0131n\u0131 anlat\u0131yor. \u201cPre-intermediate\u201d seviyesindeki bu \u00f6yk\u00fcy\u00fc okuduktan sonra kitab\u0131n arkas\u0131ndaki okudu\u011funu<span class=\"excerpt-hellip\"> [\u2026]<\/span><\/p>\n","protected":false},"featured_media":0,"template":"","meta":{"_monsterinsights_skip_tracking":false,"_monsterinsights_sitenote_active":false,"_monsterinsights_sitenote_note":"","_monsterinsights_sitenote_category":0},"product_brand":[],"product_cat":[14597,12566],"product_tag":[],"class_list":{"0":"post-719480","1":"product","2":"type-product","3":"status-publish","5":"product_cat-dil-ogrenimi","6":"product_cat-egitim","7":"pa_cilt-ciltsiz","8":"pa_tur-kitap","9":"pa_yayinevi-redhouse-kidz-yayinlari","10":"pa_yazar-cilem-artun","12":"first","13":"instock","14":"sale","15":"shipping-taxable","16":"purchasable","17":"product-type-simple"},"_links":{"self":[{"href":"https:\/\/roveyayinevi.com.tr\/index.php\/wp-json\/wp\/v2\/product\/719480","targetHints":{"allow":["GET"]}}],"collection":[{"href":"https:\/\/roveyayinevi.com.tr\/index.php\/wp-json\/wp\/v2\/product"}],"about":[{"href":"https:\/\/roveyayinevi.com.tr\/index.php\/wp-json\/wp\/v2\/types\/product"}],"wp:attachment":[{"href":"https:\/\/roveyayinevi.com.tr\/index.php\/wp-json\/wp\/v2\/media?parent=719480"}],"wp:term":[{"taxonomy":"product_brand","embeddable":true,"href":"https:\/\/roveyayinevi.com.tr\/index.php\/wp-json\/wp\/v2\/product_brand?post=719480"},{"taxonomy":"product_cat","embeddable":true,"href":"https:\/\/roveyayinevi.com.tr\/index.php\/wp-json\/wp\/v2\/product_cat?post=719480"},{"taxonomy":"product_tag","embeddable":true,"href":"https:\/\/roveyayinevi.com.tr\/index.php\/wp-json\/wp\/v2\/product_tag?post=719480"}],"curies":[{"name":"wp","href":"https:\/\/api.w.org\/{rel}","templated":true}]}}