{"id":719478,"date":"2025-08-27T18:22:35","date_gmt":"2025-08-27T15:22:35","guid":{"rendered":"https:\/\/roveyayinevi.com.tr\/index.php\/urun\/snowy-day\/"},"modified":"2026-04-16T02:27:35","modified_gmt":"2026-04-15T23:27:35","slug":"snowy-day","status":"publish","type":"product","link":"https:\/\/roveyayinevi.com.tr\/index.php\/urun\/snowy-day\/","title":{"rendered":"Snowy Day"},"content":{"rendered":"<p>Redhouse \u00e7ok be\u011fenilen \u0130ngilizce \u00fcr\u00fcn yelpazesine yeni bir seri daha ekliyor!Redhouse Reading Set ile e\u011flenceli \u00f6yk\u00fcler okuyarak \u0130ngilizcenizi geli\u015ftirebileceksiniz! Bu seride her bir \u00f6yk\u00fc ve bu \u00f6yk\u00fclerin al\u0131\u015ft\u0131rmalar\u0131 farkl\u0131 seviyelere g\u00f6re tasarland\u0131. Size uygun \u0130ngilizce seviyeyi se\u00e7in ve okumaya ba\u015flay\u0131n&#8230;A Snowy Day karl\u0131 bir k\u0131\u015f g\u00fcn\u00fc iki karde\u015fin maceralar\u0131n\u0131 anlatan s\u0131cac\u0131k bir \u00f6yk\u00fc. \u201cElementary\u201d seviyesindeki bu \u00f6yk\u00fcy\u00fc okuduktan sonra kitab\u0131n arkas\u0131ndaki okudu\u011funu anlama, s\u00f6zc\u00fck ve dilbilgisi sorular\u0131n\u0131 yapabilirsiniz. Ayr\u0131ca \u201celementary\u201d seviyesine y\u00f6nelik kitaplar\u0131m\u0131zda bir eli\u015fi aktivitesi de bulunuyor. Birinci seviyede okurlar\u0131n 15 ila 25 yeni s\u00f6zc\u00fck \u00f6\u011frenmeleri hedefleniyor ve kitab\u0131n arkas\u0131ndaki resimli s\u00f6zl\u00fckten bu s\u00f6zc\u00fcklerin tan\u0131mlar\u0131n\u0131 ve c\u00fcmle i\u00e7inde \u00f6rnek kullan\u0131mlar\u0131n\u0131 g\u00f6rebilirsiniz<\/p>\n","protected":false},"excerpt":{"rendered":"<p>Redhouse \u00e7ok be\u011fenilen \u0130ngilizce \u00fcr\u00fcn yelpazesine yeni bir seri daha ekliyor!Redhouse Reading Set ile e\u011flenceli \u00f6yk\u00fcler okuyarak \u0130ngilizcenizi geli\u015ftirebileceksiniz! Bu seride her bir \u00f6yk\u00fc ve bu<span class=\"excerpt-hellip\"> [\u2026]<\/span><\/p>\n","protected":false},"featured_media":0,"template":"","meta":{"_monsterinsights_skip_tracking":false,"_monsterinsights_sitenote_active":false,"_monsterinsights_sitenote_note":"","_monsterinsights_sitenote_category":0},"product_brand":[],"product_cat":[12472],"product_tag":[],"class_list":{"0":"post-719478","1":"product","2":"type-product","3":"status-publish","5":"product_cat-yabanci-dilde-kitaplar","6":"pa_cilt-ciltsiz","7":"pa_tur-kitap","8":"pa_yayinevi-redhouse-kidz-yayinlari","9":"pa_yazar-sarah-sweeney","11":"first","12":"instock","13":"sale","14":"shipping-taxable","15":"purchasable","16":"product-type-simple"},"_links":{"self":[{"href":"https:\/\/roveyayinevi.com.tr\/index.php\/wp-json\/wp\/v2\/product\/719478","targetHints":{"allow":["GET"]}}],"collection":[{"href":"https:\/\/roveyayinevi.com.tr\/index.php\/wp-json\/wp\/v2\/product"}],"about":[{"href":"https:\/\/roveyayinevi.com.tr\/index.php\/wp-json\/wp\/v2\/types\/product"}],"wp:attachment":[{"href":"https:\/\/roveyayinevi.com.tr\/index.php\/wp-json\/wp\/v2\/media?parent=719478"}],"wp:term":[{"taxonomy":"product_brand","embeddable":true,"href":"https:\/\/roveyayinevi.com.tr\/index.php\/wp-json\/wp\/v2\/product_brand?post=719478"},{"taxonomy":"product_cat","embeddable":true,"href":"https:\/\/roveyayinevi.com.tr\/index.php\/wp-json\/wp\/v2\/product_cat?post=719478"},{"taxonomy":"product_tag","embeddable":true,"href":"https:\/\/roveyayinevi.com.tr\/index.php\/wp-json\/wp\/v2\/product_tag?post=719478"}],"curies":[{"name":"wp","href":"https:\/\/api.w.org\/{rel}","templated":true}]}}