{"id":719477,"date":"2025-08-27T18:22:35","date_gmt":"2025-08-27T15:22:35","guid":{"rendered":"https:\/\/roveyayinevi.com.tr\/index.php\/urun\/redhouse-las-100-palabras-mas-usadas-en-espanol-3-ispanyolca-dil-kartlari\/"},"modified":"2026-04-16T02:27:35","modified_gmt":"2026-04-15T23:27:35","slug":"redhouse-las-100-palabras-mas-usadas-en-espanol-3-ispanyolca-dil-kartlari","status":"publish","type":"product","link":"https:\/\/roveyayinevi.com.tr\/index.php\/urun\/redhouse-las-100-palabras-mas-usadas-en-espanol-3-ispanyolca-dil-kartlari\/","title":{"rendered":"Redhouse Las 100 Palabras Mas Usadas En Espanol-3 (\u0130spanyolca Dil Kartlar\u0131)"},"content":{"rendered":"<p>\u0130spanyolca \u00f6\u011frenmeye Orta d\u00fczeyde devam eden veya bu d\u00fczeydeki \u0130spanyolca s\u00f6zc\u00fckleri hat\u0131rlamak isteyen \u00f6\u011frenciler ve yeti\u015fkinlere y\u00f6nelik s\u00f6zc\u00fck kartlar\u0131 setimiz sayesinde s\u00f6zc\u00fck \u00f6\u011frenmek kolayla\u015f\u0131yor. Las 100 Palabras Mas Usadas En Espanol serimizdeki s\u00f6zc\u00fckler hem g\u00fcndelik hayatta kullan\u0131l\u0131\u015f s\u0131kl\u0131klar\u0131 hem de d\u00fczeye uygunluklar\u0131 g\u00f6zetilerek se\u00e7ildi. \u00dc\u00e7\u00fcnc\u00fc setimiz Orta (Intermedio) d\u00fczeyde 100 s\u00f6zc\u00fck i\u00e7eriyor. Her kart\u0131n \u00f6n y\u00fcz\u00fcnde bir s\u00f6zc\u00fck, arka y\u00fcz\u00fcnde ise bu s\u00f6zc\u00fc\u011f\u00fcn Uluslararas\u0131 Fonetik Alfabe\u2019ye g\u00f6re seslendirili\u015fi ve s\u00f6zc\u00fc\u011f\u00fcn T\u00fcrk\u00e7e anlam\u0131 veriliyor. Ayr\u0131ca, \u0130spanyolca isimlerin cinslerini belirten tan\u0131ml\u0131klar (articulos) da s\u00f6zc\u00fcklerin yan\u0131nda bulunuyor. S\u00f6zc\u00fckleri s\u0131k s\u0131k tekrar edebilmeniz i\u00e7in kullan\u0131m\u0131 kolay bir tasar\u0131m ve cebinizde ya da \u00e7antan\u0131zda ta\u015f\u0131yabilece\u011finiz bir boyut se\u00e7ildi.<\/p>\n","protected":false},"excerpt":{"rendered":"<p>\u0130spanyolca \u00f6\u011frenmeye Orta d\u00fczeyde devam eden veya bu d\u00fczeydeki \u0130spanyolca s\u00f6zc\u00fckleri hat\u0131rlamak isteyen \u00f6\u011frenciler ve yeti\u015fkinlere y\u00f6nelik s\u00f6zc\u00fck kartlar\u0131 setimiz sayesinde s\u00f6zc\u00fck \u00f6\u011frenmek kolayla\u015f\u0131yor. Las 100<span class=\"excerpt-hellip\"> [\u2026]<\/span><\/p>\n","protected":false},"featured_media":0,"template":"","meta":{"_monsterinsights_skip_tracking":false,"_monsterinsights_sitenote_active":false,"_monsterinsights_sitenote_note":"","_monsterinsights_sitenote_category":0},"product_brand":[],"product_cat":[14597,12566],"product_tag":[],"class_list":{"0":"post-719477","1":"product","2":"type-product","3":"status-publish","5":"product_cat-dil-ogrenimi","6":"product_cat-egitim","7":"pa_cilt-ciltsiz","8":"pa_tur-kitap10","9":"pa_yayinevi-redhouse-kidz-yayinlari","10":"pa_yazar-kollektif","12":"first","13":"instock","14":"sale","15":"shipping-taxable","16":"purchasable","17":"product-type-simple"},"_links":{"self":[{"href":"https:\/\/roveyayinevi.com.tr\/index.php\/wp-json\/wp\/v2\/product\/719477","targetHints":{"allow":["GET"]}}],"collection":[{"href":"https:\/\/roveyayinevi.com.tr\/index.php\/wp-json\/wp\/v2\/product"}],"about":[{"href":"https:\/\/roveyayinevi.com.tr\/index.php\/wp-json\/wp\/v2\/types\/product"}],"wp:attachment":[{"href":"https:\/\/roveyayinevi.com.tr\/index.php\/wp-json\/wp\/v2\/media?parent=719477"}],"wp:term":[{"taxonomy":"product_brand","embeddable":true,"href":"https:\/\/roveyayinevi.com.tr\/index.php\/wp-json\/wp\/v2\/product_brand?post=719477"},{"taxonomy":"product_cat","embeddable":true,"href":"https:\/\/roveyayinevi.com.tr\/index.php\/wp-json\/wp\/v2\/product_cat?post=719477"},{"taxonomy":"product_tag","embeddable":true,"href":"https:\/\/roveyayinevi.com.tr\/index.php\/wp-json\/wp\/v2\/product_tag?post=719477"}],"curies":[{"name":"wp","href":"https:\/\/api.w.org\/{rel}","templated":true}]}}