{"id":719475,"date":"2025-08-27T18:22:34","date_gmt":"2025-08-27T15:22:34","guid":{"rendered":"https:\/\/roveyayinevi.com.tr\/index.php\/urun\/riko-oscar-ve-defolu-kalpler\/"},"modified":"2026-04-16T02:27:35","modified_gmt":"2026-04-15T23:27:35","slug":"riko-oscar-ve-defolu-kalpler","status":"publish","type":"product","link":"https:\/\/roveyayinevi.com.tr\/index.php\/urun\/riko-oscar-ve-defolu-kalpler\/","title":{"rendered":"Riko Oscar ve Defolu Kalpler"},"content":{"rendered":"<p>Riko, ucuzcu \u00e7ocuk ka\u00e7\u0131r\u0131c\u0131s\u0131n\u0131 yakalatt\u0131ktan sonra g\u00fcnl\u00fc\u011f\u00fcne devam etti.Oskar, kafas\u0131ndaki kask\u0131 \u00e7\u0131kard\u0131 ama onun yerine surat\u0131ndan bile b\u00fcy\u00fck bir g\u00f6zl\u00fck takt\u0131.Ve iki kafadar, Riko\u2019nun annesinin de d\u00e2hil oldu\u011fu feci tehlikeli bir maceran\u0131n tam kalbine d\u00fc\u015ft\u00fc!Andreas Steinh\u00f6fel\u2019in ger\u00e7ek\u00e7i kaleminden \u00e7\u0131kan Riko, Oskar ve Defolu Kalpler, serinin ikinci kitab\u0131nda heyecan\u0131n dozunu daha da art\u0131r\u0131yor; aile ili\u015fkilerine, yak\u0131n dostluklara ve farkl\u0131l\u0131klar\u0131n g\u00fczelli\u011fine dikkat \u00e7ekerek okurunu yepyeni bir maceraya s\u00fcr\u00fckl\u00fcyor.<\/p>\n","protected":false},"excerpt":{"rendered":"<p>Riko, ucuzcu \u00e7ocuk ka\u00e7\u0131r\u0131c\u0131s\u0131n\u0131 yakalatt\u0131ktan sonra g\u00fcnl\u00fc\u011f\u00fcne devam etti.Oskar, kafas\u0131ndaki kask\u0131 \u00e7\u0131kard\u0131 ama onun yerine surat\u0131ndan bile b\u00fcy\u00fck bir g\u00f6zl\u00fck takt\u0131.Ve iki kafadar, Riko\u2019nun annesinin de<span class=\"excerpt-hellip\"> [\u2026]<\/span><\/p>\n","protected":false},"featured_media":0,"template":"","meta":{"_monsterinsights_skip_tracking":false,"_monsterinsights_sitenote_active":false,"_monsterinsights_sitenote_note":"","_monsterinsights_sitenote_category":0},"product_brand":[],"product_cat":[12275,12274],"product_tag":[],"class_list":{"0":"post-719475","1":"product","2":"type-product","3":"status-publish","5":"product_cat-6-12-yas-kitaplari","6":"product_cat-cocuk-ve-genclik-kitaplari","7":"pa_cilt-ciltli","8":"pa_tur-kitap","9":"pa_yayinevi-tudem-yayinlari","10":"pa_yazar-andreas-steinhofel","12":"first","13":"instock","14":"sale","15":"shipping-taxable","16":"purchasable","17":"product-type-simple"},"_links":{"self":[{"href":"https:\/\/roveyayinevi.com.tr\/index.php\/wp-json\/wp\/v2\/product\/719475","targetHints":{"allow":["GET"]}}],"collection":[{"href":"https:\/\/roveyayinevi.com.tr\/index.php\/wp-json\/wp\/v2\/product"}],"about":[{"href":"https:\/\/roveyayinevi.com.tr\/index.php\/wp-json\/wp\/v2\/types\/product"}],"wp:attachment":[{"href":"https:\/\/roveyayinevi.com.tr\/index.php\/wp-json\/wp\/v2\/media?parent=719475"}],"wp:term":[{"taxonomy":"product_brand","embeddable":true,"href":"https:\/\/roveyayinevi.com.tr\/index.php\/wp-json\/wp\/v2\/product_brand?post=719475"},{"taxonomy":"product_cat","embeddable":true,"href":"https:\/\/roveyayinevi.com.tr\/index.php\/wp-json\/wp\/v2\/product_cat?post=719475"},{"taxonomy":"product_tag","embeddable":true,"href":"https:\/\/roveyayinevi.com.tr\/index.php\/wp-json\/wp\/v2\/product_tag?post=719475"}],"curies":[{"name":"wp","href":"https:\/\/api.w.org\/{rel}","templated":true}]}}