{"id":719473,"date":"2025-08-27T18:22:33","date_gmt":"2025-08-27T15:22:33","guid":{"rendered":"https:\/\/roveyayinevi.com.tr\/index.php\/urun\/suistimalci-anayasacilik\/"},"modified":"2026-04-16T02:27:35","modified_gmt":"2026-04-15T23:27:35","slug":"suistimalci-anayasacilik","status":"publish","type":"product","link":"https:\/\/roveyayinevi.com.tr\/index.php\/urun\/suistimalci-anayasacilik\/","title":{"rendered":"Suistimalci Anayasac\u0131l\u0131k"},"content":{"rendered":"<p>Bu eser, demokratik d\u00fczeni ortadan kald\u0131rmak maksad\u0131yla gittik\u00e7e \u00f6nemi artan fenomen anayasa de\u011fi\u015fikli\u011fi mekanizmalar\u0131n\u0131n kullan\u0131m\u0131n\u0131 ele alacakt\u0131r. Macaristan, M\u0131s\u0131r ve Venezuela gibi farkl\u0131 \u00fclke gruplar\u0131ndaki son olaylar silsilesi, anayasa de\u011fi\u015fikli\u011fi ve mevcut anayasan\u0131n de\u011fi\u015ftirilmesi ara\u00e7lar\u0131n\u0131n kolayca demokrasiyi zay\u0131flatmak i\u00e7in otokrasiye meyilli \u015fahsiyetler taraf\u0131ndan kullan\u0131labilece\u011fini ortaya koymu\u015ftur. Demokratik d\u00fczende askeri darbeler ve di\u011fer a\u015fikar zorlamalar g\u00f6zden d\u00fc\u015ft\u00fc\u011f\u00fcnden iktidar sahipleri bunun yerine, kendilerinin iktidardan d\u00fc\u015fmelerini zorla\u015ft\u0131rmak ile mahkeme ve denetim kurumlar\u0131n\u0131 etkisiz hale getirmek veya bunlar\u0131 kendi maksatlar\u0131na alet etmek amac\u0131yla sinsice de\u011fi\u015fikliklerle anayasal d\u00fczeni \u00e7al\u0131\u015f\u0131yormu\u015f gibi g\u00f6stermektedirler. Bu rejimde se\u00e7imler yap\u0131lmaya devam eder ve asl\u0131nda rejim tam da otoriter de\u011fildir, bununla birlikte \u00f6nceki rejimden \u00e7ok daha az demokratiktir.Yeni rejim kar\u015f\u0131s\u0131nda hem mukayeseli anayasa hukukunda ve hem de uluslararas\u0131 hukukta demokratik koruma mekanizmalar\u0131 b\u00fcy\u00fck \u00f6l\u00e7\u00fcde etkisizle\u015ftirildi\u011finden, suistimalci anayasac\u0131l\u0131k sorunu da \u00f6nemli \u00f6l\u00e7\u00fcde halledilmemi\u015f olarak kalmaktad\u0131r. Alman Militan demokrasi anlay\u0131\u015f\u0131 ve anayasa de\u011fi\u015fikliklerinin anayasaya ayk\u0131r\u0131l\u0131\u011f\u0131 doktrini gibi literat\u00fcrde \u00e7ok g\u00fcvenilen mekanizmalar, uygulamada suistimalci anayasac\u0131l\u0131k tehdidini \u00f6nlemede yetersiz kalmaktad\u0131r. Otokrasiye meyilli \u015fahsiyetler bu durumdan kolayl\u0131kla yararlanabilmektedirler.<\/p>\n","protected":false},"excerpt":{"rendered":"<p>Bu eser, demokratik d\u00fczeni ortadan kald\u0131rmak maksad\u0131yla gittik\u00e7e \u00f6nemi artan fenomen anayasa de\u011fi\u015fikli\u011fi mekanizmalar\u0131n\u0131n kullan\u0131m\u0131n\u0131 ele alacakt\u0131r. Macaristan, M\u0131s\u0131r ve Venezuela gibi farkl\u0131 \u00fclke gruplar\u0131ndaki son<span class=\"excerpt-hellip\"> [\u2026]<\/span><\/p>\n","protected":false},"featured_media":0,"template":"","meta":{"_monsterinsights_skip_tracking":false,"_monsterinsights_sitenote_active":false,"_monsterinsights_sitenote_note":"","_monsterinsights_sitenote_category":0},"product_brand":[],"product_cat":[15350,17602],"product_tag":[],"class_list":{"0":"post-719473","1":"product","2":"type-product","3":"status-publish","5":"product_cat-hukuk","6":"product_cat-hukuk-uzerine","7":"pa_cilt-ciltsiz","8":"pa_tur-kitap","9":"pa_yayinevi-astana-yayinlari","10":"pa_yazar-david-landau","12":"first","13":"instock","14":"sale","15":"shipping-taxable","16":"purchasable","17":"product-type-simple"},"_links":{"self":[{"href":"https:\/\/roveyayinevi.com.tr\/index.php\/wp-json\/wp\/v2\/product\/719473","targetHints":{"allow":["GET"]}}],"collection":[{"href":"https:\/\/roveyayinevi.com.tr\/index.php\/wp-json\/wp\/v2\/product"}],"about":[{"href":"https:\/\/roveyayinevi.com.tr\/index.php\/wp-json\/wp\/v2\/types\/product"}],"wp:attachment":[{"href":"https:\/\/roveyayinevi.com.tr\/index.php\/wp-json\/wp\/v2\/media?parent=719473"}],"wp:term":[{"taxonomy":"product_brand","embeddable":true,"href":"https:\/\/roveyayinevi.com.tr\/index.php\/wp-json\/wp\/v2\/product_brand?post=719473"},{"taxonomy":"product_cat","embeddable":true,"href":"https:\/\/roveyayinevi.com.tr\/index.php\/wp-json\/wp\/v2\/product_cat?post=719473"},{"taxonomy":"product_tag","embeddable":true,"href":"https:\/\/roveyayinevi.com.tr\/index.php\/wp-json\/wp\/v2\/product_tag?post=719473"}],"curies":[{"name":"wp","href":"https:\/\/api.w.org\/{rel}","templated":true}]}}