{"id":719472,"date":"2025-08-27T18:22:32","date_gmt":"2025-08-27T15:22:32","guid":{"rendered":"https:\/\/roveyayinevi.com.tr\/index.php\/urun\/rabia-yeni-hayat\/"},"modified":"2026-04-16T02:27:35","modified_gmt":"2026-04-15T23:27:35","slug":"rabia-yeni-hayat","status":"publish","type":"product","link":"https:\/\/roveyayinevi.com.tr\/index.php\/urun\/rabia-yeni-hayat\/","title":{"rendered":"Rabia Yeni Hayat"},"content":{"rendered":"<p>\u201cYazd\u0131klar\u0131m, ya\u015fad\u0131klar\u0131m\u0131n \u00f6ns\u00f6z\u00fcd\u00fcr.\u201d   E\u015finden g\u00f6rd\u00fc\u011f\u00fc fiziksel \u015fiddet ve psikolojik bask\u0131dan bunalm\u0131\u015ft\u0131 Rabia. G\u00fcn ge\u00e7tik\u00e7e yitip gitti\u011fini; ac\u0131, \u00e7aresizlik ve umutsuzluk i\u00e7inde bo\u011fuldu\u011funu hissediyordu. Bir g\u00fcn, bu esarete son vermeye karar verdi ve \u00fc\u00e7 \u00e7ocu\u011fuyla birlikte, be\u015f paras\u0131z, Diyarbak\u0131r\u2019dan \u0130stanbul\u2019a ka\u00e7t\u0131.  En dipten, t\u00fcm zorluklar\u0131 iliklerinde hissederek ba\u015flad\u0131 yeni hayat\u0131na. \u00c7ay oca\u011f\u0131nda \u00e7al\u0131\u015ft\u0131, evlere temizli\u011fe gitti, geceleri el i\u015fi yapt\u0131; bu koca kentte t\u00fcm g\u00fcc\u00fcyle tutunmaya \u00e7al\u0131\u015ft\u0131. Ne olursa olsun inanc\u0131n\u0131 ve umudunu hi\u00e7 kaybetmedi. \u201c\u0130nan\u0131rsan her \u015fey m\u00fcmk\u00fcn,\u201d diyordu hep. \u201cEvet, her \u015fey m\u00fcmk\u00fcn\u201dd\u00fc.    Mucizevi bir ba\u015far\u0131ya giden yolda \u00e7ok okuyacak, \u00e7ok \u00e7al\u0131\u015facak, kendini yeniden var edecekti.   Rabia G\u00fczel, hayat\u0131n\u0131n en \u00e7arp\u0131c\u0131 d\u00f6nemlerini bir roman tad\u0131nda anlat\u0131yor Rabia Yeni Hayat\u2019ta. T\u00fcrl\u00fc bask\u0131lar alt\u0131nda \u00e7\u0131k\u0131\u015f yolu arayan kad\u0131nlara kendilerini nas\u0131l de\u011fi\u015ftirip d\u00f6n\u00fc\u015ft\u00fcreceklerini g\u00f6steriyor. \u201cHak etti\u011fine inand\u0131\u011f\u0131n \u015feyi almak i\u00e7in elinden ne geliyorsa yap,\u201d diyor.   \u201c\u00c7\u00fcnk\u00fc sen, her \u015feyin en iyisini ve g\u00fczelini hak ediyorsun. Tek bir muzice var, o da sensin.\u201d <\/p>\n","protected":false},"excerpt":{"rendered":"<p>\u201cYazd\u0131klar\u0131m, ya\u015fad\u0131klar\u0131m\u0131n \u00f6ns\u00f6z\u00fcd\u00fcr.\u201d E\u015finden g\u00f6rd\u00fc\u011f\u00fc fiziksel \u015fiddet ve psikolojik bask\u0131dan bunalm\u0131\u015ft\u0131 Rabia. G\u00fcn ge\u00e7tik\u00e7e yitip gitti\u011fini; ac\u0131, \u00e7aresizlik ve umutsuzluk i\u00e7inde bo\u011fuldu\u011funu hissediyordu. Bir g\u00fcn, bu<span class=\"excerpt-hellip\"> [\u2026]<\/span><\/p>\n","protected":false},"featured_media":0,"template":"","meta":{"_monsterinsights_skip_tracking":false,"_monsterinsights_sitenote_active":false,"_monsterinsights_sitenote_note":"","_monsterinsights_sitenote_category":0},"product_brand":[],"product_cat":[12364,12376],"product_tag":[],"class_list":{"0":"post-719472","1":"product","2":"type-product","3":"status-publish","5":"product_cat-genel-konular","6":"product_cat-kisisel-gelisim","7":"pa_cilt-ciltsiz","8":"pa_tur-kitap","9":"pa_yayinevi-nemesis-kitap","10":"pa_yazar-rabia-guzel","12":"first","13":"instock","14":"sale","15":"shipping-taxable","16":"purchasable","17":"product-type-simple"},"_links":{"self":[{"href":"https:\/\/roveyayinevi.com.tr\/index.php\/wp-json\/wp\/v2\/product\/719472","targetHints":{"allow":["GET"]}}],"collection":[{"href":"https:\/\/roveyayinevi.com.tr\/index.php\/wp-json\/wp\/v2\/product"}],"about":[{"href":"https:\/\/roveyayinevi.com.tr\/index.php\/wp-json\/wp\/v2\/types\/product"}],"wp:attachment":[{"href":"https:\/\/roveyayinevi.com.tr\/index.php\/wp-json\/wp\/v2\/media?parent=719472"}],"wp:term":[{"taxonomy":"product_brand","embeddable":true,"href":"https:\/\/roveyayinevi.com.tr\/index.php\/wp-json\/wp\/v2\/product_brand?post=719472"},{"taxonomy":"product_cat","embeddable":true,"href":"https:\/\/roveyayinevi.com.tr\/index.php\/wp-json\/wp\/v2\/product_cat?post=719472"},{"taxonomy":"product_tag","embeddable":true,"href":"https:\/\/roveyayinevi.com.tr\/index.php\/wp-json\/wp\/v2\/product_tag?post=719472"}],"curies":[{"name":"wp","href":"https:\/\/api.w.org\/{rel}","templated":true}]}}