{"id":719471,"date":"2025-08-27T18:22:31","date_gmt":"2025-08-27T15:22:31","guid":{"rendered":"https:\/\/roveyayinevi.com.tr\/index.php\/urun\/firildak-ailesi\/"},"modified":"2026-04-16T02:27:35","modified_gmt":"2026-04-15T23:27:35","slug":"firildak-ailesi","status":"publish","type":"product","link":"https:\/\/roveyayinevi.com.tr\/index.php\/urun\/firildak-ailesi\/","title":{"rendered":"F\u0131r\u0131ldak Ailesi"},"content":{"rendered":"<p>\u201cD\u00dcNYA DURSA DA ONLAR D\u00d6NER!\u201dT\u00fcrkiye\u2019nin yeti\u015fkinler i\u00e7in ilk yerli \u00e7izgi dizisi, me\u015fhur F\u0131r\u0131ldak Ailesi\u2019nin \u00e7izgi roman\u0131n\u0131 elinizde tutuyorsunuz. Birbirinden komik, birbirinden abs\u00fcrt karakterleri ve u\u00e7uk ka\u00e7\u0131k hikayeleriyle F\u0131r\u0131ldak Ailesi\u2019ni okumaya ba\u015flamak i\u00e7in acele edin.<\/p>\n","protected":false},"excerpt":{"rendered":"<p>\u201cD\u00dcNYA DURSA DA ONLAR D\u00d6NER!\u201dT\u00fcrkiye\u2019nin yeti\u015fkinler i\u00e7in ilk yerli \u00e7izgi dizisi, me\u015fhur F\u0131r\u0131ldak Ailesi\u2019nin \u00e7izgi roman\u0131n\u0131 elinizde tutuyorsunuz. Birbirinden komik, birbirinden abs\u00fcrt karakterleri ve u\u00e7uk ka\u00e7\u0131k<span class=\"excerpt-hellip\"> [\u2026]<\/span><\/p>\n","protected":false},"featured_media":0,"template":"","meta":{"_monsterinsights_skip_tracking":false,"_monsterinsights_sitenote_active":false,"_monsterinsights_sitenote_note":"","_monsterinsights_sitenote_category":0},"product_brand":[],"product_cat":[12416,12291],"product_tag":[],"class_list":{"0":"post-719471","1":"product","2":"type-product","3":"status-publish","5":"product_cat-cizgi-roman","6":"product_cat-edebiyat","7":"pa_cilt-ciltsiz","8":"pa_tur-kitap","9":"pa_yayinevi-eksik-parca-yayinlari","10":"pa_yazar-varol-yasaroglu-haluk-can-dizdaroglu","12":"first","13":"instock","14":"sale","15":"shipping-taxable","16":"purchasable","17":"product-type-simple"},"_links":{"self":[{"href":"https:\/\/roveyayinevi.com.tr\/index.php\/wp-json\/wp\/v2\/product\/719471","targetHints":{"allow":["GET"]}}],"collection":[{"href":"https:\/\/roveyayinevi.com.tr\/index.php\/wp-json\/wp\/v2\/product"}],"about":[{"href":"https:\/\/roveyayinevi.com.tr\/index.php\/wp-json\/wp\/v2\/types\/product"}],"wp:attachment":[{"href":"https:\/\/roveyayinevi.com.tr\/index.php\/wp-json\/wp\/v2\/media?parent=719471"}],"wp:term":[{"taxonomy":"product_brand","embeddable":true,"href":"https:\/\/roveyayinevi.com.tr\/index.php\/wp-json\/wp\/v2\/product_brand?post=719471"},{"taxonomy":"product_cat","embeddable":true,"href":"https:\/\/roveyayinevi.com.tr\/index.php\/wp-json\/wp\/v2\/product_cat?post=719471"},{"taxonomy":"product_tag","embeddable":true,"href":"https:\/\/roveyayinevi.com.tr\/index.php\/wp-json\/wp\/v2\/product_tag?post=719471"}],"curies":[{"name":"wp","href":"https:\/\/api.w.org\/{rel}","templated":true}]}}