{"id":719470,"date":"2025-08-27T18:22:31","date_gmt":"2025-08-27T15:22:31","guid":{"rendered":"https:\/\/roveyayinevi.com.tr\/index.php\/urun\/kuresel-enerji-politikalarinin-kiskacinda-ortadogu\/"},"modified":"2026-04-16T02:27:35","modified_gmt":"2026-04-15T23:27:35","slug":"kuresel-enerji-politikalarinin-kiskacinda-ortadogu","status":"publish","type":"product","link":"https:\/\/roveyayinevi.com.tr\/index.php\/urun\/kuresel-enerji-politikalarinin-kiskacinda-ortadogu\/","title":{"rendered":"K\u00fcresel Enerji Politikalar\u0131n\u0131n K\u0131skac\u0131nda Ortado\u011fu"},"content":{"rendered":"<p>Ge\u00e7ti\u011fimiz son y\u00fczy\u0131lda devletlerin i\u00e7 ve d\u0131\u015f siyaseti a\u00e7\u0131s\u0131ndan ana belirleyici unsurlardan biri haline gelen enerjiye ba\u011f\u0131ml\u0131l\u0131k g\u00fcn ge\u00e7tik\u00e7e artmaktad\u0131r. Bu nedenle enerji kaynaklar\u0131na sahip olman\u0131n verdi\u011fi uluslararas\u0131 g\u00fcc\u00fc elde etmek i\u00e7in devletler s\u00fcrekli m\u00fccadele i\u00e7erisindedirler. Petrol, do\u011fal gaz rezervleri bak\u0131m\u0131ndan d\u00fcnyan\u0131n neredeyse \u00fc\u00e7te ikisine ve \u00f6nemli deniz ticaret yollar\u0131n\u0131n, k\u00f6rfez ve bo\u011fazlar\u0131n ge\u00e7i\u015f noktas\u0131na sahip Ortado\u011fu k\u00fcresel g\u00fc\u00e7lerin iktidar sava\u015f\u0131n\u0131 y\u00fcr\u00fctt\u00fckleri vekalet ve minyat\u00fcr sava\u015flar\u0131n\u0131n ya\u015fand\u0131\u011f\u0131 bir ortama d\u00f6n\u00fc\u015fm\u00fc\u015ft\u00fcr. Ya\u015fanan kaynak \u00e7at\u0131\u015fmas\u0131 b\u00f6lge ekonomik, siyasal istikrars\u0131zl\u0131\u011f\u0131 ve g\u00fcvenlik sorunlar\u0131 da beraberinde getirmektedir. \u0130stikrars\u0131zl\u0131\u011f\u0131n\u0131n ve \u00e7at\u0131\u015fmalar\u0131n \u015fiddetli bir \u015fekilde devam etmesi b\u00f6lgede ya\u015fayan insanlar\u0131n ya\u015fam haklar\u0131n\u0131 tehdit etmekte hatta yok etmektedir, ortaya \u00e7\u0131kan \u00e7evresel sorunlardan kaynakl\u0131 gelecek nesillerin devam\u0131 i\u00e7in mevcut \u00e7evre fakt\u00f6rleri azalmaktad\u0131r ve k\u00fcresel enerji g\u00fcvenli\u011finin sa\u011flanmas\u0131n\u0131 da zorla\u015ft\u0131rmaktad\u0131r. Enerjinin uygun ko\u015fullarda s\u00fcrd\u00fcr\u00fclebilir kesintisiz sa\u011flanmas\u0131 olarak ifade edilen enerjinin g\u00fcvenli\u011fi; t\u00fcm d\u00fcnyan\u0131n ihtiyac\u0131 olan d\u00fcnya enerji kaynaklar\u0131n\u0131n \u00fc\u00e7te ikisini bar\u0131nd\u0131ran Ortado\u011fu\u2019da bar\u0131\u015f\u0131n ve uzla\u015fmac\u0131 politikalar\u0131n uygulanmas\u0131 ile m\u00fcmk\u00fcnd\u00fcr. Dolay\u0131s\u0131yla Ortado\u011fu; vekalet ve minyat\u00fcr sava\u015flar\u0131n\u0131n odak noktas\u0131 oldu\u011fu gibi ayn\u0131 zamanda k\u00fcresel enerji sorunlar\u0131n\u0131n \u00e7\u00f6z\u00fcm noktas\u0131d\u0131r. <\/p>\n","protected":false},"excerpt":{"rendered":"<p>Ge\u00e7ti\u011fimiz son y\u00fczy\u0131lda devletlerin i\u00e7 ve d\u0131\u015f siyaseti a\u00e7\u0131s\u0131ndan ana belirleyici unsurlardan biri haline gelen enerjiye ba\u011f\u0131ml\u0131l\u0131k g\u00fcn ge\u00e7tik\u00e7e artmaktad\u0131r. Bu nedenle enerji kaynaklar\u0131na sahip olman\u0131n<span class=\"excerpt-hellip\"> [\u2026]<\/span><\/p>\n","protected":false},"featured_media":0,"template":"","meta":{"_monsterinsights_skip_tracking":false,"_monsterinsights_sitenote_active":false,"_monsterinsights_sitenote_note":"","_monsterinsights_sitenote_category":0},"product_brand":[],"product_cat":[13044,13043],"product_tag":[],"class_list":{"0":"post-719470","1":"product","2":"type-product","3":"status-publish","5":"product_cat-dunya-ekonomisi","6":"product_cat-ekonomi","7":"pa_cilt-ciltsiz","8":"pa_tur-kitap","9":"pa_yayinevi-astana-yayinlari","10":"pa_yazar-sonay-sahin","12":"first","13":"instock","14":"sale","15":"shipping-taxable","16":"purchasable","17":"product-type-simple"},"_links":{"self":[{"href":"https:\/\/roveyayinevi.com.tr\/index.php\/wp-json\/wp\/v2\/product\/719470","targetHints":{"allow":["GET"]}}],"collection":[{"href":"https:\/\/roveyayinevi.com.tr\/index.php\/wp-json\/wp\/v2\/product"}],"about":[{"href":"https:\/\/roveyayinevi.com.tr\/index.php\/wp-json\/wp\/v2\/types\/product"}],"wp:attachment":[{"href":"https:\/\/roveyayinevi.com.tr\/index.php\/wp-json\/wp\/v2\/media?parent=719470"}],"wp:term":[{"taxonomy":"product_brand","embeddable":true,"href":"https:\/\/roveyayinevi.com.tr\/index.php\/wp-json\/wp\/v2\/product_brand?post=719470"},{"taxonomy":"product_cat","embeddable":true,"href":"https:\/\/roveyayinevi.com.tr\/index.php\/wp-json\/wp\/v2\/product_cat?post=719470"},{"taxonomy":"product_tag","embeddable":true,"href":"https:\/\/roveyayinevi.com.tr\/index.php\/wp-json\/wp\/v2\/product_tag?post=719470"}],"curies":[{"name":"wp","href":"https:\/\/api.w.org\/{rel}","templated":true}]}}