{"id":719466,"date":"2025-08-27T18:22:28","date_gmt":"2025-08-27T15:22:28","guid":{"rendered":"https:\/\/roveyayinevi.com.tr\/index.php\/urun\/inan-bana\/"},"modified":"2026-04-16T02:27:35","modified_gmt":"2026-04-15T23:27:35","slug":"inan-bana","status":"publish","type":"product","link":"https:\/\/roveyayinevi.com.tr\/index.php\/urun\/inan-bana\/","title":{"rendered":"\u0130nan Bana"},"content":{"rendered":"<p>Beni Asla Asla AffetmeyecekOnu Kaybedece\u011fim Ve Bu Beni \u00d6ld\u00fcr\u00fcyor Juliette gibi, insanlar\u0131 dokunarak \u00f6ld\u00fcrebildi\u011finiz i\u00e7inon yedi ya\u015f\u0131n\u0131zda korkun\u00e7 bir despotu devirip Kuzey Amerika\u2019n\u0131n y\u00f6neticisi olsan\u0131z ne yapard\u0131n\u0131z?   Hem de \u00f6ld\u00fcrd\u00fc\u011f\u00fcn\u00fcz o despot, \u00e2\u015f\u0131k oldu\u011funuz adam\u0131n babas\u0131ysa, insanlar\u0131 nas\u0131l y\u00f6netece\u011finize dair en ufak bir fikriniz yoksa vege\u00e7mi\u015fe dair korkun\u00e7 ger\u00e7ekler birer birer ortaya \u00e7\u0131karsa?.. Juliette bu kez \u00e7ok derinlerdeki d\u00fc\u015fmanlarla sava\u015fmak zorunda. Bana Dokunma serisi, \u0130nan Bana ile yeniden ba\u015fl\u0131yor! Haz\u0131r m\u0131s\u0131n? <\/p>\n","protected":false},"excerpt":{"rendered":"<p>Beni Asla Asla AffetmeyecekOnu Kaybedece\u011fim Ve Bu Beni \u00d6ld\u00fcr\u00fcyor Juliette gibi, insanlar\u0131 dokunarak \u00f6ld\u00fcrebildi\u011finiz i\u00e7inon yedi ya\u015f\u0131n\u0131zda korkun\u00e7 bir despotu devirip Kuzey Amerika\u2019n\u0131n y\u00f6neticisi olsan\u0131z ne<span class=\"excerpt-hellip\"> [\u2026]<\/span><\/p>\n","protected":false},"featured_media":0,"template":"","meta":{"_monsterinsights_skip_tracking":false,"_monsterinsights_sitenote_active":false,"_monsterinsights_sitenote_note":"","_monsterinsights_sitenote_category":0},"product_brand":[],"product_cat":[12291,14777],"product_tag":[],"class_list":{"0":"post-719466","1":"product","2":"type-product","3":"status-publish","5":"product_cat-edebiyat","6":"product_cat-fantastik","7":"pa_cilt-ciltsiz","8":"pa_tur-kitap","9":"pa_yayinevi-dex-yayinevi","10":"pa_yazar-tahereh-mafi","12":"first","13":"instock","14":"sale","15":"shipping-taxable","16":"purchasable","17":"product-type-simple"},"_links":{"self":[{"href":"https:\/\/roveyayinevi.com.tr\/index.php\/wp-json\/wp\/v2\/product\/719466","targetHints":{"allow":["GET"]}}],"collection":[{"href":"https:\/\/roveyayinevi.com.tr\/index.php\/wp-json\/wp\/v2\/product"}],"about":[{"href":"https:\/\/roveyayinevi.com.tr\/index.php\/wp-json\/wp\/v2\/types\/product"}],"wp:attachment":[{"href":"https:\/\/roveyayinevi.com.tr\/index.php\/wp-json\/wp\/v2\/media?parent=719466"}],"wp:term":[{"taxonomy":"product_brand","embeddable":true,"href":"https:\/\/roveyayinevi.com.tr\/index.php\/wp-json\/wp\/v2\/product_brand?post=719466"},{"taxonomy":"product_cat","embeddable":true,"href":"https:\/\/roveyayinevi.com.tr\/index.php\/wp-json\/wp\/v2\/product_cat?post=719466"},{"taxonomy":"product_tag","embeddable":true,"href":"https:\/\/roveyayinevi.com.tr\/index.php\/wp-json\/wp\/v2\/product_tag?post=719466"}],"curies":[{"name":"wp","href":"https:\/\/api.w.org\/{rel}","templated":true}]}}