{"id":719461,"date":"2025-08-27T18:22:24","date_gmt":"2025-08-27T15:22:24","guid":{"rendered":"https:\/\/roveyayinevi.com.tr\/index.php\/urun\/evlilik-terapisi-teknikleri-el-kitabi\/"},"modified":"2026-04-16T02:27:35","modified_gmt":"2026-04-15T23:27:35","slug":"evlilik-terapisi-teknikleri-el-kitabi","status":"publish","type":"product","link":"https:\/\/roveyayinevi.com.tr\/index.php\/urun\/evlilik-terapisi-teknikleri-el-kitabi\/","title":{"rendered":"Evlilik Terapisi Teknikleri El Kitab\u0131"},"content":{"rendered":"<p>ETK\u0130L\u0130 VE \u00c7OK \u00d6ZEL EVL\u0130L\u0130K TERAP\u0130S\u0130 TEKN\u0130KLER\u0130&#8230; Sevgili dostum Gerald R. Weeks\u2019in, Stephen T. Fife ve Colleen M. Peterson ile birlikte haz\u0131rlad\u0131\u011f\u0131 Evlilik Terapisi Teknikleri El Kitab\u0131, \u00e7iftlerle \u00e7al\u0131\u015fan evlilik terapistlerinin alet \u00e7antalar\u0131n\u0131 \u00e7ok etkili ve g\u00fc\u00e7l\u00fc terap\u00f6tik ara\u00e7larla dolduracakt\u0131r. Evlilik ve ili\u015fki terapisinde gerekli olabilecek terap\u00f6tik m\u00fcdahaleleri geni\u015f bir yelpazede ele alan bu benzersiz ba\u015fucu kayna\u011f\u0131n\u0131, klinik becerilerini geli\u015ftirmek isteyen t\u00fcm ruh sa\u011fl\u0131\u011f\u0131 profesyonellerine \u015fiddetle tavsiye ediyorum&#8230; Cem KE\u00c7E \u00d6\u011eRET\u0130C\u0130, YOL G\u00d6STER\u0130C\u0130, \u0130LHAM VER\u0130C\u0130 B\u0130R KAYNAK\u2026 Evlilik Terapisi Teknikleri El Kitab\u0131, alan\u0131nda uzman akademisyen ve klinisyenlerin bilgi ve deneyimlerinin s\u00fczgecinden ge\u00e7erek geli\u015ftirilen evlilik ve ili\u015fki terapisi tekniklerini bir araya getiren, mesle\u011fe yeni ba\u015flayan terapistlere \u00f6\u011fretici ve yol g\u00f6sterici, deneyimli terapistlere de ilham verici bir kaynakt\u0131r&#8230; Uluslararas\u0131 Entegratif Kognitif Psikiterapi Enstit\u00fcs\u00fc EVL\u0130L\u0130K VE \u0130L\u0130\u015eK\u0130 SORUNLARI \u0130\u00c7\u0130N TEDAV\u0130 EL K\u0130TABI&#8230; Evlilik Terapisi Teknikleri El Kitab\u0131 en etkili evlilik ve ili\u015fki terapisi tekniklerini sunan, kolay ve anla\u015f\u0131l\u0131r bir ba\u015fvuru kayna\u011f\u0131d\u0131r. Evlilik ve ili\u015fki terapisi konusunda uzman ki\u015filer taraf\u0131ndan haz\u0131rlanm\u0131\u015f bu eser, 50\u2019den fazla b\u00f6l\u00fcm i\u00e7ermektedir. Bu b\u00f6l\u00fcmlerin \u00e7o\u011fu, yeniden canland\u0131rma, etkili ileti\u015fim teknikleri ve yeniden \u00e7er\u00e7eveleme gibi yayg\u0131n kullan\u0131lan evlilik ve ili\u015fki terapisi tekniklerine odaklanmaktad\u0131r. Kitapta ayr\u0131ca \u00e7ocukluk travmalar\u0131na ba\u011fl\u0131 olumsuz ili\u015fki d\u00f6ng\u00fcleri ve cinsel i\u015flev bozukluklar\u0131, sadakatsizlik ve aldatma, aile i\u00e7i \u015fiddet ve \u015fiddetli ge\u00e7imsizlik gibi belli ba\u015fl\u0131 ili\u015fki sorunlar\u0131 ele al\u0131nmaktad\u0131r. \u00d6\u011frenciler, mesle\u011fe yeni ba\u015flayan evlilik terapistleri ve deneyimli evlilik terapistleri, \u00e7iftlerle yapt\u0131klar\u0131 \u00e7al\u0131\u015fmalarda bu kitaptan fazlas\u0131yla yararlanabileceklerdir. Cinsel Sa\u011fl\u0131k Enstit\u00fcs\u00fc Derne\u011fi (C\u0130SED)<\/p>\n","protected":false},"excerpt":{"rendered":"<p>ETK\u0130L\u0130 VE \u00c7OK \u00d6ZEL EVL\u0130L\u0130K TERAP\u0130S\u0130 TEKN\u0130KLER\u0130&#8230; Sevgili dostum Gerald R. Weeks\u2019in, Stephen T. Fife ve Colleen M. Peterson ile birlikte haz\u0131rlad\u0131\u011f\u0131 Evlilik Terapisi Teknikleri El<span class=\"excerpt-hellip\"> [\u2026]<\/span><\/p>\n","protected":false},"featured_media":0,"template":"","meta":{"_monsterinsights_skip_tracking":false,"_monsterinsights_sitenote_active":false,"_monsterinsights_sitenote_note":"","_monsterinsights_sitenote_category":0},"product_brand":[],"product_cat":[26396,13488],"product_tag":[],"class_list":{"0":"post-719461","1":"product","2":"type-product","3":"status-publish","5":"product_cat-kadin-erkek-iliskileri","6":"product_cat-toplum-ve-insan","7":"pa_cilt-ciltsiz","8":"pa_tur-kitap","9":"pa_yayinevi-pusula-yayinevi-ankara","10":"pa_yazar-kolektif","12":"first","13":"instock","14":"sale","15":"shipping-taxable","16":"purchasable","17":"product-type-simple"},"_links":{"self":[{"href":"https:\/\/roveyayinevi.com.tr\/index.php\/wp-json\/wp\/v2\/product\/719461","targetHints":{"allow":["GET"]}}],"collection":[{"href":"https:\/\/roveyayinevi.com.tr\/index.php\/wp-json\/wp\/v2\/product"}],"about":[{"href":"https:\/\/roveyayinevi.com.tr\/index.php\/wp-json\/wp\/v2\/types\/product"}],"wp:attachment":[{"href":"https:\/\/roveyayinevi.com.tr\/index.php\/wp-json\/wp\/v2\/media?parent=719461"}],"wp:term":[{"taxonomy":"product_brand","embeddable":true,"href":"https:\/\/roveyayinevi.com.tr\/index.php\/wp-json\/wp\/v2\/product_brand?post=719461"},{"taxonomy":"product_cat","embeddable":true,"href":"https:\/\/roveyayinevi.com.tr\/index.php\/wp-json\/wp\/v2\/product_cat?post=719461"},{"taxonomy":"product_tag","embeddable":true,"href":"https:\/\/roveyayinevi.com.tr\/index.php\/wp-json\/wp\/v2\/product_tag?post=719461"}],"curies":[{"name":"wp","href":"https:\/\/api.w.org\/{rel}","templated":true}]}}