{"id":719460,"date":"2025-08-27T18:22:23","date_gmt":"2025-08-27T15:22:23","guid":{"rendered":"https:\/\/roveyayinevi.com.tr\/index.php\/urun\/evlilik-hipnozu\/"},"modified":"2026-04-16T02:27:35","modified_gmt":"2026-04-15T23:27:35","slug":"evlilik-hipnozu","status":"publish","type":"product","link":"https:\/\/roveyayinevi.com.tr\/index.php\/urun\/evlilik-hipnozu\/","title":{"rendered":"Evlilik Hipnozu"},"content":{"rendered":"<p>EVL\u0130L\u0130K H\u0130PNOT\u0130K B\u0130R S\u0130STEM M\u0130? Evlilik, bana g\u00f6re toplumun en b\u00fcy\u00fck ve g\u00fc\u00e7l\u00fc hipnoz yaratan olu\u015fumu\u2026 Evlilik tek ba\u015f\u0131na bir g\u00fc\u00e7, sanki ya\u015fayan bir varl\u0131k, kendine g\u00f6re beslenen ve ya\u015fam s\u00fcreci olan farkl\u0131 bir canl\u0131 grubu gibi ama sonu\u00e7ta evlilik her \u015feyiyle bir hipnoz, hipnozdan beslenen bir yarat\u0131k&#8230; Hipnoz olmasa evlilik diye bir varl\u0131\u011f\u0131n da ya\u015famas\u0131 \u00e7ok zor. Hipnozdan kurtulmu\u015f bireylerin say\u0131s\u0131 artt\u0131k\u00e7a evlilik nesli t\u00fckenen varl\u0131klar muamelesine maruz kalabilir. Evli \u00e7iftlerin parmakla g\u00f6sterilmeye, nadide bir bitkiyi korur gibi koruma alt\u0131na al\u0131nmaya ba\u015flayaca\u011f\u0131 g\u00fcnler de belki gelecektir&#8230;  Hipnoterapist Uz. Dr. B\u00fclent URAN EVL\u0130L\u0130K B\u0130R H\u0130PNOZ MUDUR? Evlili\u011fin kurum olarak mutluluk mu, yoksa mutsuzluk mu getirdi\u011fini sorgulayan sevgili dostum Dr. B\u00fclent Uran, evlili\u011fe bilin\u00e7d\u0131\u015f\u0131n\u0131n penceresinden bakarak, evlilik \u00fczerinden bilin\u00e7-bilin\u00e7d\u0131\u015f\u0131 ikilemini \u00e7arp\u0131c\u0131 \u00f6rneklerle ortaya koyuyor. Ba\u015fta evlilik olmak \u00fczere, t\u00fcm ya\u015fam\u0131m\u0131z\u0131 etkisi alt\u0131na alan hipnozlar\u0131 tek tek tan\u0131mlarken, her bir c\u00fcmlesiyle y\u00fcz\u00fcm\u00fcze tokat gibi inen ger\u00e7eklerle bizi hipnozumuzdan uyand\u0131racak g\u00fc\u00e7l\u00fc etkiler yarat\u0131yor&#8230; Psikoterapist &amp; Yazar Cem KE\u00c7E EVL\u0130L\u0130KLE \u0130LG\u0130L\u0130 SORULARA EZBER BOZAN CEVAPLAR\u2026 Evlenmek bir ihtiya\u00e7 m\u0131, zorunluluk mu? Evlenmek istedi\u011fimiz i\u00e7in mi evleniyoruz, yoksa toplumsal kurallar\u0131n ve beklentilerin yaratt\u0131\u011f\u0131 hipnoz alt\u0131nda m\u0131 evleniyoruz? Evlilikle ilgili inan\u00e7lar\u0131m\u0131z asl\u0131nda birer hipnoz mu? Evlilik kutsal bir kurum mu, hipnotik bir durum mu? Evlilikle ilgili daha pek \u00e7ok soruya Dr. B\u00fclent Uran\u2019\u0131n verdi\u011fi ezber bozan cevaplar, evlilik denkleminin t\u00fcm bilinmeyenlerini su y\u00fcz\u00fcne \u00e7\u0131kar\u0131yor&#8230; Cinsel Sa\u011fl\u0131k Enstit\u00fcs\u00fc Derne\u011fi (C\u0130SED) H\u0130PNOZLARDAN ARINMAK \u0130\u00c7\u0130N B\u0130R YOL HAR\u0130TASI\u2026 \u201cEvlilik Hipnozu\u201d insan\u0131n ya\u015fam\u0131nda evrensel ger\u00e7ekli\u011fin kar\u015f\u0131s\u0131ndaki inan\u00e7larla olu\u015fan hipnozlar\u0131 evlili\u011fi model alarak anlat\u0131yor. Hipnozlar\u0131m\u0131z\u0131n evlilik hipnozu i\u00e7inde nas\u0131l daha da g\u00fc\u00e7lendi\u011fini hem kendi ya\u015fam\u0131ndan hem de \u00e7ok uzun y\u0131llara dayal\u0131 klinik deneyimlerinden \u00f6rneklerle g\u00f6zler \u00f6n\u00fcne seren Dr. B\u00fclent Uran, spirit\u00fcel varl\u0131\u011f\u0131m\u0131za ula\u015fmam\u0131z\u0131 ve mutlu bir ya\u015fam s\u00fcrmemizi engelleyen hipnozlardan ar\u0131nmam\u0131z i\u00e7in bir yol haritas\u0131 \u00e7iziyor&#8230; PUSULA Yay\u0131nevi<\/p>\n","protected":false},"excerpt":{"rendered":"<p>EVL\u0130L\u0130K H\u0130PNOT\u0130K B\u0130R S\u0130STEM M\u0130? Evlilik, bana g\u00f6re toplumun en b\u00fcy\u00fck ve g\u00fc\u00e7l\u00fc hipnoz yaratan olu\u015fumu\u2026 Evlilik tek ba\u015f\u0131na bir g\u00fc\u00e7, sanki ya\u015fayan bir varl\u0131k, kendine<span class=\"excerpt-hellip\"> [\u2026]<\/span><\/p>\n","protected":false},"featured_media":0,"template":"","meta":{"_monsterinsights_skip_tracking":false,"_monsterinsights_sitenote_active":false,"_monsterinsights_sitenote_note":"","_monsterinsights_sitenote_category":0},"product_brand":[],"product_cat":[26396,13488],"product_tag":[],"class_list":{"0":"post-719460","1":"product","2":"type-product","3":"status-publish","5":"product_cat-kadin-erkek-iliskileri","6":"product_cat-toplum-ve-insan","7":"pa_cilt-ciltsiz","8":"pa_tur-kitap","9":"pa_yayinevi-pusula-yayinevi-ankara","10":"pa_yazar-bulent-uran","12":"first","13":"instock","14":"sale","15":"shipping-taxable","16":"purchasable","17":"product-type-simple"},"_links":{"self":[{"href":"https:\/\/roveyayinevi.com.tr\/index.php\/wp-json\/wp\/v2\/product\/719460","targetHints":{"allow":["GET"]}}],"collection":[{"href":"https:\/\/roveyayinevi.com.tr\/index.php\/wp-json\/wp\/v2\/product"}],"about":[{"href":"https:\/\/roveyayinevi.com.tr\/index.php\/wp-json\/wp\/v2\/types\/product"}],"wp:attachment":[{"href":"https:\/\/roveyayinevi.com.tr\/index.php\/wp-json\/wp\/v2\/media?parent=719460"}],"wp:term":[{"taxonomy":"product_brand","embeddable":true,"href":"https:\/\/roveyayinevi.com.tr\/index.php\/wp-json\/wp\/v2\/product_brand?post=719460"},{"taxonomy":"product_cat","embeddable":true,"href":"https:\/\/roveyayinevi.com.tr\/index.php\/wp-json\/wp\/v2\/product_cat?post=719460"},{"taxonomy":"product_tag","embeddable":true,"href":"https:\/\/roveyayinevi.com.tr\/index.php\/wp-json\/wp\/v2\/product_tag?post=719460"}],"curies":[{"name":"wp","href":"https:\/\/api.w.org\/{rel}","templated":true}]}}