{"id":719459,"date":"2025-08-27T18:22:23","date_gmt":"2025-08-27T15:22:23","guid":{"rendered":"https:\/\/roveyayinevi.com.tr\/index.php\/urun\/kahraman-kopek-balto-ciltsiz\/"},"modified":"2026-04-16T02:27:35","modified_gmt":"2026-04-15T23:27:35","slug":"kahraman-kopek-balto-ciltsiz","status":"publish","type":"product","link":"https:\/\/roveyayinevi.com.tr\/index.php\/urun\/kahraman-kopek-balto-ciltsiz\/","title":{"rendered":"Kahraman K\u00f6pek Balto (Ciltsiz)"},"content":{"rendered":"<p>Nome, Alaska, 1925. Bir k\u0131zak k\u00f6pe\u011fi olan Balto\u2019nun sakin bir hayat\u0131 vard\u0131r. Ancak bir felaket, ya\u015fam\u0131n\u0131 t\u00fcm\u00fcyle de\u011fi\u015ftirecektir. Alaska\u2019n\u0131n Nome kentindeki d\u00fczinelerce \u00e7ocuk, difteriye yakalanm\u0131\u015ft\u0131r. \u00c7ocuklar\u0131 \u00f6l\u00fcmden kurtarman\u0131n tek \u00e7aresi, antitoksin serumudur. Ancak Nome\u2019da yeterince antitoksin yoktur. Serumun getirtilebilece\u011fi en yak\u0131n yer ise 1046 kilometre \u00f6tededir! Bunun \u00fczerine Alaska\u2019n\u0131n en iyi k\u0131zak s\u00fcr\u00fcc\u00fcleri, serumu elden ele ula\u015ft\u0131rmaya karar verir. K\u0131zak k\u00f6pekleri zamanla yar\u0131\u015f\u0131rken cesur Balto, bu amans\u0131z ko\u015funun ba\u015f\u0131n\u0131 \u00e7ekecektir. Kansas City 1-3. S\u0131n\u0131flar \u00c7ocuk Kitab\u0131 \u00d6d\u00fcl\u00fc<\/p>\n","protected":false},"excerpt":{"rendered":"<p>Nome, Alaska, 1925. Bir k\u0131zak k\u00f6pe\u011fi olan Balto\u2019nun sakin bir hayat\u0131 vard\u0131r. Ancak bir felaket, ya\u015fam\u0131n\u0131 t\u00fcm\u00fcyle de\u011fi\u015ftirecektir. Alaska\u2019n\u0131n Nome kentindeki d\u00fczinelerce \u00e7ocuk, difteriye yakalanm\u0131\u015ft\u0131r. \u00c7ocuklar\u0131<span class=\"excerpt-hellip\"> [\u2026]<\/span><\/p>\n","protected":false},"featured_media":0,"template":"","meta":{"_monsterinsights_skip_tracking":false,"_monsterinsights_sitenote_active":false,"_monsterinsights_sitenote_note":"","_monsterinsights_sitenote_category":0},"product_brand":[],"product_cat":[12275,12274],"product_tag":[],"class_list":{"0":"post-719459","1":"product","2":"type-product","3":"status-publish","5":"product_cat-6-12-yas-kitaplari","6":"product_cat-cocuk-ve-genclik-kitaplari","7":"pa_cilt-ciltsiz","8":"pa_tur-kitap","9":"pa_yayinevi-beyaz-balina-yayinlari","10":"pa_yazar-elizabeth-cody-kimmel","12":"first","13":"instock","14":"sale","15":"shipping-taxable","16":"purchasable","17":"product-type-simple"},"_links":{"self":[{"href":"https:\/\/roveyayinevi.com.tr\/index.php\/wp-json\/wp\/v2\/product\/719459","targetHints":{"allow":["GET"]}}],"collection":[{"href":"https:\/\/roveyayinevi.com.tr\/index.php\/wp-json\/wp\/v2\/product"}],"about":[{"href":"https:\/\/roveyayinevi.com.tr\/index.php\/wp-json\/wp\/v2\/types\/product"}],"wp:attachment":[{"href":"https:\/\/roveyayinevi.com.tr\/index.php\/wp-json\/wp\/v2\/media?parent=719459"}],"wp:term":[{"taxonomy":"product_brand","embeddable":true,"href":"https:\/\/roveyayinevi.com.tr\/index.php\/wp-json\/wp\/v2\/product_brand?post=719459"},{"taxonomy":"product_cat","embeddable":true,"href":"https:\/\/roveyayinevi.com.tr\/index.php\/wp-json\/wp\/v2\/product_cat?post=719459"},{"taxonomy":"product_tag","embeddable":true,"href":"https:\/\/roveyayinevi.com.tr\/index.php\/wp-json\/wp\/v2\/product_tag?post=719459"}],"curies":[{"name":"wp","href":"https:\/\/api.w.org\/{rel}","templated":true}]}}