{"id":719456,"date":"2025-08-27T18:22:21","date_gmt":"2025-08-27T15:22:21","guid":{"rendered":"https:\/\/roveyayinevi.com.tr\/index.php\/urun\/ilkogretim-resimli-sozluk\/"},"modified":"2026-04-16T02:27:35","modified_gmt":"2026-04-15T23:27:35","slug":"ilkogretim-resimli-sozluk","status":"publish","type":"product","link":"https:\/\/roveyayinevi.com.tr\/index.php\/urun\/ilkogretim-resimli-sozluk\/","title":{"rendered":"\u0130lk\u00f6\u011fretim Resimli S\u00f6zl\u00fck"},"content":{"rendered":"<p>\u0130lk\u00f6\u011fretim Resimli S\u00f6zl\u00fck, reng\u00e2renk resimli i\u00e7eri\u011fi sayesinde \u0130ngilizcede en s\u0131k kullan\u0131lan 5000 s\u00f6zc\u00fc\u011f\u00fc kolayca \u00f6\u011frenmenize yard\u0131mc\u0131 olacak!\u0130ngilizce \u00f6\u011fretim program\u0131nda \u00f6\u011fretilen \u0130ngilizce s\u00f6zc\u00fck, deyim ve terimlerin T\u00fcrk\u00e7e kar\u015f\u0131l\u0131klar\u0131\u0130ngilizce s\u00f6zc\u00fcklerin seslendirili\u015fini g\u00f6steren Sesletim K\u0131lavuzu\u0130ngilizce maddeba\u015f\u0131 s\u00f6zc\u00fcklerin heceleni\u015fi\u0130simlerin \u00e7o\u011ful bi\u00e7imleri, fillerin \u00e7ekim bi\u00e7imleri, s\u0131fatlar\u0131n ve zarflar\u0131n \u00fcst\u00fcnl\u00fck ve en\u00fcst\u00fcnl\u00fck dereceleri\u00c7o\u011fu madde ve alt maddenin kar\u015f\u0131l\u0131k ve tan\u0131m\u0131n\u0131 peki\u015ftiren \u00f6rnekler ve T\u00fcrk\u00e7e \u00e7evirileriBaz\u0131 maddeba\u015f\u0131 s\u00f6zc\u00fcklerle ilgili ayr\u0131nt\u0131l\u0131 dilbilgisi a\u00e7\u0131klamalar\u0131Bir\u00e7ok maddeba\u015f\u0131 s\u00f6zc\u00fc\u011f\u00fc \u00f6rneklendiren renkli resimlerReferans ama\u00e7l\u0131 kullan\u0131labilecek T\u00fcrk\u00e7e-\u0130ngilizce b\u00f6l\u00fcm\u00fcD\u00fcnya \u00fczerindeki 197 ba\u011f\u0131ms\u0131z \u00fclkenin bayraklar\u0131 e\u015fli\u011finde \u0130ngilizce ve T\u00fcrk\u00e7e adlar\u0131n\u0131n listesi<\/p>\n","protected":false},"excerpt":{"rendered":"<p>\u0130lk\u00f6\u011fretim Resimli S\u00f6zl\u00fck, reng\u00e2renk resimli i\u00e7eri\u011fi sayesinde \u0130ngilizcede en s\u0131k kullan\u0131lan 5000 s\u00f6zc\u00fc\u011f\u00fc kolayca \u00f6\u011frenmenize yard\u0131mc\u0131 olacak!\u0130ngilizce \u00f6\u011fretim program\u0131nda \u00f6\u011fretilen \u0130ngilizce s\u00f6zc\u00fck, deyim ve terimlerin T\u00fcrk\u00e7e<span class=\"excerpt-hellip\"> [\u2026]<\/span><\/p>\n","protected":false},"featured_media":0,"template":"","meta":{"_monsterinsights_skip_tracking":false,"_monsterinsights_sitenote_active":false,"_monsterinsights_sitenote_note":"","_monsterinsights_sitenote_category":0},"product_brand":[],"product_cat":[14597,12566],"product_tag":[],"class_list":{"0":"post-719456","1":"product","2":"type-product","3":"status-publish","5":"product_cat-dil-ogrenimi","6":"product_cat-egitim","7":"pa_cilt-ciltsiz","8":"pa_tur-kitap","9":"pa_yayinevi-redhouse-yayinlari","10":"pa_yazar-kolektif","12":"first","13":"instock","14":"sale","15":"shipping-taxable","16":"purchasable","17":"product-type-simple"},"_links":{"self":[{"href":"https:\/\/roveyayinevi.com.tr\/index.php\/wp-json\/wp\/v2\/product\/719456","targetHints":{"allow":["GET"]}}],"collection":[{"href":"https:\/\/roveyayinevi.com.tr\/index.php\/wp-json\/wp\/v2\/product"}],"about":[{"href":"https:\/\/roveyayinevi.com.tr\/index.php\/wp-json\/wp\/v2\/types\/product"}],"wp:attachment":[{"href":"https:\/\/roveyayinevi.com.tr\/index.php\/wp-json\/wp\/v2\/media?parent=719456"}],"wp:term":[{"taxonomy":"product_brand","embeddable":true,"href":"https:\/\/roveyayinevi.com.tr\/index.php\/wp-json\/wp\/v2\/product_brand?post=719456"},{"taxonomy":"product_cat","embeddable":true,"href":"https:\/\/roveyayinevi.com.tr\/index.php\/wp-json\/wp\/v2\/product_cat?post=719456"},{"taxonomy":"product_tag","embeddable":true,"href":"https:\/\/roveyayinevi.com.tr\/index.php\/wp-json\/wp\/v2\/product_tag?post=719456"}],"curies":[{"name":"wp","href":"https:\/\/api.w.org\/{rel}","templated":true}]}}