{"id":719454,"date":"2025-08-27T18:22:19","date_gmt":"2025-08-27T15:22:19","guid":{"rendered":"https:\/\/roveyayinevi.com.tr\/index.php\/urun\/redhouse-yeni-el-sozlugu-the-new-redhouse-portable-dictionary-english-turkish-turkish-english\/"},"modified":"2026-04-16T02:27:34","modified_gmt":"2026-04-15T23:27:34","slug":"redhouse-yeni-el-sozlugu-the-new-redhouse-portable-dictionary-english-turkish-turkish-english","status":"publish","type":"product","link":"https:\/\/roveyayinevi.com.tr\/index.php\/urun\/redhouse-yeni-el-sozlugu-the-new-redhouse-portable-dictionary-english-turkish-turkish-english\/","title":{"rendered":"Redhouse Yeni El S\u00f6zl\u00fc\u011f\u00fc The New Redhouse Portable Dictionary English-Turkish, Turkish-English"},"content":{"rendered":"<p>1. \u0130ngilizce ve T\u00fcrk\u00e7ede yayg\u0131n olarak kullan\u0131lan s\u00f6zc\u00fck, deyim, terim, argo s\u00f6zler ve atas\u00f6zlerini kapsayan 80.000&#8217;in \u00fczerindeki maddenin T\u00fcrk\u00e7e ve \u0130ngilizce kar\u015f\u0131l\u0131klar\u01312. \u0130ngilizce s\u00f6zc\u00fcklerin seslendirili\u015fini g\u00f6steren, T\u00fcrk\u00e7enin alfabe ve foneti\u011fine dayanan ve kolayl\u0131kla kavranabilen bir telaffuz anahtar\u01313. Bir\u00e7ok s\u00f6zc\u00fck ve deyimin kar\u015f\u0131l\u0131k ve tan\u0131mlar\u0131n\u0131 peki\u015ftiren \u00f6rnekler4. Harf indeksi kolayl\u0131\u011f\u0131<\/p>\n","protected":false},"excerpt":{"rendered":"<p>1. \u0130ngilizce ve T\u00fcrk\u00e7ede yayg\u0131n olarak kullan\u0131lan s\u00f6zc\u00fck, deyim, terim, argo s\u00f6zler ve atas\u00f6zlerini kapsayan 80.000&#8217;in \u00fczerindeki maddenin T\u00fcrk\u00e7e ve \u0130ngilizce kar\u015f\u0131l\u0131klar\u01312. \u0130ngilizce s\u00f6zc\u00fcklerin seslendirili\u015fini g\u00f6steren,<span class=\"excerpt-hellip\"> [\u2026]<\/span><\/p>\n","protected":false},"featured_media":0,"template":"","meta":{"_monsterinsights_skip_tracking":false,"_monsterinsights_sitenote_active":false,"_monsterinsights_sitenote_note":"","_monsterinsights_sitenote_category":0},"product_brand":[],"product_cat":[12566,15788,13611],"product_tag":[],"class_list":{"0":"post-719454","1":"product","2":"type-product","3":"status-publish","5":"product_cat-egitim","6":"product_cat-ingilizce-sozlukler","7":"product_cat-sozlukler-ve-konusma-kilavuzlari","8":"pa_cilt-ciltli","9":"pa_tur-kitap","10":"pa_yayinevi-redhouse-yayinlari","11":"pa_yazar-serap-bezmez","13":"first","14":"instock","15":"sale","16":"shipping-taxable","17":"purchasable","18":"product-type-simple"},"_links":{"self":[{"href":"https:\/\/roveyayinevi.com.tr\/index.php\/wp-json\/wp\/v2\/product\/719454","targetHints":{"allow":["GET"]}}],"collection":[{"href":"https:\/\/roveyayinevi.com.tr\/index.php\/wp-json\/wp\/v2\/product"}],"about":[{"href":"https:\/\/roveyayinevi.com.tr\/index.php\/wp-json\/wp\/v2\/types\/product"}],"wp:attachment":[{"href":"https:\/\/roveyayinevi.com.tr\/index.php\/wp-json\/wp\/v2\/media?parent=719454"}],"wp:term":[{"taxonomy":"product_brand","embeddable":true,"href":"https:\/\/roveyayinevi.com.tr\/index.php\/wp-json\/wp\/v2\/product_brand?post=719454"},{"taxonomy":"product_cat","embeddable":true,"href":"https:\/\/roveyayinevi.com.tr\/index.php\/wp-json\/wp\/v2\/product_cat?post=719454"},{"taxonomy":"product_tag","embeddable":true,"href":"https:\/\/roveyayinevi.com.tr\/index.php\/wp-json\/wp\/v2\/product_tag?post=719454"}],"curies":[{"name":"wp","href":"https:\/\/api.w.org\/{rel}","templated":true}]}}