{"id":719452,"date":"2025-08-27T18:22:18","date_gmt":"2025-08-27T15:22:18","guid":{"rendered":"https:\/\/roveyayinevi.com.tr\/index.php\/urun\/redhouse-mini-sozlugu\/"},"modified":"2026-04-16T02:27:34","modified_gmt":"2026-04-15T23:27:34","slug":"redhouse-mini-sozlugu","status":"publish","type":"product","link":"https:\/\/roveyayinevi.com.tr\/index.php\/urun\/redhouse-mini-sozlugu\/","title":{"rendered":"Redhouse Mini S\u00f6zl\u00fc\u011f\u00fc"},"content":{"rendered":"<p>1. \u0130ngilizcede ve T\u00fcrk\u00e7ede yayg\u0131n olarak kullan\u0131lan s\u00f6zc\u00fck, deyim, terim ve argo s\u00f6zleri kapsayan 30.000&#8217;in \u00fczerindeki maddenin T\u00fcrk\u00e7e ve \u0130ngilizce kar\u015f\u0131l\u0131klar\u01312. \u0130ngilizce s\u00f6zc\u00fcklerin T\u00fcrk alfabesine g\u00f6re okunu\u015fu.<\/p>\n","protected":false},"excerpt":{"rendered":"<p>1. \u0130ngilizcede ve T\u00fcrk\u00e7ede yayg\u0131n olarak kullan\u0131lan s\u00f6zc\u00fck, deyim, terim ve argo s\u00f6zleri kapsayan 30.000&#8217;in \u00fczerindeki maddenin T\u00fcrk\u00e7e ve \u0130ngilizce kar\u015f\u0131l\u0131klar\u01312. \u0130ngilizce s\u00f6zc\u00fcklerin T\u00fcrk alfabesine g\u00f6re<span class=\"excerpt-hellip\"> [\u2026]<\/span><\/p>\n","protected":false},"featured_media":0,"template":"","meta":{"_monsterinsights_skip_tracking":false,"_monsterinsights_sitenote_active":false,"_monsterinsights_sitenote_note":"","_monsterinsights_sitenote_category":0},"product_brand":[],"product_cat":[12566,15788,13611],"product_tag":[],"class_list":{"0":"post-719452","1":"product","2":"type-product","3":"status-publish","5":"product_cat-egitim","6":"product_cat-ingilizce-sozlukler","7":"product_cat-sozlukler-ve-konusma-kilavuzlari","8":"pa_cilt-ciltsiz","9":"pa_tur-kitap","10":"pa_yayinevi-redhouse-yayinlari","11":"pa_yazar-huseyin-vatan","13":"first","14":"instock","15":"sale","16":"shipping-taxable","17":"purchasable","18":"product-type-simple"},"_links":{"self":[{"href":"https:\/\/roveyayinevi.com.tr\/index.php\/wp-json\/wp\/v2\/product\/719452","targetHints":{"allow":["GET"]}}],"collection":[{"href":"https:\/\/roveyayinevi.com.tr\/index.php\/wp-json\/wp\/v2\/product"}],"about":[{"href":"https:\/\/roveyayinevi.com.tr\/index.php\/wp-json\/wp\/v2\/types\/product"}],"wp:attachment":[{"href":"https:\/\/roveyayinevi.com.tr\/index.php\/wp-json\/wp\/v2\/media?parent=719452"}],"wp:term":[{"taxonomy":"product_brand","embeddable":true,"href":"https:\/\/roveyayinevi.com.tr\/index.php\/wp-json\/wp\/v2\/product_brand?post=719452"},{"taxonomy":"product_cat","embeddable":true,"href":"https:\/\/roveyayinevi.com.tr\/index.php\/wp-json\/wp\/v2\/product_cat?post=719452"},{"taxonomy":"product_tag","embeddable":true,"href":"https:\/\/roveyayinevi.com.tr\/index.php\/wp-json\/wp\/v2\/product_tag?post=719452"}],"curies":[{"name":"wp","href":"https:\/\/api.w.org\/{rel}","templated":true}]}}