{"id":719450,"date":"2025-08-27T18:22:17","date_gmt":"2025-08-27T15:22:17","guid":{"rendered":"https:\/\/roveyayinevi.com.tr\/index.php\/urun\/redhouse-cep-sozlugu\/"},"modified":"2026-04-16T02:27:34","modified_gmt":"2026-04-15T23:27:34","slug":"redhouse-cep-sozlugu","status":"publish","type":"product","link":"https:\/\/roveyayinevi.com.tr\/index.php\/urun\/redhouse-cep-sozlugu\/","title":{"rendered":"Redhouse Cep S\u00f6zl\u00fc\u011f\u00fc"},"content":{"rendered":"<p>\u2022 Seyahat ederken, ders \u00e7al\u0131\u015f\u0131rken, \u00f6dev haz\u0131rlarken ihtiyac\u0131n\u0131z olan t\u00fcm s\u00f6zc\u00fckler (22.000 anamadde)\u2022 Renkli tasar\u0131m, ba\u015fl\u0131k kelimeleri ve alfabetik dizin sayesinde kullan\u0131m kolayl\u0131\u011f\u0131\u2022 \u0130ngilizce s\u00f6zc\u00fckler i\u00e7in telaffuz anahtar\u0131<\/p>\n","protected":false},"excerpt":{"rendered":"<p>\u2022 Seyahat ederken, ders \u00e7al\u0131\u015f\u0131rken, \u00f6dev haz\u0131rlarken ihtiyac\u0131n\u0131z olan t\u00fcm s\u00f6zc\u00fckler (22.000 anamadde)\u2022 Renkli tasar\u0131m, ba\u015fl\u0131k kelimeleri ve alfabetik dizin sayesinde kullan\u0131m kolayl\u0131\u011f\u0131\u2022 \u0130ngilizce s\u00f6zc\u00fckler i\u00e7in<span class=\"excerpt-hellip\"> [\u2026]<\/span><\/p>\n","protected":false},"featured_media":0,"template":"","meta":{"_monsterinsights_skip_tracking":false,"_monsterinsights_sitenote_active":false,"_monsterinsights_sitenote_note":"","_monsterinsights_sitenote_category":0},"product_brand":[],"product_cat":[12566,15788,13611],"product_tag":[],"class_list":{"0":"post-719450","1":"product","2":"type-product","3":"status-publish","5":"product_cat-egitim","6":"product_cat-ingilizce-sozlukler","7":"product_cat-sozlukler-ve-konusma-kilavuzlari","8":"pa_cilt-ciltsiz","9":"pa_tur-kitap","10":"pa_yayinevi-redhouse-yayinlari","11":"pa_yazar-anna-g-edmonds","13":"first","14":"instock","15":"sale","16":"shipping-taxable","17":"purchasable","18":"product-type-simple"},"_links":{"self":[{"href":"https:\/\/roveyayinevi.com.tr\/index.php\/wp-json\/wp\/v2\/product\/719450","targetHints":{"allow":["GET"]}}],"collection":[{"href":"https:\/\/roveyayinevi.com.tr\/index.php\/wp-json\/wp\/v2\/product"}],"about":[{"href":"https:\/\/roveyayinevi.com.tr\/index.php\/wp-json\/wp\/v2\/types\/product"}],"wp:attachment":[{"href":"https:\/\/roveyayinevi.com.tr\/index.php\/wp-json\/wp\/v2\/media?parent=719450"}],"wp:term":[{"taxonomy":"product_brand","embeddable":true,"href":"https:\/\/roveyayinevi.com.tr\/index.php\/wp-json\/wp\/v2\/product_brand?post=719450"},{"taxonomy":"product_cat","embeddable":true,"href":"https:\/\/roveyayinevi.com.tr\/index.php\/wp-json\/wp\/v2\/product_cat?post=719450"},{"taxonomy":"product_tag","embeddable":true,"href":"https:\/\/roveyayinevi.com.tr\/index.php\/wp-json\/wp\/v2\/product_tag?post=719450"}],"curies":[{"name":"wp","href":"https:\/\/api.w.org\/{rel}","templated":true}]}}