{"id":719449,"date":"2025-08-27T18:22:17","date_gmt":"2025-08-27T15:22:17","guid":{"rendered":"https:\/\/roveyayinevi.com.tr\/index.php\/urun\/redhouse-sozlugu-ingilizce-turkce-ciltli\/"},"modified":"2026-04-16T02:27:34","modified_gmt":"2026-04-15T23:27:34","slug":"redhouse-sozlugu-ingilizce-turkce-ciltli","status":"publish","type":"product","link":"https:\/\/roveyayinevi.com.tr\/index.php\/urun\/redhouse-sozlugu-ingilizce-turkce-ciltli\/","title":{"rendered":"Redhouse S\u00f6zl\u00fc\u011f\u00fc \u0130ngilizce &#8211; T\u00fcrk\u00e7e (Ciltli)"},"content":{"rendered":"<p>1. \u0130ngilizcede yayg\u0131n olarak kullan\u0131lan s\u00f6zc\u00fck, deyim, terim, argo s\u00f6zler ve atas\u00f6zlerini kapsayan 160.000&#8217;in \u00fczerindeki maddenin T\u00fcrk\u00e7e kar\u015f\u0131l\u0131\u011f\u0131 2. \u0130ngilizce s\u00f6zc\u00fcklerin seslendirili\u015fini g\u00f6steren, T\u00fcrk\u00e7enin alfabe ve foneti\u011fine dayanan ve kolayl\u0131kla kavranabilen telaffuz anahtar\u0131 3. Harf indeksi kolayl\u0131\u011f\u0131 Haz\u0131rlayanlar:Robert Avery,Serap Bezmez,Anna G.Edmonds,Mehlika Yaylal\u0131 Kapsam:vii+1152 sayfa Bas\u0131m \u00f6zellikleri:Sert kapak,iplik diki\u015f, ku\u015fe \u015f\u00f6miz<\/p>\n","protected":false},"excerpt":{"rendered":"<p>1. \u0130ngilizcede yayg\u0131n olarak kullan\u0131lan s\u00f6zc\u00fck, deyim, terim, argo s\u00f6zler ve atas\u00f6zlerini kapsayan 160.000&#8217;in \u00fczerindeki maddenin T\u00fcrk\u00e7e kar\u015f\u0131l\u0131\u011f\u0131 2. \u0130ngilizce s\u00f6zc\u00fcklerin seslendirili\u015fini g\u00f6steren, T\u00fcrk\u00e7enin alfabe ve<span class=\"excerpt-hellip\"> [\u2026]<\/span><\/p>\n","protected":false},"featured_media":0,"template":"","meta":{"_monsterinsights_skip_tracking":false,"_monsterinsights_sitenote_active":false,"_monsterinsights_sitenote_note":"","_monsterinsights_sitenote_category":0},"product_brand":[],"product_cat":[12566,15788,13611],"product_tag":[],"class_list":{"0":"post-719449","1":"product","2":"type-product","3":"status-publish","5":"product_cat-egitim","6":"product_cat-ingilizce-sozlukler","7":"product_cat-sozlukler-ve-konusma-kilavuzlari","8":"pa_cilt-ciltli","9":"pa_tur-kitap","10":"pa_yayinevi-redhouse-yayinlari","11":"pa_yazar-kolektif","13":"first","14":"instock","15":"sale","16":"shipping-taxable","17":"purchasable","18":"product-type-simple"},"_links":{"self":[{"href":"https:\/\/roveyayinevi.com.tr\/index.php\/wp-json\/wp\/v2\/product\/719449","targetHints":{"allow":["GET"]}}],"collection":[{"href":"https:\/\/roveyayinevi.com.tr\/index.php\/wp-json\/wp\/v2\/product"}],"about":[{"href":"https:\/\/roveyayinevi.com.tr\/index.php\/wp-json\/wp\/v2\/types\/product"}],"wp:attachment":[{"href":"https:\/\/roveyayinevi.com.tr\/index.php\/wp-json\/wp\/v2\/media?parent=719449"}],"wp:term":[{"taxonomy":"product_brand","embeddable":true,"href":"https:\/\/roveyayinevi.com.tr\/index.php\/wp-json\/wp\/v2\/product_brand?post=719449"},{"taxonomy":"product_cat","embeddable":true,"href":"https:\/\/roveyayinevi.com.tr\/index.php\/wp-json\/wp\/v2\/product_cat?post=719449"},{"taxonomy":"product_tag","embeddable":true,"href":"https:\/\/roveyayinevi.com.tr\/index.php\/wp-json\/wp\/v2\/product_tag?post=719449"}],"curies":[{"name":"wp","href":"https:\/\/api.w.org\/{rel}","templated":true}]}}