{"id":719447,"date":"2025-08-27T18:22:16","date_gmt":"2025-08-27T15:22:16","guid":{"rendered":"https:\/\/roveyayinevi.com.tr\/index.php\/urun\/turkce-osmanlica-ingilizce-redhouse-sozlugu-ciltli\/"},"modified":"2026-04-16T02:27:34","modified_gmt":"2026-04-15T23:27:34","slug":"turkce-osmanlica-ingilizce-redhouse-sozlugu-ciltli","status":"publish","type":"product","link":"https:\/\/roveyayinevi.com.tr\/index.php\/urun\/turkce-osmanlica-ingilizce-redhouse-sozlugu-ciltli\/","title":{"rendered":"T\u00fcrk\u00e7e-Osmanl\u0131ca-\u0130ngilizce Redhouse S\u00f6zl\u00fc\u011f\u00fc (Ciltli)"},"content":{"rendered":"<p>\u0130\u00e7erik \u00f6zellikleri:T\u00fcrk\u00e7ede yayg\u0131n olarak kullan\u0131lan s\u00f6zc\u00fck, deyim. terim, argo s\u00f6zler ve atas\u00f6zlerini kapsayan 160.000&#8217;in \u00fczerindeki maddenin \u0130ngilizce kar\u015f\u0131l\u0131\u011f\u0131Arap\u00e7a ve Fars\u00e7a k\u00f6kenli s\u00f6zc\u00fcklerin \u00f6zg\u00fcn hece uzunluklar\u0131n\u0131 ve vurgulu heceleri belirten imleme dizgesiMaddeba\u015f\u0131 s\u00f6zc\u00fcklerin Arap harfleriyle ve r\u0131ka ad\u0131 verilen el yaz\u0131s\u0131 ile yaz\u0131l\u0131\u015f\u0131Harf indeksi kolayl\u0131\u011f\u0131<\/p>\n","protected":false},"excerpt":{"rendered":"<p>\u0130\u00e7erik \u00f6zellikleri:T\u00fcrk\u00e7ede yayg\u0131n olarak kullan\u0131lan s\u00f6zc\u00fck, deyim. terim, argo s\u00f6zler ve atas\u00f6zlerini kapsayan 160.000&#8217;in \u00fczerindeki maddenin \u0130ngilizce kar\u015f\u0131l\u0131\u011f\u0131Arap\u00e7a ve Fars\u00e7a k\u00f6kenli s\u00f6zc\u00fcklerin \u00f6zg\u00fcn hece uzunluklar\u0131n\u0131 ve<span class=\"excerpt-hellip\"> [\u2026]<\/span><\/p>\n","protected":false},"featured_media":0,"template":"","meta":{"_monsterinsights_skip_tracking":false,"_monsterinsights_sitenote_active":false,"_monsterinsights_sitenote_note":"","_monsterinsights_sitenote_category":0},"product_brand":[],"product_cat":[12566,29154,13611],"product_tag":[],"class_list":{"0":"post-719447","1":"product","2":"type-product","3":"status-publish","5":"product_cat-egitim","6":"product_cat-osmanlica-sozlukler","7":"product_cat-sozlukler-ve-konusma-kilavuzlari","8":"pa_cilt-ciltli","9":"pa_tur-kitap","10":"pa_yayinevi-redhouse-yayinlari","11":"pa_yazar-sofi-huri","13":"first","14":"instock","15":"sale","16":"shipping-taxable","17":"purchasable","18":"product-type-simple"},"_links":{"self":[{"href":"https:\/\/roveyayinevi.com.tr\/index.php\/wp-json\/wp\/v2\/product\/719447","targetHints":{"allow":["GET"]}}],"collection":[{"href":"https:\/\/roveyayinevi.com.tr\/index.php\/wp-json\/wp\/v2\/product"}],"about":[{"href":"https:\/\/roveyayinevi.com.tr\/index.php\/wp-json\/wp\/v2\/types\/product"}],"wp:attachment":[{"href":"https:\/\/roveyayinevi.com.tr\/index.php\/wp-json\/wp\/v2\/media?parent=719447"}],"wp:term":[{"taxonomy":"product_brand","embeddable":true,"href":"https:\/\/roveyayinevi.com.tr\/index.php\/wp-json\/wp\/v2\/product_brand?post=719447"},{"taxonomy":"product_cat","embeddable":true,"href":"https:\/\/roveyayinevi.com.tr\/index.php\/wp-json\/wp\/v2\/product_cat?post=719447"},{"taxonomy":"product_tag","embeddable":true,"href":"https:\/\/roveyayinevi.com.tr\/index.php\/wp-json\/wp\/v2\/product_tag?post=719447"}],"curies":[{"name":"wp","href":"https:\/\/api.w.org\/{rel}","templated":true}]}}