{"id":719442,"date":"2025-08-27T18:22:11","date_gmt":"2025-08-27T15:22:11","guid":{"rendered":"https:\/\/roveyayinevi.com.tr\/index.php\/urun\/morfin\/"},"modified":"2026-04-16T02:27:34","modified_gmt":"2026-04-15T23:27:34","slug":"morfin","status":"publish","type":"product","link":"https:\/\/roveyayinevi.com.tr\/index.php\/urun\/morfin\/","title":{"rendered":"Morfin"},"content":{"rendered":"<p>Dr. Bomgard \u015fehre atanal\u0131 birka\u00e7 ay olmu\u015ftur ki, ta\u015fradaki eski yerine g\u00f6nderilen arkada\u015f\u0131 Dr. Polyakov intihar eder. \u00d6lmeden \u00f6nce arkada\u015f\u0131na b\u0131rakt\u0131\u011f\u0131 g\u00fcnl\u00fckte Polyakov, \u00f6l\u00fcm\u00fcne sebep olan amans\u0131z ba\u011f\u0131ml\u0131l\u0131\u011f\u0131  a\u011fr\u0131lar\u0131 i\u00e7in ald\u0131\u011f\u0131 morfinin hayat\u0131n\u0131 nas\u0131l ele ge\u00e7irdi\u011fini ve sonunda ger\u00e7ekle ba\u011f\u0131n\u0131 nas\u0131l yitirdi\u011fini sat\u0131r sat\u0131r anlatm\u0131\u015ft\u0131r. Morfin, Sovyet edebiyat\u0131n\u0131n yasakl\u0131 ustas\u0131 Bulgakov\u2019un sava\u015f sonras\u0131 d\u00f6nemdeki morfinmanl\u0131k deneyiminden yola \u00e7\u0131karak yazd\u0131\u011f\u0131 sars\u0131c\u0131 bir \u00f6yk\u00fc<\/p>\n","protected":false},"excerpt":{"rendered":"<p>Dr. Bomgard \u015fehre atanal\u0131 birka\u00e7 ay olmu\u015ftur ki, ta\u015fradaki eski yerine g\u00f6nderilen arkada\u015f\u0131 Dr. Polyakov intihar eder. \u00d6lmeden \u00f6nce arkada\u015f\u0131na b\u0131rakt\u0131\u011f\u0131 g\u00fcnl\u00fckte Polyakov, \u00f6l\u00fcm\u00fcne sebep olan<span class=\"excerpt-hellip\"> [\u2026]<\/span><\/p>\n","protected":false},"featured_media":0,"template":"","meta":{"_monsterinsights_skip_tracking":false,"_monsterinsights_sitenote_active":false,"_monsterinsights_sitenote_note":"","_monsterinsights_sitenote_category":0},"product_brand":[],"product_cat":[12291,12711],"product_tag":[],"class_list":{"0":"post-719442","1":"product","2":"type-product","3":"status-publish","5":"product_cat-edebiyat","6":"product_cat-roman-oyku","7":"pa_cilt-ciltsiz","8":"pa_tur-kitap","9":"pa_yayinevi-can-yayinlari","10":"pa_yazar-mihail-bulgakov","12":"first","13":"instock","14":"sale","15":"shipping-taxable","16":"purchasable","17":"product-type-simple"},"_links":{"self":[{"href":"https:\/\/roveyayinevi.com.tr\/index.php\/wp-json\/wp\/v2\/product\/719442","targetHints":{"allow":["GET"]}}],"collection":[{"href":"https:\/\/roveyayinevi.com.tr\/index.php\/wp-json\/wp\/v2\/product"}],"about":[{"href":"https:\/\/roveyayinevi.com.tr\/index.php\/wp-json\/wp\/v2\/types\/product"}],"wp:attachment":[{"href":"https:\/\/roveyayinevi.com.tr\/index.php\/wp-json\/wp\/v2\/media?parent=719442"}],"wp:term":[{"taxonomy":"product_brand","embeddable":true,"href":"https:\/\/roveyayinevi.com.tr\/index.php\/wp-json\/wp\/v2\/product_brand?post=719442"},{"taxonomy":"product_cat","embeddable":true,"href":"https:\/\/roveyayinevi.com.tr\/index.php\/wp-json\/wp\/v2\/product_cat?post=719442"},{"taxonomy":"product_tag","embeddable":true,"href":"https:\/\/roveyayinevi.com.tr\/index.php\/wp-json\/wp\/v2\/product_tag?post=719442"}],"curies":[{"name":"wp","href":"https:\/\/api.w.org\/{rel}","templated":true}]}}