{"id":719440,"date":"2025-08-27T18:22:10","date_gmt":"2025-08-27T15:22:10","guid":{"rendered":"https:\/\/roveyayinevi.com.tr\/index.php\/urun\/elif-babaannesiyle-dedesini-ziyaret-ediyor\/"},"modified":"2026-04-16T02:27:34","modified_gmt":"2026-04-15T23:27:34","slug":"elif-babaannesiyle-dedesini-ziyaret-ediyor","status":"publish","type":"product","link":"https:\/\/roveyayinevi.com.tr\/index.php\/urun\/elif-babaannesiyle-dedesini-ziyaret-ediyor\/","title":{"rendered":"Elif Babaannesiyle Dedesini Ziyaret Ediyor"},"content":{"rendered":"<p>Elif ilk kez babaannesiyle dedesinde yat\u0131ya kalaca\u011f\u0131 i\u00e7in \u00e7ok heyecanl\u0131yd\u0131. Biraz da korkuyordu, \u00e7\u00fcnk\u00fc buras\u0131 al\u0131\u015ft\u0131\u011f\u0131 ev d\u00fczeninden farkl\u0131yd\u0131. Babaannesiyle dedesi, Elif\u2019in yabanc\u0131l\u0131k \u00e7ekmemesi i\u00e7in ellerinden geleni yap\u0131yorlard\u0131&#8230;<\/p>\n","protected":false},"excerpt":{"rendered":"<p>Elif ilk kez babaannesiyle dedesinde yat\u0131ya kalaca\u011f\u0131 i\u00e7in \u00e7ok heyecanl\u0131yd\u0131. Biraz da korkuyordu, \u00e7\u00fcnk\u00fc buras\u0131 al\u0131\u015ft\u0131\u011f\u0131 ev d\u00fczeninden farkl\u0131yd\u0131. Babaannesiyle dedesi, Elif\u2019in yabanc\u0131l\u0131k \u00e7ekmemesi i\u00e7in ellerinden<span class=\"excerpt-hellip\"> [\u2026]<\/span><\/p>\n","protected":false},"featured_media":0,"template":"","meta":{"_monsterinsights_skip_tracking":false,"_monsterinsights_sitenote_active":false,"_monsterinsights_sitenote_note":"","_monsterinsights_sitenote_category":0},"product_brand":[],"product_cat":[12274,12284],"product_tag":[],"class_list":{"0":"post-719440","1":"product","2":"type-product","3":"status-publish","5":"product_cat-cocuk-ve-genclik-kitaplari","6":"product_cat-hikayeler","7":"pa_cilt-ciltsiz","8":"pa_tur-kitap","9":"pa_yayinevi-is-bankasi-kultur-yayinlari","10":"pa_yazar-liane-schneider","12":"first","13":"instock","14":"sale","15":"shipping-taxable","16":"purchasable","17":"product-type-simple"},"_links":{"self":[{"href":"https:\/\/roveyayinevi.com.tr\/index.php\/wp-json\/wp\/v2\/product\/719440","targetHints":{"allow":["GET"]}}],"collection":[{"href":"https:\/\/roveyayinevi.com.tr\/index.php\/wp-json\/wp\/v2\/product"}],"about":[{"href":"https:\/\/roveyayinevi.com.tr\/index.php\/wp-json\/wp\/v2\/types\/product"}],"wp:attachment":[{"href":"https:\/\/roveyayinevi.com.tr\/index.php\/wp-json\/wp\/v2\/media?parent=719440"}],"wp:term":[{"taxonomy":"product_brand","embeddable":true,"href":"https:\/\/roveyayinevi.com.tr\/index.php\/wp-json\/wp\/v2\/product_brand?post=719440"},{"taxonomy":"product_cat","embeddable":true,"href":"https:\/\/roveyayinevi.com.tr\/index.php\/wp-json\/wp\/v2\/product_cat?post=719440"},{"taxonomy":"product_tag","embeddable":true,"href":"https:\/\/roveyayinevi.com.tr\/index.php\/wp-json\/wp\/v2\/product_tag?post=719440"}],"curies":[{"name":"wp","href":"https:\/\/api.w.org\/{rel}","templated":true}]}}