{"id":719439,"date":"2025-08-27T18:22:09","date_gmt":"2025-08-27T15:22:09","guid":{"rendered":"https:\/\/roveyayinevi.com.tr\/index.php\/urun\/mavi-kitap\/"},"modified":"2026-04-16T02:27:34","modified_gmt":"2026-04-15T23:27:34","slug":"mavi-kitap","status":"publish","type":"product","link":"https:\/\/roveyayinevi.com.tr\/index.php\/urun\/mavi-kitap\/","title":{"rendered":"Mavi Kitap"},"content":{"rendered":"<p>Ozan ve yazar Adil \u0130zci, bu kitab\u0131 elli y\u0131ll\u0131k bir okur kimli\u011fiyle yer yer belgeli\u011finden de yararlanarak haz\u0131rlad\u0131. Amac\u0131, yaz\u0131n\u0131m\u0131za bir sevgi ve sayg\u0131 sunumu\u2026 R\u0131fat Ilgaz, Melih Cevdet Anday, Sabahattin Kudret Aksal, \u0130lhan Berk, V\u00fcs\u2019at O. Bener, Oktay Akbal, Sami Kara\u00f6ren, Can Y\u00fccel, Halil \u0130brahim Bahar, Erhan Bener, Tal\u00e2t Sait Halman, Adnan \u00d6zyal\u00e7\u0131ner, Nihat Ziyalan, \u00d6zdemir \u0130nce, Do\u011fan H\u0131zlan, G\u00fcng\u00f6r Tek\u00e7e, Eray Canberk, Y\u00fcksel Pazarkaya, Nurer U\u011furlu, Tuncer U\u00e7arol, Sennur Sezer, Refik Durba\u015f, Necati Tosuner, Nazl\u0131 Eray, H\u00fcseyin Peker, Ahmet Ada, Selim \u0130leri, Necati G\u00fcng\u00f6r, Sina Akyol, Kamil Masarac\u0131, G\u00fcltekin Emre, Enis Batur, Abd\u00fclkadir Budak, Zeynep Aliye, Metin Cengiz, Semih Poroy, Arife Kalender, Mehmet Zaman Sa\u00e7l\u0131o\u011flu, Osman Serhat Erkekli, Yusuf Alper, Salih Bolat, Haydar Erg\u00fclen, Turgay Fi\u015fek\u00e7i, Yunus Koray, Ay\u015fe Sar\u0131say\u0131n, Muzaffer Kale, Ahmet Ertan M\u0131s\u0131rl\u0131, Mustafa K\u00f6z, Mete \u00d6zel, Uluer Aydo\u011fdu, Murat Batmankaya, Osman \u00c7akmak\u00e7\u0131, Hikmet H\u00fck\u00fcmeno\u011flu, Erkut Tokman, Erol \u00d6zyi\u011fit, Nurduran Duman, Kenan Y\u00fccel, Kadir Aydemir, Onur Caymaz, Gonca \u00d6zmen, Harun Atak\u2026 O sayg\u0131 ve sevgi sunumunu hak edenlerden ancak bir b\u00f6l\u00fcm\u00fc\u2026<\/p>\n","protected":false},"excerpt":{"rendered":"<p>Ozan ve yazar Adil \u0130zci, bu kitab\u0131 elli y\u0131ll\u0131k bir okur kimli\u011fiyle yer yer belgeli\u011finden de yararlanarak haz\u0131rlad\u0131. Amac\u0131, yaz\u0131n\u0131m\u0131za bir sevgi ve sayg\u0131 sunumu\u2026 R\u0131fat<span class=\"excerpt-hellip\"> [\u2026]<\/span><\/p>\n","protected":false},"featured_media":0,"template":"","meta":{"_monsterinsights_skip_tracking":false,"_monsterinsights_sitenote_active":false,"_monsterinsights_sitenote_note":"","_monsterinsights_sitenote_category":0},"product_brand":[],"product_cat":[13072,12291],"product_tag":[],"class_list":{"0":"post-719439","1":"product","2":"type-product","3":"status-publish","5":"product_cat-arastirma-inceleme-referans","6":"product_cat-edebiyat","7":"pa_cilt-ciltsiz","8":"pa_tur-kitap","9":"pa_yayinevi-is-bankasi-kultur-yayinlari","10":"pa_yazar-kolektif","12":"first","13":"instock","14":"sale","15":"shipping-taxable","16":"purchasable","17":"product-type-simple"},"_links":{"self":[{"href":"https:\/\/roveyayinevi.com.tr\/index.php\/wp-json\/wp\/v2\/product\/719439","targetHints":{"allow":["GET"]}}],"collection":[{"href":"https:\/\/roveyayinevi.com.tr\/index.php\/wp-json\/wp\/v2\/product"}],"about":[{"href":"https:\/\/roveyayinevi.com.tr\/index.php\/wp-json\/wp\/v2\/types\/product"}],"wp:attachment":[{"href":"https:\/\/roveyayinevi.com.tr\/index.php\/wp-json\/wp\/v2\/media?parent=719439"}],"wp:term":[{"taxonomy":"product_brand","embeddable":true,"href":"https:\/\/roveyayinevi.com.tr\/index.php\/wp-json\/wp\/v2\/product_brand?post=719439"},{"taxonomy":"product_cat","embeddable":true,"href":"https:\/\/roveyayinevi.com.tr\/index.php\/wp-json\/wp\/v2\/product_cat?post=719439"},{"taxonomy":"product_tag","embeddable":true,"href":"https:\/\/roveyayinevi.com.tr\/index.php\/wp-json\/wp\/v2\/product_tag?post=719439"}],"curies":[{"name":"wp","href":"https:\/\/api.w.org\/{rel}","templated":true}]}}