{"id":719438,"date":"2025-08-27T18:22:08","date_gmt":"2025-08-27T15:22:08","guid":{"rendered":"https:\/\/roveyayinevi.com.tr\/index.php\/urun\/avrupa-ve-tarihsiz-halklar-ciltli\/"},"modified":"2026-04-16T02:27:34","modified_gmt":"2026-04-15T23:27:34","slug":"avrupa-ve-tarihsiz-halklar-ciltli","status":"publish","type":"product","link":"https:\/\/roveyayinevi.com.tr\/index.php\/urun\/avrupa-ve-tarihsiz-halklar-ciltli\/","title":{"rendered":"Avrupa ve Tarihsiz Halklar (Ciltli)"},"content":{"rendered":"<p>Antropolog Eric R. Wolf\u2019un ilk defa 1982\u2019de yay\u0131mlanan Avrupa ve Tarihsiz Halklar\u2019\u0131, modern \u00e7a\u011fda Avrupa toplumlar\u0131n\u0131n k\u00fcresel \u00e7apta giri\u015ftikleri yay\u0131lma ve s\u00f6m\u00fcrgele\u015ftirme hareketinin tarihine \u0131\u015f\u0131k tutan klasikle\u015fmi\u015f bir eserdir.Kapitalizmin ortaya \u00e7\u0131kard\u0131\u011f\u0131, bug\u00fcn de i\u00e7inde ya\u015famay\u0131 s\u00fcrd\u00fcrd\u00fc\u011f\u00fcm\u00fcz d\u00fcnyan\u0131n nas\u0131l \u015fekillendi\u011fine dair Wolf\u2019unki kadar kapsaml\u0131 pek az inceleme yap\u0131lm\u0131\u015ft\u0131r. Immanuel Wallerstein\u2019in d\u00fcnya-sistemi teorisi ve Karl Polonyi\u2019nin B\u00fcy\u00fck D\u00f6n\u00fc\u015f\u00fcm\u2019\u00fc benzeri \u00e7al\u0131\u015fmalar ampirik bilgi zenginli\u011fi a\u00e7\u0131s\u0131ndan Wolf\u2019unkinin gerisinde kal\u0131r.Akraba d\u00fczenli, hara\u00e7\u00e7\u0131 ve kapitalist olmak \u00fczere \u00fc\u00e7 temel \u00fcretim tarz\u0131 belirleyen Wolf\u2019un ortaya koydu\u011fu yakla\u015f\u0131m\u0131n \u00f6zg\u00fcnl\u00fc\u011f\u00fc, Avrupal\u0131lar\u0131n yay\u0131lmas\u0131ndan ve kapitalizmin geli\u015fiminden \u00f6nce \u201ctarihsiz halklar\u0131n\u201d varolu\u015f bi\u00e7imlerine, b\u00fcy\u00fcyen d\u00fcnya piyasas\u0131n\u0131n ve ard\u0131ndan end\u00fcstriyel kapitalizmin n\u00fcfuzuna nas\u0131l maruz kal\u0131p yok edildiklerine odaklanmas\u0131d\u0131r. B\u00f6ylelikle, ba\u015fka yazarlar\u0131n \u201cperiferi\u201d veya \u201cuydu\u201d gibi kavramlarla i\u015faret ettikleri, fakat esasen etno-tarih\u00e7iler ve antropologlar\u0131n inceleme sahas\u0131 olan \u201cmaddi ili\u015fkilerin de\u011fi\u015fimine dair mikro-topluluklar d\u00fczeyinde hareket eden bir analitik anlat\u0131\u201d ortaya \u00e7\u0131kar. Antropolojiyi tarihle bir araya getiren ve son be\u015f y\u00fczy\u0131ll\u0131k d\u00fcnya tarihine geni\u015f oldu\u011fu kadar ayr\u0131nt\u0131l\u0131 bir bak\u0131\u015f sunan bu sosyal bilimler klasi\u011finin T\u00fcrkiye\u2019de ge\u00e7 de olsa lay\u0131k oldu\u011fu ilgiyi g\u00f6rece\u011fine inan\u0131yoruz.<\/p>\n","protected":false},"excerpt":{"rendered":"<p>Antropolog Eric R. Wolf\u2019un ilk defa 1982\u2019de yay\u0131mlanan Avrupa ve Tarihsiz Halklar\u2019\u0131, modern \u00e7a\u011fda Avrupa toplumlar\u0131n\u0131n k\u00fcresel \u00e7apta giri\u015ftikleri yay\u0131lma ve s\u00f6m\u00fcrgele\u015ftirme hareketinin tarihine \u0131\u015f\u0131k tutan<span class=\"excerpt-hellip\"> [\u2026]<\/span><\/p>\n","protected":false},"featured_media":0,"template":"","meta":{"_monsterinsights_skip_tracking":false,"_monsterinsights_sitenote_active":false,"_monsterinsights_sitenote_note":"","_monsterinsights_sitenote_category":0},"product_brand":[],"product_cat":[12370,12304],"product_tag":[],"class_list":{"0":"post-719438","1":"product","2":"type-product","3":"status-publish","5":"product_cat-arastirma-inceleme","6":"product_cat-tarih","7":"pa_cilt-ciltli","8":"pa_tur-kitap","9":"pa_yayinevi-is-bankasi-kultur-yayinlari","10":"pa_yazar-eric-r-wolf","12":"first","13":"instock","14":"sale","15":"shipping-taxable","16":"purchasable","17":"product-type-simple"},"_links":{"self":[{"href":"https:\/\/roveyayinevi.com.tr\/index.php\/wp-json\/wp\/v2\/product\/719438","targetHints":{"allow":["GET"]}}],"collection":[{"href":"https:\/\/roveyayinevi.com.tr\/index.php\/wp-json\/wp\/v2\/product"}],"about":[{"href":"https:\/\/roveyayinevi.com.tr\/index.php\/wp-json\/wp\/v2\/types\/product"}],"wp:attachment":[{"href":"https:\/\/roveyayinevi.com.tr\/index.php\/wp-json\/wp\/v2\/media?parent=719438"}],"wp:term":[{"taxonomy":"product_brand","embeddable":true,"href":"https:\/\/roveyayinevi.com.tr\/index.php\/wp-json\/wp\/v2\/product_brand?post=719438"},{"taxonomy":"product_cat","embeddable":true,"href":"https:\/\/roveyayinevi.com.tr\/index.php\/wp-json\/wp\/v2\/product_cat?post=719438"},{"taxonomy":"product_tag","embeddable":true,"href":"https:\/\/roveyayinevi.com.tr\/index.php\/wp-json\/wp\/v2\/product_tag?post=719438"}],"curies":[{"name":"wp","href":"https:\/\/api.w.org\/{rel}","templated":true}]}}