{"id":719435,"date":"2025-08-27T18:22:06","date_gmt":"2025-08-27T15:22:06","guid":{"rendered":"https:\/\/roveyayinevi.com.tr\/index.php\/urun\/enkheiridion\/"},"modified":"2026-04-16T02:27:34","modified_gmt":"2026-04-15T23:27:34","slug":"enkheiridion","status":"publish","type":"product","link":"https:\/\/roveyayinevi.com.tr\/index.php\/urun\/enkheiridion\/","title":{"rendered":"Enkheiridion"},"content":{"rendered":"<p>Epiktetos (yakla\u015f\u0131k olarak MS 50-125\/130): Roma \u0130mparatorlu\u011fu d\u00f6neminin en \u00f6nemli ve en me\u015fhur filozoflar\u0131ndand\u0131r. Muhtemelen \u00e7ocukken Roma\u2019ya gelmi\u015f, kendisi de bir zamanlar k\u00f6le olan \u00f6zg\u00fcr Epaphroditus\u2019un k\u00f6lesi olmu\u015ftur. Epiktetos d\u00f6nemin en b\u00fcy\u00fck Stoac\u0131 \u00f6\u011fretmeni Musonius Rufus\u2019un derslerine kat\u0131lm\u0131\u015f, d\u00fc\u015f\u00fcncelerinin pe\u015finden gitmi\u015ftir. K\u00f6lelikten azat edildikten sonra, \u0130mparator Domitianus d\u00f6neminde filozoflar\u0131n s\u00fcrg\u00fcn edilmesi karar\u0131 \u00fczerine Roma\u2019dan ayr\u0131lm\u0131\u015f, Kuzey Yunanistan\u2019daki Nicopolis\u2019te okulunu kurmu\u015ftur. Bir\u00e7ok soylu Romal\u0131 onun \u00f6\u011frencisi olmu\u015f, bunlardan Lucius Flavius Arrianus \u00f6\u011fretilerini Sokrates gibi kaleme almam\u0131\u015f olan Epiktetos\u2019tan \u00f6\u011frendiklerini Diatribai ve Enkheiridion adl\u0131 iki ayr\u0131 metinde toplay\u0131p g\u00fcn\u00fcm\u00fcze ula\u015fmas\u0131n\u0131 sa\u011flam\u0131\u015ft\u0131r. Diatribai\u2019da Stoa eti\u011finin temel unsurlar\u0131 kapsaml\u0131 bir \u015fekilde ele al\u0131nm\u0131\u015ft\u0131r, daha k\u0131sa olan Enkheiridion ise s\u00f6zl\u00fck anlam\u0131 gibi onun \u201crehber\u201d olarak kullan\u0131labilecek bir \u00f6zeti say\u0131l\u0131r.<\/p>\n","protected":false},"excerpt":{"rendered":"<p>Epiktetos (yakla\u015f\u0131k olarak MS 50-125\/130): Roma \u0130mparatorlu\u011fu d\u00f6neminin en \u00f6nemli ve en me\u015fhur filozoflar\u0131ndand\u0131r. Muhtemelen \u00e7ocukken Roma\u2019ya gelmi\u015f, kendisi de bir zamanlar k\u00f6le olan \u00f6zg\u00fcr Epaphroditus\u2019un<span class=\"excerpt-hellip\"> [\u2026]<\/span><\/p>\n","protected":false},"featured_media":0,"template":"","meta":{"_monsterinsights_skip_tracking":false,"_monsterinsights_sitenote_active":false,"_monsterinsights_sitenote_note":"","_monsterinsights_sitenote_category":0},"product_brand":[],"product_cat":[20351,12388],"product_tag":[],"class_list":{"0":"post-719435","1":"product","2":"type-product","3":"status-publish","5":"product_cat-dusunce","6":"product_cat-felsefe","7":"pa_cilt-ciltsiz","8":"pa_tur-kitap","9":"pa_yayinevi-is-bankasi-kultur-yayinlari","10":"pa_yazar-epiktetos","12":"first","13":"instock","14":"sale","15":"shipping-taxable","16":"purchasable","17":"product-type-simple"},"_links":{"self":[{"href":"https:\/\/roveyayinevi.com.tr\/index.php\/wp-json\/wp\/v2\/product\/719435","targetHints":{"allow":["GET"]}}],"collection":[{"href":"https:\/\/roveyayinevi.com.tr\/index.php\/wp-json\/wp\/v2\/product"}],"about":[{"href":"https:\/\/roveyayinevi.com.tr\/index.php\/wp-json\/wp\/v2\/types\/product"}],"wp:attachment":[{"href":"https:\/\/roveyayinevi.com.tr\/index.php\/wp-json\/wp\/v2\/media?parent=719435"}],"wp:term":[{"taxonomy":"product_brand","embeddable":true,"href":"https:\/\/roveyayinevi.com.tr\/index.php\/wp-json\/wp\/v2\/product_brand?post=719435"},{"taxonomy":"product_cat","embeddable":true,"href":"https:\/\/roveyayinevi.com.tr\/index.php\/wp-json\/wp\/v2\/product_cat?post=719435"},{"taxonomy":"product_tag","embeddable":true,"href":"https:\/\/roveyayinevi.com.tr\/index.php\/wp-json\/wp\/v2\/product_tag?post=719435"}],"curies":[{"name":"wp","href":"https:\/\/api.w.org\/{rel}","templated":true}]}}