{"id":719434,"date":"2025-08-27T18:22:05","date_gmt":"2025-08-27T15:22:05","guid":{"rendered":"https:\/\/roveyayinevi.com.tr\/index.php\/urun\/genclik-oykuleri\/"},"modified":"2026-04-16T02:27:34","modified_gmt":"2026-04-15T23:27:34","slug":"genclik-oykuleri","status":"publish","type":"product","link":"https:\/\/roveyayinevi.com.tr\/index.php\/urun\/genclik-oykuleri\/","title":{"rendered":"Gen\u00e7lik \u00d6yk\u00fcleri"},"content":{"rendered":"<p>Y\u0131lmaz\u2019\u0131n \u00f6yk\u00fclerini d\u00fcn bir kez daha okudum ve gece g\u00f6z\u00fcme uyku gimedi: Y\u0131lmaz\u2019\u0131n gen\u00e7lik \u00f6yk\u00fcleri yay\u0131mland\u0131\u011f\u0131 y\u0131llarda d\u00f6nemin \u201cele\u015ftiri\u201dsinin dikkatini \u00e7ekmedi. \u00c7\u00fcnk\u00fc ele\u015ftiri her zaman kimi yazarlar\u0131 \u201cin\u201d , kimilerini de \u201cout\u201d sayma \u00f6nyarg\u0131s\u0131yla hareket eder. Ama d\u00f6nem gelir, bir zamanlar dikkate almad\u0131\u011f\u0131 bir yazar\u0131 ta\u00e7land\u0131rmak cesaretini g\u00f6sterir. T\u0131pk\u0131 Y\u0131lmaz\u2019\u0131n Boynu B\u00fck\u00fck \u00d6ld\u00fcler\u2019le Orhan Kemal Roman \u00d6d\u00fcl\u00fc\u2019n\u00fc almas\u0131 gibi. Gen\u00e7lik \u00f6yk\u00fcleri\u2019 nin yaz\u0131nsal \u00f6zellikleri, \u00f6nc\u00fc nitelikleri hen\u00fcz de\u011ferlendirilmemi\u015ftir, ama bir g\u00fcn o da olur. Ama bir d\u00f6nemin siyasal saplant\u0131lar\u0131 y\u00fcz\u00fcnden yat\u0131lan hapis ve ya\u015fanan s\u00fcrg\u00fcn art\u0131k geri d\u00f6n\u00fc\u015fs\u00fcz bir \u201colgu\u201ddur. \u0130\u015fte bu nedenle Y\u0131lmaz\u2019\u0131n hayat\u0131n\u0131n yak\u0131n tan\u0131\u011f\u0131 oldu\u011fum bu d\u00f6nemi d\u00fc\u015f\u00fcnd\u00fc\u011f\u00fcm i\u00e7in d\u00fcn gece g\u00f6z\u00fcme uyku girmedi. \u00d6zdemir \u0130nce <\/p>\n","protected":false},"excerpt":{"rendered":"<p>Y\u0131lmaz\u2019\u0131n \u00f6yk\u00fclerini d\u00fcn bir kez daha okudum ve gece g\u00f6z\u00fcme uyku gimedi: Y\u0131lmaz\u2019\u0131n gen\u00e7lik \u00f6yk\u00fcleri yay\u0131mland\u0131\u011f\u0131 y\u0131llarda d\u00f6nemin \u201cele\u015ftiri\u201dsinin dikkatini \u00e7ekmedi. \u00c7\u00fcnk\u00fc ele\u015ftiri her zaman kimi<span class=\"excerpt-hellip\"> [\u2026]<\/span><\/p>\n","protected":false},"featured_media":0,"template":"","meta":{"_monsterinsights_skip_tracking":false,"_monsterinsights_sitenote_active":false,"_monsterinsights_sitenote_note":"","_monsterinsights_sitenote_category":0},"product_brand":[],"product_cat":[12291,12711],"product_tag":[],"class_list":{"0":"post-719434","1":"product","2":"type-product","3":"status-publish","5":"product_cat-edebiyat","6":"product_cat-roman-oyku","7":"pa_cilt-ciltsiz","8":"pa_tur-kitap","9":"pa_yayinevi-ithaki-yayinlari","10":"pa_yazar-yilmaz-guney","12":"first","13":"instock","14":"sale","15":"shipping-taxable","16":"purchasable","17":"product-type-simple"},"_links":{"self":[{"href":"https:\/\/roveyayinevi.com.tr\/index.php\/wp-json\/wp\/v2\/product\/719434","targetHints":{"allow":["GET"]}}],"collection":[{"href":"https:\/\/roveyayinevi.com.tr\/index.php\/wp-json\/wp\/v2\/product"}],"about":[{"href":"https:\/\/roveyayinevi.com.tr\/index.php\/wp-json\/wp\/v2\/types\/product"}],"wp:attachment":[{"href":"https:\/\/roveyayinevi.com.tr\/index.php\/wp-json\/wp\/v2\/media?parent=719434"}],"wp:term":[{"taxonomy":"product_brand","embeddable":true,"href":"https:\/\/roveyayinevi.com.tr\/index.php\/wp-json\/wp\/v2\/product_brand?post=719434"},{"taxonomy":"product_cat","embeddable":true,"href":"https:\/\/roveyayinevi.com.tr\/index.php\/wp-json\/wp\/v2\/product_cat?post=719434"},{"taxonomy":"product_tag","embeddable":true,"href":"https:\/\/roveyayinevi.com.tr\/index.php\/wp-json\/wp\/v2\/product_tag?post=719434"}],"curies":[{"name":"wp","href":"https:\/\/api.w.org\/{rel}","templated":true}]}}