{"id":719433,"date":"2025-08-27T18:22:04","date_gmt":"2025-08-27T15:22:04","guid":{"rendered":"https:\/\/roveyayinevi.com.tr\/index.php\/urun\/cam-3\/"},"modified":"2026-04-16T02:27:34","modified_gmt":"2026-04-15T23:27:34","slug":"cam-3","status":"publish","type":"product","link":"https:\/\/roveyayinevi.com.tr\/index.php\/urun\/cam-3\/","title":{"rendered":"Cam"},"content":{"rendered":"<p>\u201c\u0130nce \u015feylerin hat\u0131r\u0131n\u0131 g\u00f6zeten\u201d minima dizisi \u00fc\u00e7\u00fcnc\u00fc kitab\u0131yla yoluna devam ediyor.Saydam oldu\u011fu varsay\u0131lan ve dolay\u0131s\u0131yla \u00fczerine pek d\u00fc\u015f\u00fcn\u00fclmeyen yayg\u0131n bir nesne olarak cam\u0131 irdeleyen John Garrison, d\u00fc\u015f\u00fcncenin alan\u0131n\u0131 tek bir nesne \u00fczerinde geni\u015fletme deneyine giri\u015fiyor bu kitapta. Tarih boyunca i\u00e7inde bulunulan d\u00f6nemin k\u00fclt\u00fcr\u00fcne g\u00f6re farkl\u0131 i\u015flevlere ve anlamlara b\u00fcr\u00fcnm\u00fc\u015f cam\u0131n hep ba\u015fka d\u00fcnyalara pencereler a\u00e7t\u0131\u011f\u0131n\u0131 yal\u0131n bir dille anlat\u0131yor. Cam hakk\u0131ndaki muhtelif tasvirler ile cam\u0131n yeni etkile\u015fimler i\u00e7in e\u015fsiz bir vaat sundu\u011fu iddias\u0131nda olan gelecek vizyonlar\u0131 aras\u0131nda d\u00fc\u015f\u00fcnce a\u00e7\u0131s\u0131ndan ilham verici ba\u011flant\u0131lar kuruyor. Kutsal metinlerden Shakespeare ve R\u00f6nensans\u2019a, Az\u0131nl\u0131k Raporu ve Uzay Yolu gibi pop\u00fcler bilimkurgu filmlerinden geli\u015fen g\u00fcncel interaktif teknolojilere uzanan \u00f6rneklerle meram\u0131n\u0131 somut ba\u011flamlara oturtarak, g\u00fcndelik d\u00fcnyam\u0131z\u0131 her ge\u00e7en g\u00fcn daha da saran cama dair ufuk a\u00e7\u0131c\u0131 i\u00e7g\u00f6r\u00fcler sunuyor.K\u0131r\u0131lmad\u0131\u011f\u0131 ya da \u00e7atlamad\u0131\u011f\u0131 s\u00fcrece cam\u0131 nadiren d\u00fc\u015f\u00fcn\u00fcyoruz, ama i\u015fte bu kitap bunun i\u00e7in iyi bir f\u0131rsat.\u201c[Cam] kendini bakmaya yarayan, i\u00e7erdiklerine parlakl\u0131k katan, g\u00f6r\u00fc\u015f alan\u0131m\u0131za yerle\u015fen ve fark\u0131na var\u0131p etkile\u015fime girmek zorunda oldu\u011fumuz bir \u015fey olarak sunan bir maddenin \u00f6z\u00fcn\u00fc imbikten ge\u00e7iriyor.\u201dJulin Yates, Los Angeles Review of Books\u201cBu harikulade kitap bizi bir nevi aynan\u0131n kar\u015f\u0131s\u0131na ge\u00e7iriyor ve g\u00fcndelik bir materyale bamba\u015fka bir g\u00f6zle bakmam\u0131z\u0131 sa\u011fl\u0131yor.\u201dColin Milburn, California Davis \u00dcniversitesi, \u0130ngilizce ve Bilim ve Teknoloji \u00c7al\u0131\u015fmalar\u0131 Profes\u00f6r\u00fc<\/p>\n","protected":false},"excerpt":{"rendered":"<p>\u201c\u0130nce \u015feylerin hat\u0131r\u0131n\u0131 g\u00f6zeten\u201d minima dizisi \u00fc\u00e7\u00fcnc\u00fc kitab\u0131yla yoluna devam ediyor.Saydam oldu\u011fu varsay\u0131lan ve dolay\u0131s\u0131yla \u00fczerine pek d\u00fc\u015f\u00fcn\u00fclmeyen yayg\u0131n bir nesne olarak cam\u0131 irdeleyen John Garrison,<span class=\"excerpt-hellip\"> [\u2026]<\/span><\/p>\n","protected":false},"featured_media":0,"template":"","meta":{"_monsterinsights_skip_tracking":false,"_monsterinsights_sitenote_active":false,"_monsterinsights_sitenote_note":"","_monsterinsights_sitenote_category":0},"product_brand":[],"product_cat":[12777,12291],"product_tag":[],"class_list":{"0":"post-719433","1":"product","2":"type-product","3":"status-publish","5":"product_cat-deneme","6":"product_cat-edebiyat","7":"pa_cilt-ciltsiz","8":"pa_tur-kitap","9":"pa_yayinevi-ithaki-yayinlari","10":"pa_yazar-john-garrison","12":"first","13":"instock","14":"sale","15":"shipping-taxable","16":"purchasable","17":"product-type-simple"},"_links":{"self":[{"href":"https:\/\/roveyayinevi.com.tr\/index.php\/wp-json\/wp\/v2\/product\/719433","targetHints":{"allow":["GET"]}}],"collection":[{"href":"https:\/\/roveyayinevi.com.tr\/index.php\/wp-json\/wp\/v2\/product"}],"about":[{"href":"https:\/\/roveyayinevi.com.tr\/index.php\/wp-json\/wp\/v2\/types\/product"}],"wp:attachment":[{"href":"https:\/\/roveyayinevi.com.tr\/index.php\/wp-json\/wp\/v2\/media?parent=719433"}],"wp:term":[{"taxonomy":"product_brand","embeddable":true,"href":"https:\/\/roveyayinevi.com.tr\/index.php\/wp-json\/wp\/v2\/product_brand?post=719433"},{"taxonomy":"product_cat","embeddable":true,"href":"https:\/\/roveyayinevi.com.tr\/index.php\/wp-json\/wp\/v2\/product_cat?post=719433"},{"taxonomy":"product_tag","embeddable":true,"href":"https:\/\/roveyayinevi.com.tr\/index.php\/wp-json\/wp\/v2\/product_tag?post=719433"}],"curies":[{"name":"wp","href":"https:\/\/api.w.org\/{rel}","templated":true}]}}