{"id":719432,"date":"2025-08-27T18:22:03","date_gmt":"2025-08-27T15:22:03","guid":{"rendered":"https:\/\/roveyayinevi.com.tr\/index.php\/urun\/golgeler-icinde-rusya\/"},"modified":"2026-04-16T02:27:34","modified_gmt":"2026-04-15T23:27:34","slug":"golgeler-icinde-rusya","status":"publish","type":"product","link":"https:\/\/roveyayinevi.com.tr\/index.php\/urun\/golgeler-icinde-rusya\/","title":{"rendered":"G\u00f6lgeler \u0130\u00e7inde Rusya"},"content":{"rendered":"<p>\u201cWells, Rusya\u2019y\u0131 ilk kez 1914 y\u0131l\u0131n\u0131n Ocak ay\u0131nda ziyaret etmi\u015fti. Bu kitapla birlikte devrim sonras\u0131, insanlar\u0131n a\u00e7l\u0131ktan k\u0131r\u0131ld\u0131\u011f\u0131, y\u0131k\u0131lm\u0131\u015f Petersburg\u2019a giderek Rusya\u2019ya ikinci ziyaretini ger\u00e7ekle\u015ftiriyor. Birinci s\u0131n\u0131f bir gazeteci olan Wells, s\u0131k\u0131ca g\u00f6zlenen, yabanc\u0131lar i\u00e7in ayr\u0131lm\u0131\u015f otellerde konaklamaktansa yak\u0131n arkada\u015f\u0131 Maksim Gorki\u2019nin evinde kal\u0131yor. Hatta Moskova\u2019da Lenin\u2019le g\u00f6r\u00fc\u015febilecek kadar el \u00fcst\u00fcnde tutuluyor.\u201dDavid LodgeH. G. Wells\u2019in Rusya\u2019ya yapt\u0131\u011f\u0131 \u00fc\u00e7 ziyaretten 1920 y\u0131l\u0131nda ger\u00e7ekle\u015fen ikincisini anlatt\u0131\u011f\u0131 G\u00f6lgeler \u0130\u00e7inde Rusya, Bol\u015fevik Devrimi sonras\u0131 Rusya\u2019n\u0131n haletiruhiyesini resmediyor. \u0130\u00e7 sava\u015f\u0131n hen\u00fcz sona erdi\u011fi, Bol\u015feviklerin ba\u015fta oldu\u011fu ama kontrol\u00fc tam sa\u011flayamad\u0131\u011f\u0131 bu d\u00f6nemde Wells, Rus \u00c7arl\u0131\u011f\u0131\u2019n\u0131n y\u0131k\u0131lmas\u0131n\u0131n etkisindeki sosyal hayat\u0131, k\u00fclt\u00fcr-sanat ve bilim d\u00fcnyas\u0131ndaki geli\u015fmeleri de\u011ferlendiriyor.Petersburg ve Moskova\u2019ya yapt\u0131\u011f\u0131 bu yolculukta Wells \u00fcnl\u00fc opera sanat\u00e7\u0131s\u0131 Fyodor \u015ealyapin ve yazar dostu Maksim Gorki ile olan g\u00f6r\u00fc\u015fmelerini i\u00e7tenlikle aktar\u0131yor. Daha sonra Kremlin\u2019e giderek Lenin\u2019le o \u00fcnl\u00fc r\u00f6portaj\u0131 yap\u0131yor. Wells\u2019in 1934 y\u0131l\u0131nda Josef Stalin\u2019le yapt\u0131\u011f\u0131 r\u00f6portaj da G\u00f6lgeler \u0130\u00e7inde Rusya\u2019ya ek olarak kitab\u0131n sonunda kendine yer buluyor.<\/p>\n","protected":false},"excerpt":{"rendered":"<p>\u201cWells, Rusya\u2019y\u0131 ilk kez 1914 y\u0131l\u0131n\u0131n Ocak ay\u0131nda ziyaret etmi\u015fti. Bu kitapla birlikte devrim sonras\u0131, insanlar\u0131n a\u00e7l\u0131ktan k\u0131r\u0131ld\u0131\u011f\u0131, y\u0131k\u0131lm\u0131\u015f Petersburg\u2019a giderek Rusya\u2019ya ikinci ziyaretini ger\u00e7ekle\u015ftiriyor. Birinci<span class=\"excerpt-hellip\"> [\u2026]<\/span><\/p>\n","protected":false},"featured_media":0,"template":"","meta":{"_monsterinsights_skip_tracking":false,"_monsterinsights_sitenote_active":false,"_monsterinsights_sitenote_note":"","_monsterinsights_sitenote_category":0},"product_brand":[],"product_cat":[12370,12304],"product_tag":[],"class_list":{"0":"post-719432","1":"product","2":"type-product","3":"status-publish","5":"product_cat-arastirma-inceleme","6":"product_cat-tarih","7":"pa_cilt-ciltsiz","8":"pa_tur-kitap","9":"pa_yayinevi-ithaki-yayinlari","10":"pa_yazar-h-g-wells","12":"first","13":"instock","14":"sale","15":"shipping-taxable","16":"purchasable","17":"product-type-simple"},"_links":{"self":[{"href":"https:\/\/roveyayinevi.com.tr\/index.php\/wp-json\/wp\/v2\/product\/719432","targetHints":{"allow":["GET"]}}],"collection":[{"href":"https:\/\/roveyayinevi.com.tr\/index.php\/wp-json\/wp\/v2\/product"}],"about":[{"href":"https:\/\/roveyayinevi.com.tr\/index.php\/wp-json\/wp\/v2\/types\/product"}],"wp:attachment":[{"href":"https:\/\/roveyayinevi.com.tr\/index.php\/wp-json\/wp\/v2\/media?parent=719432"}],"wp:term":[{"taxonomy":"product_brand","embeddable":true,"href":"https:\/\/roveyayinevi.com.tr\/index.php\/wp-json\/wp\/v2\/product_brand?post=719432"},{"taxonomy":"product_cat","embeddable":true,"href":"https:\/\/roveyayinevi.com.tr\/index.php\/wp-json\/wp\/v2\/product_cat?post=719432"},{"taxonomy":"product_tag","embeddable":true,"href":"https:\/\/roveyayinevi.com.tr\/index.php\/wp-json\/wp\/v2\/product_tag?post=719432"}],"curies":[{"name":"wp","href":"https:\/\/api.w.org\/{rel}","templated":true}]}}