{"id":719427,"date":"2025-08-27T18:21:51","date_gmt":"2025-08-27T15:21:51","guid":{"rendered":"https:\/\/roveyayinevi.com.tr\/index.php\/urun\/supheci-zihinler-bir-stranger-things-romani\/"},"modified":"2026-04-16T02:27:34","modified_gmt":"2026-04-15T23:27:34","slug":"supheci-zihinler-bir-stranger-things-romani","status":"publish","type":"product","link":"https:\/\/roveyayinevi.com.tr\/index.php\/urun\/supheci-zihinler-bir-stranger-things-romani\/","title":{"rendered":"\u015e\u00fcpheci Zihinler: Bir Stranger Things Roman\u0131"},"content":{"rendered":"<p>Gizemli bir laboratuvar. Tekinsiz bir biliminsan\u0131. Gizli bir ge\u00e7mi\u015f. Eleven\u2019\u0131n annesiyle ilgili ger\u00e7ekleri bildi\u011finizi san\u0131yorsan\u0131z olay yaratan Netflix dizisi STRANGER THINGS\u2019in bu gerilim y\u00fckl\u00fc ba\u015flang\u0131\u00e7 hik\u00e2yesiyle d\u00fcnyan\u0131z\u0131n Ba\u015f A\u015fa\u011f\u0131 edilmesine haz\u0131r olun. 1969 yaz\u0131nda Amerikan gen\u00e7li\u011fi Vietnam\u2019da ya\u015fananlarla kaynamaktad\u0131r. Indiana\u2019n\u0131n kalbindeki sessiz bir \u00fcniversite kamp\u00fcs\u00fcnde \u00f6\u011frenci olan Terry Ives de\u011fi\u015fen d\u00fcnya kar\u015f\u0131s\u0131nda seyirci kalmaktan ho\u015fnut de\u011fildir. \u00d6n\u00fcne \u00e7\u0131kan ilk f\u0131rsatta \u00f6nemli bir ara\u015ft\u0131rman\u0131n par\u00e7as\u0131 olabilmek i\u00e7in denek olarak kaydolur. Dr. Martin Brenner\u2019\u0131n y\u00f6netti\u011fi, orman\u0131n derinliklerinde, g\u00f6zlerden \u0131rak Hawkins Laboratuvar\u0131\u2019nda Terry\u2019nin \u00e7\u00f6zmeye kararl\u0131 oldu\u011fu bir s\u0131r gizlenmektedir. Kaosun ortas\u0131nda, Terry Ives ve deneyinin gelece\u011fi u\u011fruna her \u015feyi g\u00f6ze alan Dr. Martin Brenner sava\u015f meydan\u0131n\u0131n insan zihni oldu\u011fu farkl\u0131 bir m\u00fccadeleye gireceklerdir. \u201cStrangerThings evreni hakk\u0131nda bilgilerini art\u0131rmak isteyen okurlara \u015fiddetle tavsiye ederim. Bu kitap, dizinin hayran\u0131 olmayan okurlar\u0131n bile zihninde yer edecek kadar karanl\u0131k ve s\u00fcr\u00fckleyici.\u201dTheUnseen Library <\/p>\n","protected":false},"excerpt":{"rendered":"<p>Gizemli bir laboratuvar. Tekinsiz bir biliminsan\u0131. Gizli bir ge\u00e7mi\u015f. Eleven\u2019\u0131n annesiyle ilgili ger\u00e7ekleri bildi\u011finizi san\u0131yorsan\u0131z olay yaratan Netflix dizisi STRANGER THINGS\u2019in bu gerilim y\u00fckl\u00fc ba\u015flang\u0131\u00e7 hik\u00e2yesiyle<span class=\"excerpt-hellip\"> [\u2026]<\/span><\/p>\n","protected":false},"featured_media":0,"template":"","meta":{"_monsterinsights_skip_tracking":false,"_monsterinsights_sitenote_active":false,"_monsterinsights_sitenote_note":"","_monsterinsights_sitenote_category":0},"product_brand":[],"product_cat":[12540,12291],"product_tag":[],"class_list":{"0":"post-719427","1":"product","2":"type-product","3":"status-publish","5":"product_cat-bilim-kurgu","6":"product_cat-edebiyat","7":"pa_cilt-ciltsiz","8":"pa_tur-kitap","9":"pa_yayinevi-epsilon-yayinlari","10":"pa_yazar-gwenda-bond","12":"first","13":"instock","14":"sale","15":"shipping-taxable","16":"purchasable","17":"product-type-simple"},"_links":{"self":[{"href":"https:\/\/roveyayinevi.com.tr\/index.php\/wp-json\/wp\/v2\/product\/719427","targetHints":{"allow":["GET"]}}],"collection":[{"href":"https:\/\/roveyayinevi.com.tr\/index.php\/wp-json\/wp\/v2\/product"}],"about":[{"href":"https:\/\/roveyayinevi.com.tr\/index.php\/wp-json\/wp\/v2\/types\/product"}],"wp:attachment":[{"href":"https:\/\/roveyayinevi.com.tr\/index.php\/wp-json\/wp\/v2\/media?parent=719427"}],"wp:term":[{"taxonomy":"product_brand","embeddable":true,"href":"https:\/\/roveyayinevi.com.tr\/index.php\/wp-json\/wp\/v2\/product_brand?post=719427"},{"taxonomy":"product_cat","embeddable":true,"href":"https:\/\/roveyayinevi.com.tr\/index.php\/wp-json\/wp\/v2\/product_cat?post=719427"},{"taxonomy":"product_tag","embeddable":true,"href":"https:\/\/roveyayinevi.com.tr\/index.php\/wp-json\/wp\/v2\/product_tag?post=719427"}],"curies":[{"name":"wp","href":"https:\/\/api.w.org\/{rel}","templated":true}]}}