{"id":719425,"date":"2025-08-27T18:21:50","date_gmt":"2025-08-27T15:21:50","guid":{"rendered":"https:\/\/roveyayinevi.com.tr\/index.php\/urun\/tepetaklak-mitoloji-yakiyorsun-hades-ciltli\/"},"modified":"2026-04-16T02:27:34","modified_gmt":"2026-04-15T23:27:34","slug":"tepetaklak-mitoloji-yakiyorsun-hades-ciltli","status":"publish","type":"product","link":"https:\/\/roveyayinevi.com.tr\/index.php\/urun\/tepetaklak-mitoloji-yakiyorsun-hades-ciltli\/","title":{"rendered":"Tepetaklak Mitoloji: Yak\u0131yorsun Hades (Ciltli)"},"content":{"rendered":"<p>\u201cYunan tanr\u0131lar\u0131n\u0131n Hades\u2019in g\u00f6z\u00fcnden anlat\u0131lan \u00f6yk\u00fcs\u00fc t\u00fcrl\u00fc \u015fakalarla dolu. Mitlere duyulan ilgiyi art\u0131rmak isteyen \u00f6\u011fretmenlere b\u00fcy\u00fck bir l\u00fctuf.\u201dSchool Library Journal Hades ve karde\u015fleri do\u011fdu\u011funda, k\u00e2inat\u0131n h\u00e2kimi olan babalar\u0131 Kronos onlar\u0131 midesine indirdi, hem de s\u0131rf \u00e7ocuklar\u0131ndan birinin ondan daha kudretli olaca\u011f\u0131n\u0131 g\u00f6steren bir kehanet y\u00fcz\u00fcnden. Acaba Hades ve karde\u015fleri ac\u0131mas\u0131z babalar\u0131n\u0131 tahttan indirip k\u00e2inata kendileri h\u00e2kim olabilecekler mi?  Eh, en az\u0131ndan ortal\u0131\u011f\u0131n feci k\u0131z\u0131\u015faca\u011f\u0131 kesin!\u201cBabam\u0131n midesi o kadar b\u00fcy\u00fckt\u00fc ki orada be\u015f karde\u015f ya\u015farken bile s\u0131k\u0131\u015fm\u0131yorduk. Tabii ara s\u0131ra birbirimizi sinir etti\u011fimiz de oluyordu: Poseidon s\u00fcrekli y\u00fczme yar\u0131\u015f\u0131 yapmak istiyordu. Hestia ortal\u0131\u011f\u0131 toplay\u0131p duruyordu. Hera herkese patronluk taslay\u0131p her i\u015fe kar\u0131\u015f\u0131yordu. Kesinlikle en tuhaf\u0131m\u0131z ise sebze bah\u00e7esi hevesini papa\u011fan gibi tekrarlayan Demeter\u2019di. Ama sonu\u00e7ta bir aileydik.Hepimiz babam\u0131n midesinde, hep birlikte b\u00fcy\u00fcd\u00fck.\u201d\u201cAntik Yunan tanr\u0131lar\u0131n\u0131n do\u011fumu, babalar\u0131n\u0131n tahttan indirili\u015fi ve ilk olimpiyatlar da dahil, olan biteni \u2018as\u0131l\u2019 y\u00f6nleriyle anlatan Hades, sivri dili ve asi mizac\u0131yla da y\u00fczleri g\u00fcld\u00fcr\u00fcyor.\u201dBooklist <\/p>\n","protected":false},"excerpt":{"rendered":"<p>\u201cYunan tanr\u0131lar\u0131n\u0131n Hades\u2019in g\u00f6z\u00fcnden anlat\u0131lan \u00f6yk\u00fcs\u00fc t\u00fcrl\u00fc \u015fakalarla dolu. Mitlere duyulan ilgiyi art\u0131rmak isteyen \u00f6\u011fretmenlere b\u00fcy\u00fck bir l\u00fctuf.\u201dSchool Library Journal Hades ve karde\u015fleri do\u011fdu\u011funda, k\u00e2inat\u0131n h\u00e2kimi<span class=\"excerpt-hellip\"> [\u2026]<\/span><\/p>\n","protected":false},"featured_media":0,"template":"","meta":{"_monsterinsights_skip_tracking":false,"_monsterinsights_sitenote_active":false,"_monsterinsights_sitenote_note":"","_monsterinsights_sitenote_category":0},"product_brand":[],"product_cat":[12275,12274],"product_tag":[],"class_list":{"0":"post-719425","1":"product","2":"type-product","3":"status-publish","5":"product_cat-6-12-yas-kitaplari","6":"product_cat-cocuk-ve-genclik-kitaplari","7":"pa_cilt-ciltli","8":"pa_tur-kitap","9":"pa_yayinevi-epsilon-yayinlari","10":"pa_yazar-kate-mcmullan","12":"first","13":"instock","14":"sale","15":"shipping-taxable","16":"purchasable","17":"product-type-simple"},"_links":{"self":[{"href":"https:\/\/roveyayinevi.com.tr\/index.php\/wp-json\/wp\/v2\/product\/719425","targetHints":{"allow":["GET"]}}],"collection":[{"href":"https:\/\/roveyayinevi.com.tr\/index.php\/wp-json\/wp\/v2\/product"}],"about":[{"href":"https:\/\/roveyayinevi.com.tr\/index.php\/wp-json\/wp\/v2\/types\/product"}],"wp:attachment":[{"href":"https:\/\/roveyayinevi.com.tr\/index.php\/wp-json\/wp\/v2\/media?parent=719425"}],"wp:term":[{"taxonomy":"product_brand","embeddable":true,"href":"https:\/\/roveyayinevi.com.tr\/index.php\/wp-json\/wp\/v2\/product_brand?post=719425"},{"taxonomy":"product_cat","embeddable":true,"href":"https:\/\/roveyayinevi.com.tr\/index.php\/wp-json\/wp\/v2\/product_cat?post=719425"},{"taxonomy":"product_tag","embeddable":true,"href":"https:\/\/roveyayinevi.com.tr\/index.php\/wp-json\/wp\/v2\/product_tag?post=719425"}],"curies":[{"name":"wp","href":"https:\/\/api.w.org\/{rel}","templated":true}]}}