{"id":719423,"date":"2025-08-27T18:21:49","date_gmt":"2025-08-27T15:21:49","guid":{"rendered":"https:\/\/roveyayinevi.com.tr\/index.php\/urun\/kerkukten-derlenen-olay-turkuleri\/"},"modified":"2026-04-16T02:27:34","modified_gmt":"2026-04-15T23:27:34","slug":"kerkukten-derlenen-olay-turkuleri","status":"publish","type":"product","link":"https:\/\/roveyayinevi.com.tr\/index.php\/urun\/kerkukten-derlenen-olay-turkuleri\/","title":{"rendered":"Kerk\u00fck&#8217;ten Derlenen Olay T\u00fcrk\u00fcleri"},"content":{"rendered":"<p>Genellikle tarih\u00ee bir sava\u015f, zafer ve kahramanl\u0131k gibi toplumu derinden etkileyen olaylar\u0131n meydana gelmesi, o olaylar\u0131n \u015fiirle\u015ferek bestelenmesi sonucunu do\u011furmu\u015ftur. Osmanl\u0131 ordusundaki Mehter Musikisi veya M\u0131z\u0131ka-y\u0131 H\u00fcmayun tak\u0131mlar\u0131n\u0131n, askerleri co\u015fturarak heyecan yaratmas\u0131, ayr\u0131ca mehter k\u00f6slerinin vurarak meydanlar\u0131 inletmesi de baz\u0131 kahramanl\u0131k t\u00fcrk\u00fclerinin do\u011fmas\u0131na yol a\u00e7m\u0131\u015ft\u0131r.Ayr\u0131ca bozgun, i\u015fgal, sel, yang\u0131n, deprem ve cinayet gibi fel\u00e2ket ve \u00fcz\u00fcc\u00fc olaylar\u0131n meydana gelmesi de toplumun haf\u0131zas\u0131nda yer ederek uzun y\u0131llar unutulmamas\u0131n\u0131 sa\u011flam\u0131\u015ft\u0131r. Orta Asya\u2019dan ba\u015flay\u0131p Anadolu ve Balkanlara ve Ortado\u011fu\u2019ya, K\u0131r\u0131m\u2019dan Hicaz ve Yemen\u2019e, Kafkasya\u2019dan Cezayir\u2019e kadar uzanan geni\u015f bir co\u011frafyada ya\u015fanan olaylar\u0131n ortak haf\u0131zas\u0131 olan t\u00fcrk\u00fclerin \u00f6nemi bu bak\u0131mdan b\u00fcy\u00fckt\u00fcr.Olay t\u00fcrk\u00fclerinin as\u0131l \u00f6nemli yan\u0131 ise geni\u015f bir co\u011frafyaya yay\u0131lm\u0131\u015f olan milletimizin ayn\u0131 ac\u0131 ve duygular\u0131 birlikte ya\u015famalar\u0131n\u0131 sa\u011flam\u0131\u015f olmas\u0131d\u0131r. Ceng\u00e2ver bir millet olan T\u00fcrkler her d\u00f6nemde destanlar yazm\u0131\u015ft\u0131r. Ma\u011flup oldu\u011fu zaman bile asil bir duru\u015f sergilemi\u015ftir. Osmanl\u0131\u2019n\u0131n son d\u00f6neminde imparatorlu\u011fun miras\u0131na g\u00f6z koyan le\u015f kargalar\u0131, milletimize b\u00fcy\u00fck ac\u0131lar ya\u015fatm\u0131\u015ft\u0131r. Balkanlarda, \u00c7anakkale\u2019de, Yemen ve Hicaz\u2019da, Ortado\u011fu\u2019da ya\u015fanan facialar\u0131 milletin belle\u011finde ya\u015fatan bu t\u00fcrk\u00fclerdir.\u0130\u015fte bu kitapta, s\u0131n\u0131rlar\u0131m\u0131z\u0131n d\u0131\u015f\u0131nda kalan Kerk\u00fck y\u00f6resinde g\u00fcn\u00fcm\u00fcze kadar ya\u015fayan olay t\u00fcrk\u00fclerini notalar\u0131 ile birlikte bulacaks\u0131n\u0131z.<\/p>\n","protected":false},"excerpt":{"rendered":"<p>Genellikle tarih\u00ee bir sava\u015f, zafer ve kahramanl\u0131k gibi toplumu derinden etkileyen olaylar\u0131n meydana gelmesi, o olaylar\u0131n \u015fiirle\u015ferek bestelenmesi sonucunu do\u011furmu\u015ftur. Osmanl\u0131 ordusundaki Mehter Musikisi veya M\u0131z\u0131ka-y\u0131<span class=\"excerpt-hellip\"> [\u2026]<\/span><\/p>\n","protected":false},"featured_media":0,"template":"","meta":{"_monsterinsights_skip_tracking":false,"_monsterinsights_sitenote_active":false,"_monsterinsights_sitenote_note":"","_monsterinsights_sitenote_category":0},"product_brand":[],"product_cat":[14591,14556],"product_tag":[],"class_list":{"0":"post-719423","1":"product","2":"type-product","3":"status-publish","5":"product_cat-genel-kavramlar-kuram-ve-tarihce","6":"product_cat-muzik","7":"pa_cilt-ciltsiz","8":"pa_tur-kitap","9":"pa_yayinevi-otuken-nesriyat","10":"pa_yazar-suphi-saatci","12":"first","13":"instock","14":"sale","15":"shipping-taxable","16":"purchasable","17":"product-type-simple"},"_links":{"self":[{"href":"https:\/\/roveyayinevi.com.tr\/index.php\/wp-json\/wp\/v2\/product\/719423","targetHints":{"allow":["GET"]}}],"collection":[{"href":"https:\/\/roveyayinevi.com.tr\/index.php\/wp-json\/wp\/v2\/product"}],"about":[{"href":"https:\/\/roveyayinevi.com.tr\/index.php\/wp-json\/wp\/v2\/types\/product"}],"wp:attachment":[{"href":"https:\/\/roveyayinevi.com.tr\/index.php\/wp-json\/wp\/v2\/media?parent=719423"}],"wp:term":[{"taxonomy":"product_brand","embeddable":true,"href":"https:\/\/roveyayinevi.com.tr\/index.php\/wp-json\/wp\/v2\/product_brand?post=719423"},{"taxonomy":"product_cat","embeddable":true,"href":"https:\/\/roveyayinevi.com.tr\/index.php\/wp-json\/wp\/v2\/product_cat?post=719423"},{"taxonomy":"product_tag","embeddable":true,"href":"https:\/\/roveyayinevi.com.tr\/index.php\/wp-json\/wp\/v2\/product_tag?post=719423"}],"curies":[{"name":"wp","href":"https:\/\/api.w.org\/{rel}","templated":true}]}}