{"id":719419,"date":"2025-08-27T18:21:46","date_gmt":"2025-08-27T15:21:46","guid":{"rendered":"https:\/\/roveyayinevi.com.tr\/index.php\/urun\/dunya-nasil-olustu-yaman-ve-onun-bitmek-bilmeyen-sorulari\/"},"modified":"2026-04-16T02:27:34","modified_gmt":"2026-04-15T23:27:34","slug":"dunya-nasil-olustu-yaman-ve-onun-bitmek-bilmeyen-sorulari","status":"publish","type":"product","link":"https:\/\/roveyayinevi.com.tr\/index.php\/urun\/dunya-nasil-olustu-yaman-ve-onun-bitmek-bilmeyen-sorulari\/","title":{"rendered":"D\u00fcnya Nas\u0131l Olu\u015ftu? &#8211; Yaman ve Onun Bitmek Bilmeyen Sorular\u0131"},"content":{"rendered":"<p>Yaman her \u00e7ocuk gibi merak ediyor, sorular soruyor. Onun sorular\u0131 her \u00e7ocu\u011fun merak etti\u011fi, yan\u0131t bekledi\u011fi konular \u00fcst\u00fcne.Anne ve babalar\u0131n \u00e7ocuklar\u0131yla birlikte okuyabilecekleri bu kitaplarda, Yaman\u2019\u0131n sorular\u0131 bitmek bilmiyor!Anneler ve babalar i\u00e7in haz\u0131rlanm\u0131\u015f \u00f6zel notlarla zenginle\u015ftirilmi\u015f YAMAN ve Onun Bitmek Bilmeyen Sorular\u0131 kitaplar\u0131 \u00e7ocuklar\u0131m\u0131z\u0131n hayata, d\u00fcnyaya, \u00e7evresine ili\u015fkin merak etti\u011fi sorulara nas\u0131l yan\u0131t vermemiz gerekti\u011fini bizlere g\u00f6steren bir rehber niteli\u011finde\u2026<\/p>\n","protected":false},"excerpt":{"rendered":"<p>Yaman her \u00e7ocuk gibi merak ediyor, sorular soruyor. Onun sorular\u0131 her \u00e7ocu\u011fun merak etti\u011fi, yan\u0131t bekledi\u011fi konular \u00fcst\u00fcne.Anne ve babalar\u0131n \u00e7ocuklar\u0131yla birlikte okuyabilecekleri bu kitaplarda, Yaman\u2019\u0131n<span class=\"excerpt-hellip\"> [\u2026]<\/span><\/p>\n","protected":false},"featured_media":0,"template":"","meta":{"_monsterinsights_skip_tracking":false,"_monsterinsights_sitenote_active":false,"_monsterinsights_sitenote_note":"","_monsterinsights_sitenote_category":0},"product_brand":[],"product_cat":[12274,12284],"product_tag":[],"class_list":{"0":"post-719419","1":"product","2":"type-product","3":"status-publish","5":"product_cat-cocuk-ve-genclik-kitaplari","6":"product_cat-hikayeler","7":"pa_cilt-ciltsiz","8":"pa_tur-kitap","9":"pa_yayinevi-timas-cocuk","10":"pa_yazar-kolektif","12":"first","13":"instock","14":"sale","15":"shipping-taxable","16":"purchasable","17":"product-type-simple"},"_links":{"self":[{"href":"https:\/\/roveyayinevi.com.tr\/index.php\/wp-json\/wp\/v2\/product\/719419","targetHints":{"allow":["GET"]}}],"collection":[{"href":"https:\/\/roveyayinevi.com.tr\/index.php\/wp-json\/wp\/v2\/product"}],"about":[{"href":"https:\/\/roveyayinevi.com.tr\/index.php\/wp-json\/wp\/v2\/types\/product"}],"wp:attachment":[{"href":"https:\/\/roveyayinevi.com.tr\/index.php\/wp-json\/wp\/v2\/media?parent=719419"}],"wp:term":[{"taxonomy":"product_brand","embeddable":true,"href":"https:\/\/roveyayinevi.com.tr\/index.php\/wp-json\/wp\/v2\/product_brand?post=719419"},{"taxonomy":"product_cat","embeddable":true,"href":"https:\/\/roveyayinevi.com.tr\/index.php\/wp-json\/wp\/v2\/product_cat?post=719419"},{"taxonomy":"product_tag","embeddable":true,"href":"https:\/\/roveyayinevi.com.tr\/index.php\/wp-json\/wp\/v2\/product_tag?post=719419"}],"curies":[{"name":"wp","href":"https:\/\/api.w.org\/{rel}","templated":true}]}}