{"id":719410,"date":"2025-08-27T18:21:40","date_gmt":"2025-08-27T15:21:40","guid":{"rendered":"https:\/\/roveyayinevi.com.tr\/index.php\/urun\/kahinin-pesinde\/"},"modified":"2026-04-16T02:27:33","modified_gmt":"2026-04-15T23:27:33","slug":"kahinin-pesinde","status":"publish","type":"product","link":"https:\/\/roveyayinevi.com.tr\/index.php\/urun\/kahinin-pesinde\/","title":{"rendered":"Kahin\u2019in Pe\u015finde"},"content":{"rendered":"<p>\u201cBu roman beklentinizi kar\u015f\u0131lamakla kalmay\u0131p \u00fcst\u00fcne \u00e7\u0131kacak. Y\u00fcrek, zek\u00e2, gerilim, a\u015fk ve hepsinden \u00f6nemlisi bol bol kahkaha bar\u0131nd\u0131r\u0131yor.\u201dKirkus ReviewsHarper Price\u2019\u0131n hayat\u0131 neredeyse normale d\u00f6nm\u00fc\u015ft\u00fc. Eforlar, son sald\u0131r\u0131lar\u0131ndan beri bir daha ortaya \u00e7\u0131kmam\u0131\u015ft\u0131 ve gizemli bir \u015fekilde kaybolan Bee geri gelmi\u015fti. Art\u0131k Harper hayat\u0131ndaki \u00f6nemli meselelere odaklanabilirdi: okul, David\u2019le sarma\u015f dola\u015f vakit ge\u00e7irmek ve hatta Pine Grove G\u00fczellik Yar\u0131\u015fmas\u0131\u2019na kat\u0131lmak.Ancak kahramanl\u0131k g\u00f6revi hi\u00e7bir zaman bitmiyordu. Eforlar, David\u2019i \u00f6ld\u00fcrmek yerine e\u011fitmeye karar vermi\u015fti. Tek bir sorun vard\u0131: Harper\u2019\u0131n ona kat\u0131lmas\u0131 i\u00e7in \u00e7etin bir imtihandan ge\u00e7mesi gerekiyordu. Bu imtihan onu ya daha da g\u00fc\u00e7l\u00fc k\u0131lacak ya da\u2026 \u00f6ld\u00fcrecekti.\u201cHarper\u2019\u0131n keskin dili, kitab\u0131n s\u00fcr\u00fckleyici aksiyonuna ho\u015f bir mizah kat\u0131yor. Pine Grove\u2019un sakin havas\u0131 Eforlar\u0131n beklenen sald\u0131r\u0131 tehdidiyle bir z\u0131tl\u0131k yarat\u0131yor ve kitab\u0131 elinizden b\u0131rakmay\u0131 imkans\u0131z hale getiriyor.\u201dBooklist\u201cHem \u015fa\u015f\u0131rt\u0131c\u0131 hem de e\u011flenceli.\u201dBCCB, starred review\u201cB\u00fcy\u00fc ve cazibeyle dolu, s\u00fcr\u00fckleyici bir hikaye.\u201dVOYA\u201cRomantizmi, ba\u015far\u0131l\u0131 kurgulanm\u0131\u015f karakterleri ve inan\u0131lmaz bir mizah anlay\u0131\u015f\u0131yla okurlar\u0131 kendine \u00e7ekece\u011fi kesin.\u201dBooklist<\/p>\n","protected":false},"excerpt":{"rendered":"<p>\u201cBu roman beklentinizi kar\u015f\u0131lamakla kalmay\u0131p \u00fcst\u00fcne \u00e7\u0131kacak. Y\u00fcrek, zek\u00e2, gerilim, a\u015fk ve hepsinden \u00f6nemlisi bol bol kahkaha bar\u0131nd\u0131r\u0131yor.\u201dKirkus ReviewsHarper Price\u2019\u0131n hayat\u0131 neredeyse normale d\u00f6nm\u00fc\u015ft\u00fc. Eforlar, son<span class=\"excerpt-hellip\"> [\u2026]<\/span><\/p>\n","protected":false},"featured_media":0,"template":"","meta":{"_monsterinsights_skip_tracking":false,"_monsterinsights_sitenote_active":false,"_monsterinsights_sitenote_note":"","_monsterinsights_sitenote_category":0},"product_brand":[],"product_cat":[12291,12711],"product_tag":[],"class_list":{"0":"post-719410","1":"product","2":"type-product","3":"status-publish","5":"product_cat-edebiyat","6":"product_cat-roman-oyku","7":"pa_cilt-ciltsiz","8":"pa_tur-kitap","9":"pa_yayinevi-epsilon-yayinlari","10":"pa_yazar-rachel-hawkins","12":"first","13":"instock","14":"sale","15":"shipping-taxable","16":"purchasable","17":"product-type-simple"},"_links":{"self":[{"href":"https:\/\/roveyayinevi.com.tr\/index.php\/wp-json\/wp\/v2\/product\/719410","targetHints":{"allow":["GET"]}}],"collection":[{"href":"https:\/\/roveyayinevi.com.tr\/index.php\/wp-json\/wp\/v2\/product"}],"about":[{"href":"https:\/\/roveyayinevi.com.tr\/index.php\/wp-json\/wp\/v2\/types\/product"}],"wp:attachment":[{"href":"https:\/\/roveyayinevi.com.tr\/index.php\/wp-json\/wp\/v2\/media?parent=719410"}],"wp:term":[{"taxonomy":"product_brand","embeddable":true,"href":"https:\/\/roveyayinevi.com.tr\/index.php\/wp-json\/wp\/v2\/product_brand?post=719410"},{"taxonomy":"product_cat","embeddable":true,"href":"https:\/\/roveyayinevi.com.tr\/index.php\/wp-json\/wp\/v2\/product_cat?post=719410"},{"taxonomy":"product_tag","embeddable":true,"href":"https:\/\/roveyayinevi.com.tr\/index.php\/wp-json\/wp\/v2\/product_tag?post=719410"}],"curies":[{"name":"wp","href":"https:\/\/api.w.org\/{rel}","templated":true}]}}