{"id":719409,"date":"2025-08-27T18:21:39","date_gmt":"2025-08-27T15:21:39","guid":{"rendered":"https:\/\/roveyayinevi.com.tr\/index.php\/urun\/kirlangiclar-manastiri\/"},"modified":"2026-04-16T02:27:33","modified_gmt":"2026-04-15T23:27:33","slug":"kirlangiclar-manastiri","status":"publish","type":"product","link":"https:\/\/roveyayinevi.com.tr\/index.php\/urun\/kirlangiclar-manastiri\/","title":{"rendered":"K\u0131rlang\u0131\u00e7lar Manast\u0131r\u0131"},"content":{"rendered":"<p>\u201c\u0130lk kitab\u0131 Sava\u015f Gelinleri\u2019ni okudu\u011fum andan itibaren, Helen Bryan\u2019\u0131n geni\u015f bir okur kitlesine sesini duyurabilece\u011finin fark\u0131ndayd\u0131m. \u0130lgi \u00e7ekici hik\u00e2yeleri ve e\u015fsiz karakterleriyle b\u00fcy\u00fck yank\u0131 uyand\u0131raca\u011f\u0131ndan \u015f\u00fcphem yoktu. D\u00fcnya \u00e7ap\u0131nda bir milyon okur taraf\u0131ndan ke\u015ffedilip sevilen bir yazar haline gelmesinden mutluluk duyuyoruz.\u201dTerry Goodman, Amazon Publishing\u201c\u0130lk i\u015faretler aral\u0131k ay\u0131nda belirdi. Il\u0131k denizler, bal\u0131k\u00e7\u0131lar\u0131n a\u011flar\u0131na \u00f6l\u00fc bal\u0131klar getirmeyi s\u00fcrd\u00fcrd\u00fc. Endi\u015feli kad\u0131nlar mum yak\u0131p Tanr\u0131\u2019ya, Meryem Ana\u2019ya ve El Ni\u00f1o\u2019yu engelleyecek azizlere yalvarmak i\u00e7in kiliselere dolu\u015ftular. \u0130nsanlar korku i\u00e7inde \u00f6\u011fle vakti kapkara olan g\u00f6\u011fe bak\u0131p ha\u00e7 \u00e7\u0131kar\u0131yor, esen r\u00fczg\u00e2ra ve \u015fiddetli ya\u011fmura kar\u015f\u0131 dualar m\u0131r\u0131ldan\u0131yorlard\u0131. G\u00f6k giderek al\u00e7al\u0131p r\u00fczg\u00e2r sertle\u015fince eski ve karanl\u0131k tanr\u0131lar\u0131na yakarmaya ba\u015flad\u0131lar.\u201dOn dokuz ya\u015f\u0131ndaki Menina Walker, korkun\u00e7 bir trajediyle bozulan ni\u015fan\u0131n\u0131n ard\u0131ndan mutsuzlu\u011funu g\u00f6mmek ve gecikmi\u015f mezuniyet tezini yazmak i\u00e7in \u0130spanya\u2019ya gider. Hen\u00fcz k\u00fc\u00e7\u00fck bir bebekken Amerikal\u0131 Walker \u00e7ifti taraf\u0131ndan evlat edinilmi\u015f olan Menina, \u00e7ok ge\u00e7meden bu yolculu\u011fun onu farkl\u0131 bir k\u0131tadan ziyade, ge\u00e7mi\u015fe g\u00f6t\u00fcrd\u00fc\u011f\u00fcn\u00fcn fark\u0131na varacakt\u0131r.16. y\u00fczy\u0131lda ya\u015fay\u0131p eserlerine k\u00fc\u00e7\u00fck bir k\u0131rlang\u0131\u00e7 resmi \u00e7izerek imza atan Tristan Mendoza, gen\u00e7 kad\u0131n\u0131n ara\u015ft\u0131rma konusu olmakla birlikte, ger\u00e7ek ailesinden miras kalan gizemli madalyonu da de\u015fifre edebilecek tek ipucuna d\u00f6n\u00fc\u015fm\u00fc\u015ft\u00fcr. Engizisyon\u2019un \u00f6l\u00fcmc\u00fcl egemenli\u011finde ge\u00e7en karanl\u0131k d\u00f6nemlerden beri ayakta kalm\u0131\u015f K\u0131rlang\u0131\u00e7lar Manast\u0131r\u0131\u2019na vard\u0131\u011f\u0131ndaysa, att\u0131\u011f\u0131 her ad\u0131mla inan\u00e7 tarihinin en b\u00fcy\u00fck ke\u015fiflerinden birini yapmaya yakla\u015facakt\u0131r.    \u201cK\u0131rlang\u0131\u00e7lar Manast\u0131r\u0131\u2019nda hayran kal\u0131nacak \u00e7ok fazla \u015fey var&#8230; Helen Bryan\u2019\u0131n bu roman i\u00e7in yapt\u0131\u011f\u0131 ara\u015ft\u0131rma, \u0130spanya ve G\u00fcney Amerika\u2019n\u0131n on alt\u0131nc\u0131 y\u00fczy\u0131l\u0131n\u0131 b\u00fcy\u00fcleyici bir bi\u00e7imde resmediyor. H\u0131ristiyanl\u0131\u011f\u0131n erkek egemen yap\u0131s\u0131na alternatif olacak bir ke\u015fifte bulunmak isteyenler, bu kitab\u0131 \u00e7ok sevecekler!\u201dHistorical Novels Review<\/p>\n","protected":false},"excerpt":{"rendered":"<p>\u201c\u0130lk kitab\u0131 Sava\u015f Gelinleri\u2019ni okudu\u011fum andan itibaren, Helen Bryan\u2019\u0131n geni\u015f bir okur kitlesine sesini duyurabilece\u011finin fark\u0131ndayd\u0131m. \u0130lgi \u00e7ekici hik\u00e2yeleri ve e\u015fsiz karakterleriyle b\u00fcy\u00fck yank\u0131 uyand\u0131raca\u011f\u0131ndan \u015f\u00fcphem<span class=\"excerpt-hellip\"> [\u2026]<\/span><\/p>\n","protected":false},"featured_media":0,"template":"","meta":{"_monsterinsights_skip_tracking":false,"_monsterinsights_sitenote_active":false,"_monsterinsights_sitenote_note":"","_monsterinsights_sitenote_category":0},"product_brand":[],"product_cat":[12291,12711],"product_tag":[],"class_list":{"0":"post-719409","1":"product","2":"type-product","3":"status-publish","5":"product_cat-edebiyat","6":"product_cat-roman-oyku","7":"pa_cilt-ciltsiz","8":"pa_tur-kitap","9":"pa_yayinevi-epsilon-yayinlari","10":"pa_yazar-helen-bryan","12":"first","13":"instock","14":"sale","15":"shipping-taxable","16":"purchasable","17":"product-type-simple"},"_links":{"self":[{"href":"https:\/\/roveyayinevi.com.tr\/index.php\/wp-json\/wp\/v2\/product\/719409","targetHints":{"allow":["GET"]}}],"collection":[{"href":"https:\/\/roveyayinevi.com.tr\/index.php\/wp-json\/wp\/v2\/product"}],"about":[{"href":"https:\/\/roveyayinevi.com.tr\/index.php\/wp-json\/wp\/v2\/types\/product"}],"wp:attachment":[{"href":"https:\/\/roveyayinevi.com.tr\/index.php\/wp-json\/wp\/v2\/media?parent=719409"}],"wp:term":[{"taxonomy":"product_brand","embeddable":true,"href":"https:\/\/roveyayinevi.com.tr\/index.php\/wp-json\/wp\/v2\/product_brand?post=719409"},{"taxonomy":"product_cat","embeddable":true,"href":"https:\/\/roveyayinevi.com.tr\/index.php\/wp-json\/wp\/v2\/product_cat?post=719409"},{"taxonomy":"product_tag","embeddable":true,"href":"https:\/\/roveyayinevi.com.tr\/index.php\/wp-json\/wp\/v2\/product_tag?post=719409"}],"curies":[{"name":"wp","href":"https:\/\/api.w.org\/{rel}","templated":true}]}}