{"id":719408,"date":"2025-08-27T18:21:38","date_gmt":"2025-08-27T15:21:38","guid":{"rendered":"https:\/\/roveyayinevi.com.tr\/index.php\/urun\/cro-magnon\/"},"modified":"2026-04-16T02:27:33","modified_gmt":"2026-04-15T23:27:33","slug":"cro-magnon","status":"publish","type":"product","link":"https:\/\/roveyayinevi.com.tr\/index.php\/urun\/cro-magnon\/","title":{"rendered":"Cro Magnon"},"content":{"rendered":"<p>Karla kapl\u0131 bir du\u0308nyada keskin zek\u00e2lar\u0131 sayesinde hayatta kald\u0131lar. Boylar\u0131ndan bu\u0308yu\u0308k hayvanlar\u0131 avlad\u0131lar, bazen de onlara yem oldular. Me\u015falelerin titrek \u0131\u015f\u0131\u011f\u0131 alt\u0131nda ma\u011fara duvarlar\u0131na bizon, geyik, mamut resimleri \u00e7izdiler. Bu resimler bugu\u0308n bile hayranl\u0131k uyand\u0131r\u0131yor. Yonttuklar\u0131 heykelciklere \u015fa\u015fk\u0131nl\u0131kla bak\u0131yoruz. Yapt\u0131klar\u0131 alet ve silahlar\u0131n arkas\u0131nda yatan teknolojik ak\u0131l bizi etkiliyor. Arkeologlar onlara Cro-Magnon diyor. Onlar yakla\u015f\u0131k 40.000 y\u0131l \u00f6nce Avrupa\u2019n\u0131n \u00e7e\u015fitli yerlerinde ya\u015famaya ba\u015flayan, anatomik olarak ilk modern insanlar, Avrupa\u2019n\u0131n ilk sakinleri. Y\u0131rt\u0131c\u0131larla, rakip bir tu\u0308r olan Neandertallerle ve \u00e7ok sert iklim ko\u015fullar\u0131yla girdikleri mu\u0308cadeleden galip \u00e7\u0131kt\u0131lar. Brian Fagan bu ilk Avrupa ku\u0308ltu\u0308ru\u0308nu\u0308n Afrika\u2019dan neler getirdi\u011fini, Avrupa\u2019da hangi geli\u015fmeleri kaydettiklerini ve i\u00e7inde ya\u015fad\u0131klar\u0131 Buzul \u00c7a\u011f\u0131 ikliminin bu ku\u0308ltu\u0308ru\u0308n geli\u015fimi u\u0308zerindeki etkilerini yal\u0131n bir dille a\u00e7\u0131kl\u0131yor. <\/p>\n","protected":false},"excerpt":{"rendered":"<p>Karla kapl\u0131 bir du\u0308nyada keskin zek\u00e2lar\u0131 sayesinde hayatta kald\u0131lar. Boylar\u0131ndan bu\u0308yu\u0308k hayvanlar\u0131 avlad\u0131lar, bazen de onlara yem oldular. Me\u015falelerin titrek \u0131\u015f\u0131\u011f\u0131 alt\u0131nda ma\u011fara duvarlar\u0131na bizon, geyik,<span class=\"excerpt-hellip\"> [\u2026]<\/span><\/p>\n","protected":false},"featured_media":0,"template":"","meta":{"_monsterinsights_skip_tracking":false,"_monsterinsights_sitenote_active":false,"_monsterinsights_sitenote_note":"","_monsterinsights_sitenote_category":0},"product_brand":[],"product_cat":[13005,13006],"product_tag":[],"class_list":{"0":"post-719408","1":"product","2":"type-product","3":"status-publish","5":"product_cat-bilim-muhendislik","6":"product_cat-populer-bilim","7":"pa_cilt-ciltsiz","8":"pa_tur-kitap","9":"pa_yayinevi-say-yayinlari","10":"pa_yazar-brian-fagan","12":"first","13":"instock","14":"sale","15":"shipping-taxable","16":"purchasable","17":"product-type-simple"},"_links":{"self":[{"href":"https:\/\/roveyayinevi.com.tr\/index.php\/wp-json\/wp\/v2\/product\/719408","targetHints":{"allow":["GET"]}}],"collection":[{"href":"https:\/\/roveyayinevi.com.tr\/index.php\/wp-json\/wp\/v2\/product"}],"about":[{"href":"https:\/\/roveyayinevi.com.tr\/index.php\/wp-json\/wp\/v2\/types\/product"}],"wp:attachment":[{"href":"https:\/\/roveyayinevi.com.tr\/index.php\/wp-json\/wp\/v2\/media?parent=719408"}],"wp:term":[{"taxonomy":"product_brand","embeddable":true,"href":"https:\/\/roveyayinevi.com.tr\/index.php\/wp-json\/wp\/v2\/product_brand?post=719408"},{"taxonomy":"product_cat","embeddable":true,"href":"https:\/\/roveyayinevi.com.tr\/index.php\/wp-json\/wp\/v2\/product_cat?post=719408"},{"taxonomy":"product_tag","embeddable":true,"href":"https:\/\/roveyayinevi.com.tr\/index.php\/wp-json\/wp\/v2\/product_tag?post=719408"}],"curies":[{"name":"wp","href":"https:\/\/api.w.org\/{rel}","templated":true}]}}